{"id":16662,"date":"2018-04-07T18:56:44","date_gmt":"2018-04-07T18:56:44","guid":{"rendered":"https:\/\/pauquette.com\/servicios-de-salud-mental\/evaluacion-y-pruebas-psicologicas-evaluacion-psicologica-test-de-salud-mental\/"},"modified":"2025-05-29T20:59:46","modified_gmt":"2025-05-29T20:59:46","slug":"evaluacion-y-pruebas-psicologicas-evaluacion-psicologica-test-de-salud-mental","status":"publish","type":"page","link":"https:\/\/pauquette.com\/es\/servicios-de-salud-mental\/evaluacion-y-pruebas-psicologicas-evaluacion-psicologica-test-de-salud-mental\/","title":{"rendered":"Evaluaci\u00f3n y Pruebas Psicol\u00f3gicas, Evaluaci\u00f3n Psicol\u00f3gica, Test de Salud Mental"},"content":{"rendered":"<div class=\"fusion-fullwidth fullwidth-box fusion-builder-row-1 has-pattern-background has-mask-background nonhundred-percent-fullwidth non-hundred-percent-height-scrolling\" style=\"--awb-border-radius-top-left:0px;--awb-border-radius-top-right:0px;--awb-border-radius-bottom-right:0px;--awb-border-radius-bottom-left:0px;--awb-flex-wrap:wrap;\" ><div class=\"fusion-builder-row fusion-row\"><div class=\"fusion-layout-column fusion_builder_column fusion-builder-column-0 fusion_builder_column_1_1 1_1 fusion-one-full fusion-column-first fusion-column-last\" style=\"--awb-bg-blend:overlay;--awb-bg-size:cover;--awb-margin-bottom:0px;\"><div class=\"fusion-column-wrapper fusion-flex-column-wrapper-legacy\"><div class=\"fusion-text fusion-text-1\"><h1>Evaluaci\u00f3n y pruebas psicol\u00f3gicas<\/h1>\n<\/div><div class=\"fusion-clearfix\"><\/div><\/div><\/div><div class=\"fusion-layout-column fusion_builder_column fusion-builder-column-1 fusion_builder_column_3_5 3_5 fusion-three-fifth fusion-column-first\" style=\"--awb-bg-size:cover;width:60%;width:calc(60% - ( ( 4% ) * 0.6 ) );margin-right: 4%;\"><div class=\"fusion-column-wrapper fusion-column-has-shadow fusion-flex-column-wrapper-legacy\"><div class=\"fusion-text fusion-text-2\"><p class=\"p1\">Las evaluaciones psicol\u00f3gicas las realiza un psic\u00f3logo licenciado. Estamos especializados en pruebas y evaluaciones psicol\u00f3gicas completas para ni\u00f1os, adolescentes y adultos. Las evaluaciones se realizan a menudo para aclarar diagn\u00f3sticos de Trastorno por D\u00e9ficit de Atenci\u00f3n e Hiperactividad (TDAH), Trastorno del Espectro Autista (TEA), trastornos del estado de \u00e1nimo o del comportamiento, u otras diferencias cognitivas o de personalidad.<\/p>\n<p class=\"p1\">Ten en cuenta que las pruebas de TEA est\u00e1n disponibles para los menores de 25 a\u00f1os. Las personas mayores de 25 a\u00f1os deben hablar con su terapeuta del Centro Pauquette para determinar si la prueba es adecuada. No ofrecemos pruebas de TEA a mayores de 25 a\u00f1os que no est\u00e9n en psicoterapia.<\/p>\n<h2 class=\"p1\"><span class=\"s1\">Realizamos una evaluaci\u00f3n exhaustiva de las aptitudes en las siguientes \u00e1reas:<\/span><\/h2>\n<div>\n<ul>\n<li>TDAH<\/li>\n<li>Autismo<\/li>\n<li>Competencia para ser juzgado<\/li>\n<li>Tutela<\/li>\n<li>Funcionamiento intelectual\/cognitivo<\/li>\n<li>Personalidad<\/li>\n<li>Ser padres<\/li>\n<li>IGN<\/li>\n<li>Evaluaciones VA<\/li>\n<li>Y mucho, \u00a1mucho m\u00e1s!<\/li>\n<\/ul>\n<\/div>\n<\/div><div class=\"fusion-text fusion-text-3\"><h2>Qu\u00e9 esperar:<\/h2>\n<p class=\"p1\">Debido a la gran demanda, la lista de espera para las pruebas es de entre tres y seis meses.<\/p>\n<h3 class=\"p1\">Las pruebas implican:<\/h3>\n<\/div><ul style=\"--awb-line-height:27.2px;--awb-icon-width:27.2px;--awb-icon-height:27.2px;--awb-icon-margin:11.2px;--awb-content-margin:38.4px;--awb-circlecolor:var(--awb-custom11);--awb-circle-yes-font-size:14.08px;\" class=\"fusion-checklist fusion-checklist-1 fusion-checklist-default type-icons\"><li class=\"fusion-li-item\" style=\"\"><span class=\"icon-wrapper circle-yes\"><i class=\"fusion-li-icon fa-clipboard-list fas\" aria-hidden=\"true\"><\/i><\/span><div class=\"fusion-li-item-content\">Revisi\u00f3n de registros: \u00a1cuantos m\u00e1s, mejor! Al revisar los registros (salud mental anterior, escuela, pruebas, etc.) empezamos a desarrollar una visi\u00f3n detallada de la vida de nuestro cliente<\/div><\/li><li class=\"fusion-li-item\" style=\"\"><span class=\"icon-wrapper circle-yes\"><i class=\"fusion-li-icon fa-clipboard-list fas\" aria-hidden=\"true\"><\/i><\/span><div class=\"fusion-li-item-content\">Entrevista cl\u00ednica: nos tomaremos el tiempo necesario para conocer tu nivel actual de funcionamiento o el de tu hijo y nos aseguraremos de obtener un historial psicosocial completo.<\/div><\/li><li class=\"fusion-li-item\" style=\"\"><span class=\"icon-wrapper circle-yes\"><i class=\"fusion-li-icon fa-clipboard-list fas\" aria-hidden=\"true\"><\/i><\/span><div class=\"fusion-li-item-content\">Pruebas &#8211; Dependiendo del n\u00famero de pruebas que se administren, este proceso puede durar varias horas o realizarse en varias citas. Tu cl\u00ednico trabajar\u00e1 contigo para que sepas qu\u00e9 puedes esperar.<\/div><\/li><\/ul><div class=\"fusion-sep-clear\"><\/div><div class=\"fusion-separator fusion-full-width-sep\" style=\"margin-left: auto;margin-right: auto;margin-top:4%;width:100%;\"><\/div><div class=\"fusion-sep-clear\"><\/div><div class=\"fusion-clearfix\"><\/div><\/div><\/div><div class=\"fusion-layout-column fusion_builder_column fusion-builder-column-2 fusion_builder_column_2_5 2_5 fusion-two-fifth fusion-column-last\" style=\"--awb-bg-size:cover;width:40%;width:calc(40% - ( ( 4% ) * 0.4 ) );\"><div class=\"fusion-column-wrapper fusion-column-has-shadow fusion-flex-column-wrapper-legacy\"><div class=\"fusion-text fusion-text-4\"><p>Para que los seguros reembolsen a los proveedores las Pruebas Psicol\u00f3gicas, \u00e9stas deben ser M\u00e9dicamente Necesarias.<\/p>\n<p>La Necesidad M\u00e9dica se define como \u201cun servicio que, en opini\u00f3n del proveedor de servicios primario, es necesario para prevenir el empeoramiento de una afecci\u00f3n, establecer un diagn\u00f3stico y\/o ayudar al individuo cubierto a alcanzar la m\u00e1xima capacidad funcional\u201d.<\/p>\n<p>Por ello, pedimos a los proveedores que cumplimenten el formulario de remisi\u00f3n.<\/p>\n<\/div><div class=\"fusion-alignleft\"><a class=\"fusion-button button-flat fusion-button-default-size button-default fusion-button-default button-1 fusion-button-default-span fusion-button-default-type\" target=\"_blank\" rel=\"noopener noreferrer\" href=\"https:\/\/docs.google.com\/forms\/d\/e\/1FAIpQLSc4WyPziERRUjgeejM77Y8JNBt_Vw1AhmnsfXkwaqkhvp_j4g\/viewform\"><span class=\"fusion-button-icon-divider button-icon-divider-left\"><i class=\"fa-hand-point-right fas awb-button__icon awb-button__icon--default\" aria-hidden=\"true\"><\/i><\/span><span class=\"fusion-button-text awb-button__text awb-button__text--default fusion-button-text-left\">Haz clic aqu\u00ed para una recomendaci\u00f3n<\/span><\/a><\/div><div class=\"fusion-sep-clear\"><\/div><div class=\"fusion-separator fusion-full-width-sep\" style=\"margin-left: auto;margin-right: auto;margin-top:4%;width:100%;\"><\/div><div class=\"fusion-sep-clear\"><\/div><div class=\"fusion-image-element in-legacy-container\" style=\"--awb-caption-title-font-family:var(--h2_typography-font-family);--awb-caption-title-font-weight:var(--h2_typography-font-weight);--awb-caption-title-font-style:var(--h2_typography-font-style);--awb-caption-title-size:var(--h2_typography-font-size);--awb-caption-title-transform:var(--h2_typography-text-transform);--awb-caption-title-line-height:var(--h2_typography-line-height);--awb-caption-title-letter-spacing:var(--h2_typography-letter-spacing);\"><span class=\" fusion-imageframe imageframe-none imageframe-1 hover-type-none\"><img data-recalc-dims=\"1\" decoding=\"async\" width=\"1280\" height=\"561\" title=\"Psychological Test\" src=\"https:\/\/i0.wp.com\/pauquette.com\/wp-content\/uploads\/2024\/10\/Psychological-Test.jpg?resize=1280%2C561&#038;ssl=1\" alt class=\"img-responsive wp-image-16498\" srcset=\"https:\/\/i0.wp.com\/pauquette.com\/wp-content\/uploads\/2024\/10\/Psychological-Test.jpg?resize=199%2C87&amp;ssl=1 199w, https:\/\/i0.wp.com\/pauquette.com\/wp-content\/uploads\/2024\/10\/Psychological-Test.jpg?resize=200%2C88&amp;ssl=1 200w, https:\/\/i0.wp.com\/pauquette.com\/wp-content\/uploads\/2024\/10\/Psychological-Test.jpg?resize=322%2C141&amp;ssl=1 322w, https:\/\/i0.wp.com\/pauquette.com\/wp-content\/uploads\/2024\/10\/Psychological-Test.jpg?resize=400%2C175&amp;ssl=1 400w, https:\/\/i0.wp.com\/pauquette.com\/wp-content\/uploads\/2024\/10\/Psychological-Test.jpg?resize=522%2C229&amp;ssl=1 522w, https:\/\/i0.wp.com\/pauquette.com\/wp-content\/uploads\/2024\/10\/Psychological-Test.jpg?resize=600%2C263&amp;ssl=1 600w, https:\/\/i0.wp.com\/pauquette.com\/wp-content\/uploads\/2024\/10\/Psychological-Test.jpg?resize=768%2C337&amp;ssl=1 768w, https:\/\/i0.wp.com\/pauquette.com\/wp-content\/uploads\/2024\/10\/Psychological-Test.jpg?resize=800%2C351&amp;ssl=1 800w, https:\/\/i0.wp.com\/pauquette.com\/wp-content\/uploads\/2024\/10\/Psychological-Test.jpg?resize=1200%2C526&amp;ssl=1 1200w, https:\/\/i0.wp.com\/pauquette.com\/wp-content\/uploads\/2024\/10\/Psychological-Test.jpg?w=1280&amp;ssl=1 1280w\" sizes=\"(max-width: 800px) 100vw, 600px\" \/><\/span><\/div><div class=\"fusion-sep-clear\"><\/div><div class=\"fusion-separator fusion-full-width-sep\" style=\"margin-left: auto;margin-right: auto;margin-top:6%;width:100%;\"><\/div><div class=\"fusion-sep-clear\"><\/div><div class=\"fusion-text fusion-text-5\"><p>Si tienes alguna pregunta, ponte en <span style=\"color: var(--awb-text-color); font-family: var(--awb-text-font-family); font-size: var(--awb-font-size); font-style: var(--awb-text-font-style); font-weight: var(--awb-text-font-weight); letter-spacing: var(--awb-letter-spacing); text-align: var(--awb-content-alignment); text-transform: var(--awb-text-transform); background-color: var(--awb-bg-color-hover);\">contacto con Angy en el (608) 742-5518 ext. 7122 o por correo electr\u00f3nico en <\/span><a href=\"agouker@pauquette.com\" target=\"_blank\" rel=\"noopener\">agouker@pauquette.com<\/a>.<\/p>\n<\/div><div class=\"fusion-button-wrapper\"><a class=\"fusion-button button-flat fusion-button-default-size button-default fusion-button-default button-2 fusion-button-default-span fusion-button-default-type\" target=\"_blank\" rel=\"noopener noreferrer\" href=\"https:\/\/pauquette.com\/wp-content\/uploads\/2025\/02\/Assessment-and-Testing.pdf\"><i class=\"fa-clipboard-check fas awb-button__icon awb-button__icon--default button-icon-left\" aria-hidden=\"true\"><\/i><span class=\"fusion-button-text awb-button__text awb-button__text--default\">Folleto sobre evaluaci\u00f3n y pruebas psicol\u00f3gicas<\/span><\/a><\/div><div class=\"fusion-clearfix\"><\/div><\/div><\/div><\/div><\/div>\n","protected":false},"excerpt":{"rendered":"","protected":false},"author":1,"featured_media":0,"parent":16654,"menu_order":23,"comment_status":"closed","ping_status":"closed","template":"","meta":{"footnotes":""},"class_list":["post-16662","page","type-page","status-publish","hentry"],"yoast_head":"<!-- This site is optimized with the Yoast SEO plugin v27.3 - https:\/\/yoast.com\/product\/yoast-seo-wordpress\/ -->\n<title>Servicios de Evaluaci\u00f3n y Pruebas Psicol\u00f3gicas | El Centro Pauquette<\/title>\n<meta name=\"description\" content=\"Nuestra evaluaci\u00f3n y pruebas psicol\u00f3gicas las realiza un psic\u00f3logo licenciado y comienzan con una entrevista cl\u00ednica.\" \/>\n<meta name=\"robots\" content=\"index, follow, max-snippet:-1, max-image-preview:large, max-video-preview:-1\" \/>\n<link rel=\"canonical\" href=\"https:\/\/pauquette.com\/es\/servicios-de-salud-mental\/evaluacion-y-pruebas-psicologicas-evaluacion-psicologica-test-de-salud-mental\/\" \/>\n<meta property=\"og:locale\" content=\"es_ES\" \/>\n<meta property=\"og:type\" content=\"article\" \/>\n<meta property=\"og:title\" content=\"Servicios de Evaluaci\u00f3n y Pruebas Psicol\u00f3gicas | El Centro Pauquette\" \/>\n<meta property=\"og:description\" content=\"Nuestra evaluaci\u00f3n y pruebas psicol\u00f3gicas las realiza un psic\u00f3logo licenciado y comienzan con una entrevista cl\u00ednica.\" \/>\n<meta property=\"og:url\" content=\"https:\/\/pauquette.com\/es\/servicios-de-salud-mental\/evaluacion-y-pruebas-psicologicas-evaluacion-psicologica-test-de-salud-mental\/\" \/>\n<meta property=\"og:site_name\" content=\"Pauquette Center\" \/>\n<meta property=\"article:publisher\" content=\"https:\/\/www.facebook.com\/pauquettecenter\" \/>\n<meta property=\"article:modified_time\" content=\"2025-05-29T20:59:46+00:00\" \/>\n<meta name=\"twitter:card\" content=\"summary_large_image\" \/>\n<meta name=\"twitter:label1\" content=\"Tiempo de lectura\" \/>\n\t<meta name=\"twitter:data1\" content=\"2 minutos\" \/>\n<script type=\"application\/ld+json\" class=\"yoast-schema-graph\">{\"@context\":\"https:\\\/\\\/schema.org\",\"@graph\":[{\"@type\":\"WebPage\",\"@id\":\"https:\\\/\\\/pauquette.com\\\/es\\\/servicios-de-salud-mental\\\/evaluacion-y-pruebas-psicologicas-evaluacion-psicologica-test-de-salud-mental\\\/\",\"url\":\"https:\\\/\\\/pauquette.com\\\/es\\\/servicios-de-salud-mental\\\/evaluacion-y-pruebas-psicologicas-evaluacion-psicologica-test-de-salud-mental\\\/\",\"name\":\"Servicios de Evaluaci\u00f3n y Pruebas Psicol\u00f3gicas | El Centro Pauquette\",\"isPartOf\":{\"@id\":\"https:\\\/\\\/pauquette.com\\\/es\\\/#website\"},\"datePublished\":\"2018-04-07T18:56:44+00:00\",\"dateModified\":\"2025-05-29T20:59:46+00:00\",\"description\":\"Nuestra evaluaci\u00f3n y pruebas psicol\u00f3gicas las realiza un psic\u00f3logo licenciado y comienzan con una entrevista cl\u00ednica.\",\"breadcrumb\":{\"@id\":\"https:\\\/\\\/pauquette.com\\\/es\\\/servicios-de-salud-mental\\\/evaluacion-y-pruebas-psicologicas-evaluacion-psicologica-test-de-salud-mental\\\/#breadcrumb\"},\"inLanguage\":\"es\",\"potentialAction\":[{\"@type\":\"ReadAction\",\"target\":[\"https:\\\/\\\/pauquette.com\\\/es\\\/servicios-de-salud-mental\\\/evaluacion-y-pruebas-psicologicas-evaluacion-psicologica-test-de-salud-mental\\\/\"]}]},{\"@type\":\"BreadcrumbList\",\"@id\":\"https:\\\/\\\/pauquette.com\\\/es\\\/servicios-de-salud-mental\\\/evaluacion-y-pruebas-psicologicas-evaluacion-psicologica-test-de-salud-mental\\\/#breadcrumb\",\"itemListElement\":[{\"@type\":\"ListItem\",\"position\":1,\"name\":\"Home\",\"item\":\"https:\\\/\\\/pauquette.com\\\/es\\\/pagina-de-inicio\\\/\"},{\"@type\":\"ListItem\",\"position\":2,\"name\":\"Servicios de Salud Mental\",\"item\":\"https:\\\/\\\/pauquette.com\\\/es\\\/servicios-de-salud-mental\\\/\"},{\"@type\":\"ListItem\",\"position\":3,\"name\":\"Evaluaci\u00f3n y Pruebas Psicol\u00f3gicas, Evaluaci\u00f3n Psicol\u00f3gica, Test de Salud Mental\"}]},{\"@type\":\"WebSite\",\"@id\":\"https:\\\/\\\/pauquette.com\\\/es\\\/#website\",\"url\":\"https:\\\/\\\/pauquette.com\\\/es\\\/\",\"name\":\"Pauquette Center\",\"description\":\"Compassionate professionals ready to serve your psychological needs.  Serving Columbia, Richland, Sauk, and adjacent counties.\",\"potentialAction\":[{\"@type\":\"SearchAction\",\"target\":{\"@type\":\"EntryPoint\",\"urlTemplate\":\"https:\\\/\\\/pauquette.com\\\/es\\\/?s={search_term_string}\"},\"query-input\":{\"@type\":\"PropertyValueSpecification\",\"valueRequired\":true,\"valueName\":\"search_term_string\"}}],\"inLanguage\":\"es\"}]}<\/script>\n<!-- \/ Yoast SEO plugin. -->","yoast_head_json":{"title":"Servicios de Evaluaci\u00f3n y Pruebas Psicol\u00f3gicas | El Centro Pauquette","description":"Nuestra evaluaci\u00f3n y pruebas psicol\u00f3gicas las realiza un psic\u00f3logo licenciado y comienzan con una entrevista cl\u00ednica.","robots":{"index":"index","follow":"follow","max-snippet":"max-snippet:-1","max-image-preview":"max-image-preview:large","max-video-preview":"max-video-preview:-1"},"canonical":"https:\/\/pauquette.com\/es\/servicios-de-salud-mental\/evaluacion-y-pruebas-psicologicas-evaluacion-psicologica-test-de-salud-mental\/","og_locale":"es_ES","og_type":"article","og_title":"Servicios de Evaluaci\u00f3n y Pruebas Psicol\u00f3gicas | El Centro Pauquette","og_description":"Nuestra evaluaci\u00f3n y pruebas psicol\u00f3gicas las realiza un psic\u00f3logo licenciado y comienzan con una entrevista cl\u00ednica.","og_url":"https:\/\/pauquette.com\/es\/servicios-de-salud-mental\/evaluacion-y-pruebas-psicologicas-evaluacion-psicologica-test-de-salud-mental\/","og_site_name":"Pauquette Center","article_publisher":"https:\/\/www.facebook.com\/pauquettecenter","article_modified_time":"2025-05-29T20:59:46+00:00","twitter_card":"summary_large_image","twitter_misc":{"Tiempo de lectura":"2 minutos"},"schema":{"@context":"https:\/\/schema.org","@graph":[{"@type":"WebPage","@id":"https:\/\/pauquette.com\/es\/servicios-de-salud-mental\/evaluacion-y-pruebas-psicologicas-evaluacion-psicologica-test-de-salud-mental\/","url":"https:\/\/pauquette.com\/es\/servicios-de-salud-mental\/evaluacion-y-pruebas-psicologicas-evaluacion-psicologica-test-de-salud-mental\/","name":"Servicios de Evaluaci\u00f3n y Pruebas Psicol\u00f3gicas | El Centro Pauquette","isPartOf":{"@id":"https:\/\/pauquette.com\/es\/#website"},"datePublished":"2018-04-07T18:56:44+00:00","dateModified":"2025-05-29T20:59:46+00:00","description":"Nuestra evaluaci\u00f3n y pruebas psicol\u00f3gicas las realiza un psic\u00f3logo licenciado y comienzan con una entrevista cl\u00ednica.","breadcrumb":{"@id":"https:\/\/pauquette.com\/es\/servicios-de-salud-mental\/evaluacion-y-pruebas-psicologicas-evaluacion-psicologica-test-de-salud-mental\/#breadcrumb"},"inLanguage":"es","potentialAction":[{"@type":"ReadAction","target":["https:\/\/pauquette.com\/es\/servicios-de-salud-mental\/evaluacion-y-pruebas-psicologicas-evaluacion-psicologica-test-de-salud-mental\/"]}]},{"@type":"BreadcrumbList","@id":"https:\/\/pauquette.com\/es\/servicios-de-salud-mental\/evaluacion-y-pruebas-psicologicas-evaluacion-psicologica-test-de-salud-mental\/#breadcrumb","itemListElement":[{"@type":"ListItem","position":1,"name":"Home","item":"https:\/\/pauquette.com\/es\/pagina-de-inicio\/"},{"@type":"ListItem","position":2,"name":"Servicios de Salud Mental","item":"https:\/\/pauquette.com\/es\/servicios-de-salud-mental\/"},{"@type":"ListItem","position":3,"name":"Evaluaci\u00f3n y Pruebas Psicol\u00f3gicas, Evaluaci\u00f3n Psicol\u00f3gica, Test de Salud Mental"}]},{"@type":"WebSite","@id":"https:\/\/pauquette.com\/es\/#website","url":"https:\/\/pauquette.com\/es\/","name":"Pauquette Center","description":"Compassionate professionals ready to serve your psychological needs.  Serving Columbia, Richland, Sauk, and adjacent counties.","potentialAction":[{"@type":"SearchAction","target":{"@type":"EntryPoint","urlTemplate":"https:\/\/pauquette.com\/es\/?s={search_term_string}"},"query-input":{"@type":"PropertyValueSpecification","valueRequired":true,"valueName":"search_term_string"}}],"inLanguage":"es"}]}},"jetpack_sharing_enabled":true,"jetpack_shortlink":"https:\/\/wp.me\/PakdW4-4kK","jetpack-related-posts":[{"id":16700,"url":"https:\/\/pauquette.com\/es\/nuestro-equipo\/","url_meta":{"origin":16662,"position":0},"title":"Nuestro equipo","author":"pauquette18","date":"11 de abril de 2018","format":false,"excerpt":"","rel":"","context":"Entrada similar","block_context":{"text":"Entrada similar","link":""},"img":{"alt_text":"","src":"","width":0,"height":0},"classes":[]},{"id":16645,"url":"https:\/\/pauquette.com\/es\/formulario-de-contacto-para-nuevos-clientes\/","url_meta":{"origin":16662,"position":1},"title":"Formulario de contacto para nuevos clientes","author":"pauquette18","date":"27 de abril de 2019","format":false,"excerpt":"","rel":"","context":"Entrada similar","block_context":{"text":"Entrada similar","link":""},"img":{"alt_text":"","src":"","width":0,"height":0},"classes":[]},{"id":555,"url":"https:\/\/pauquette.com\/contact-us\/","url_meta":{"origin":16662,"position":2},"title":"Contact Us","author":"pauquette18","date":"13 de abril de 2018","format":false,"excerpt":"","rel":"","context":"Entrada similar","block_context":{"text":"Entrada similar","link":""},"img":{"alt_text":"","src":"","width":0,"height":0},"classes":[]},{"id":16604,"url":"https:\/\/pauquette.com\/es\/contacta-con-nosotros\/faq-preguntas-mas-frecuentes\/","url_meta":{"origin":16662,"position":3},"title":"FAQ &#8211; Preguntas m\u00e1s frecuentes","author":"JoEllen Westendorf","date":"4 de febrero de 2025","format":false,"excerpt":"","rel":"","context":"Entrada similar","block_context":{"text":"Entrada similar","link":""},"img":{"alt_text":"","src":"","width":0,"height":0},"classes":[]},{"id":16615,"url":"https:\/\/pauquette.com\/es\/adrea-mcglynn-doctora-en-psicologia\/","url_meta":{"origin":16662,"position":4},"title":"Adrea McGlynn, Doctora en Psicolog\u00eda","author":"JoEllen Westendorf","date":"9 de enero de 2024","format":false,"excerpt":"","rel":"","context":"Entrada similar","block_context":{"text":"Entrada similar","link":""},"img":{"alt_text":"","src":"https:\/\/i0.wp.com\/pauquette.com\/wp-content\/uploads\/2024\/08\/I-speak-spanish-199x105.png?resize=350%2C200&ssl=1","width":350,"height":200},"classes":[]},{"id":16682,"url":"https:\/\/pauquette.com\/es\/oficinas-y-ubicaciones-del-centro-pauquette\/","url_meta":{"origin":16662,"position":5},"title":"Oficinas y ubicaciones del Centro Pauquette","author":"pauquette18","date":"12 de abril de 2018","format":false,"excerpt":"","rel":"","context":"Entrada similar","block_context":{"text":"Entrada similar","link":""},"img":{"alt_text":"","src":"","width":0,"height":0},"classes":[]}],"_links":{"self":[{"href":"https:\/\/pauquette.com\/es\/wp-json\/wp\/v2\/pages\/16662","targetHints":{"allow":["GET"]}}],"collection":[{"href":"https:\/\/pauquette.com\/es\/wp-json\/wp\/v2\/pages"}],"about":[{"href":"https:\/\/pauquette.com\/es\/wp-json\/wp\/v2\/types\/page"}],"author":[{"embeddable":true,"href":"https:\/\/pauquette.com\/es\/wp-json\/wp\/v2\/users\/1"}],"replies":[{"embeddable":true,"href":"https:\/\/pauquette.com\/es\/wp-json\/wp\/v2\/comments?post=16662"}],"version-history":[{"count":6,"href":"https:\/\/pauquette.com\/es\/wp-json\/wp\/v2\/pages\/16662\/revisions"}],"predecessor-version":[{"id":16816,"href":"https:\/\/pauquette.com\/es\/wp-json\/wp\/v2\/pages\/16662\/revisions\/16816"}],"up":[{"embeddable":true,"href":"https:\/\/pauquette.com\/es\/wp-json\/wp\/v2\/pages\/16654"}],"wp:attachment":[{"href":"https:\/\/pauquette.com\/es\/wp-json\/wp\/v2\/media?parent=16662"}],"curies":[{"name":"wp","href":"https:\/\/api.w.org\/{rel}","templated":true}]}}