{"id":16655,"date":"2018-04-07T18:12:30","date_gmt":"2018-04-07T18:12:30","guid":{"rendered":"https:\/\/pauquette.com\/servicios-de-salud-mental\/tratamiento-del-abuso-de-alcohol-y-otras-sustancias\/"},"modified":"2025-05-29T21:01:39","modified_gmt":"2025-05-29T21:01:39","slug":"tratamiento-del-abuso-de-alcohol-y-otras-sustancias","status":"publish","type":"page","link":"https:\/\/pauquette.com\/es\/servicios-de-salud-mental\/tratamiento-del-abuso-de-alcohol-y-otras-sustancias\/","title":{"rendered":"Tratamiento del abuso de alcohol y otras sustancias"},"content":{"rendered":"<div class=\"fusion-fullwidth fullwidth-box fusion-builder-row-1 has-pattern-background has-mask-background nonhundred-percent-fullwidth non-hundred-percent-height-scrolling\" style=\"--awb-border-radius-top-left:0px;--awb-border-radius-top-right:0px;--awb-border-radius-bottom-right:0px;--awb-border-radius-bottom-left:0px;--awb-flex-wrap:wrap;\" ><div class=\"fusion-builder-row fusion-row\"><div class=\"fusion-layout-column fusion_builder_column fusion-builder-column-0 fusion_builder_column_1_1 1_1 fusion-one-full fusion-column-first fusion-column-last\" style=\"--awb-bg-blend:overlay;--awb-bg-size:cover;--awb-margin-bottom:0px;\"><div class=\"fusion-column-wrapper fusion-flex-column-wrapper-legacy\"><div class=\"fusion-text fusion-text-1\"><h1>Tratamiento del abuso de alcohol y otras sustancias<\/h1>\n<\/div><div class=\"fusion-clearfix\"><\/div><\/div><\/div><div class=\"fusion-layout-column fusion_builder_column fusion-builder-column-1 fusion_builder_column_3_5 3_5 fusion-three-fifth fusion-column-first\" style=\"--awb-bg-size:cover;width:60%;width:calc(60% - ( ( 4% ) * 0.6 ) );margin-right: 4%;\"><div class=\"fusion-column-wrapper fusion-column-has-shadow fusion-flex-column-wrapper-legacy\"><div class=\"fusion-text fusion-text-2\"><p><span style=\"font-weight: 400;\">El Centro Pauquette ofrece diversos servicios de tratamiento del abuso de alcohol y sustancias (drogadicci\u00f3n). Todos nuestros cl\u00ednicos que prestan servicios de AODA (abuso de alcohol y otras drogas) tienen licencia para tratar tanto AODA como problemas de salud mental. <\/span><\/p>\n<p><span style=\"font-weight: 400;\">Si tienes alguna pregunta o deseas m\u00e1s informaci\u00f3n, ponte en contacto con Amanda Albright en el (608) 742-5518 ext. 7101 o por correo electr\u00f3nico en <a href=\"mailto:aalbright@pauquette.com\">aalbright@pauquette.com.<\/a><\/span><\/p>\n<\/div><div class=\"fusion-clearfix\"><\/div><\/div><\/div><div class=\"fusion-layout-column fusion_builder_column fusion-builder-column-2 fusion_builder_column_2_5 2_5 fusion-two-fifth fusion-column-last\" style=\"--awb-bg-size:cover;width:40%;width:calc(40% - ( ( 4% ) * 0.4 ) );\"><div class=\"fusion-column-wrapper fusion-column-has-shadow fusion-flex-column-wrapper-legacy\"><div class=\"fusion-image-element in-legacy-container\" style=\"--awb-max-width:62%;--awb-caption-title-font-family:var(--h2_typography-font-family);--awb-caption-title-font-weight:var(--h2_typography-font-weight);--awb-caption-title-font-style:var(--h2_typography-font-style);--awb-caption-title-size:var(--h2_typography-font-size);--awb-caption-title-transform:var(--h2_typography-text-transform);--awb-caption-title-line-height:var(--h2_typography-line-height);--awb-caption-title-letter-spacing:var(--h2_typography-letter-spacing);\"><span class=\" fusion-imageframe imageframe-none imageframe-1 hover-type-none\"><img data-recalc-dims=\"1\" decoding=\"async\" width=\"1280\" height=\"853\" title=\"bottles-7488664_1280\" src=\"https:\/\/i0.wp.com\/pauquette.com\/wp-content\/uploads\/2024\/11\/bottles-7488664_1280.jpg?resize=1280%2C853&#038;ssl=1\" alt class=\"img-responsive wp-image-16512\" srcset=\"https:\/\/i0.wp.com\/pauquette.com\/wp-content\/uploads\/2024\/11\/bottles-7488664_1280.jpg?resize=199%2C133&amp;ssl=1 199w, https:\/\/i0.wp.com\/pauquette.com\/wp-content\/uploads\/2024\/11\/bottles-7488664_1280.jpg?resize=200%2C133&amp;ssl=1 200w, https:\/\/i0.wp.com\/pauquette.com\/wp-content\/uploads\/2024\/11\/bottles-7488664_1280.jpg?resize=322%2C215&amp;ssl=1 322w, https:\/\/i0.wp.com\/pauquette.com\/wp-content\/uploads\/2024\/11\/bottles-7488664_1280.jpg?resize=400%2C267&amp;ssl=1 400w, https:\/\/i0.wp.com\/pauquette.com\/wp-content\/uploads\/2024\/11\/bottles-7488664_1280.jpg?resize=522%2C348&amp;ssl=1 522w, https:\/\/i0.wp.com\/pauquette.com\/wp-content\/uploads\/2024\/11\/bottles-7488664_1280.jpg?resize=600%2C400&amp;ssl=1 600w, https:\/\/i0.wp.com\/pauquette.com\/wp-content\/uploads\/2024\/11\/bottles-7488664_1280.jpg?resize=768%2C512&amp;ssl=1 768w, https:\/\/i0.wp.com\/pauquette.com\/wp-content\/uploads\/2024\/11\/bottles-7488664_1280.jpg?resize=800%2C533&amp;ssl=1 800w, https:\/\/i0.wp.com\/pauquette.com\/wp-content\/uploads\/2024\/11\/bottles-7488664_1280.jpg?resize=1200%2C800&amp;ssl=1 1200w, https:\/\/i0.wp.com\/pauquette.com\/wp-content\/uploads\/2024\/11\/bottles-7488664_1280.jpg?w=1280&amp;ssl=1 1280w\" sizes=\"(max-width: 800px) 100vw, 600px\" \/><\/span><\/div><div class=\"fusion-clearfix\"><\/div><\/div><\/div><div class=\"fusion-layout-column fusion_builder_column fusion-builder-column-3 fusion_builder_column_1_1 1_1 fusion-one-full fusion-column-first fusion-column-last\" style=\"--awb-bg-size:cover;\"><div class=\"fusion-column-wrapper fusion-column-has-shadow fusion-flex-column-wrapper-legacy\"><div class=\"fusion-sep-clear\"><\/div><div class=\"fusion-separator fusion-has-icon fusion-full-width-sep\" style=\"margin-left: auto;margin-right: auto;width:100%;\"><div class=\"fusion-separator-border sep-single sep-dashed\" style=\"--awb-height:20px;--awb-amount:20px;border-color:#595758;border-top-width:1px;\"><\/div><span class=\"icon-wrapper\" style=\"border-color:#595758;background-color:#595758;font-size:16px;width: 1.75em; height: 1.75em;border-width:1px;padding:1px;margin-top:-0.5px\"><i class=\"fa-hand-holding-heart fas\" style=\"font-size: inherit;color:var(--awb-color1);\" aria-hidden=\"true\"><\/i><\/span><div class=\"fusion-separator-border sep-single sep-dashed\" style=\"--awb-height:20px;--awb-amount:20px;border-color:#595758;border-top-width:1px;\"><\/div><\/div><div class=\"fusion-sep-clear\"><\/div><div class=\"fusion-clearfix\"><\/div><\/div><\/div><div class=\"fusion-layout-column fusion_builder_column fusion-builder-column-4 fusion_builder_column_2_5 2_5 fusion-two-fifth fusion-column-first\" style=\"--awb-bg-size:cover;width:40%;width:calc(40% - ( ( 4% ) * 0.4 ) );margin-right: 4%;\"><div class=\"fusion-column-wrapper fusion-column-has-shadow fusion-flex-column-wrapper-legacy\"><div class=\"fusion-image-element in-legacy-container\" style=\"--awb-max-width:62%;--awb-caption-title-font-family:var(--h2_typography-font-family);--awb-caption-title-font-weight:var(--h2_typography-font-weight);--awb-caption-title-font-style:var(--h2_typography-font-style);--awb-caption-title-size:var(--h2_typography-font-size);--awb-caption-title-transform:var(--h2_typography-text-transform);--awb-caption-title-line-height:var(--h2_typography-line-height);--awb-caption-title-letter-spacing:var(--h2_typography-letter-spacing);\"><span class=\" fusion-imageframe imageframe-none imageframe-2 hover-type-none\"><img title=\"1530071458\" alt class=\"img-responsive wp-image-16511\"\/><\/span><\/div><div class=\"fusion-clearfix\"><\/div><\/div><\/div><div class=\"fusion-layout-column fusion_builder_column fusion-builder-column-5 fusion_builder_column_3_5 3_5 fusion-three-fifth fusion-column-last\" style=\"--awb-bg-size:cover;width:60%;width:calc(60% - ( ( 4% ) * 0.6 ) );\"><div class=\"fusion-column-wrapper fusion-column-has-shadow fusion-flex-column-wrapper-legacy\"><div class=\"fusion-text fusion-text-3\"><h2>Condado de Columbia &#8211; Programa de Conductores Intoxicados<\/h2>\n<p><span style=\"font-weight: 400;\">Las personas condenadas por \u201cconducir un veh\u00edculo de motor bajo los efectos de una sustancia t\u00f3xica\u201d o por un delito relacionado, est\u00e1n obligadas, por la ley de Wisconsin, a someterse a una <a href=\"https:\/\/wisconsindot.gov\/Pages\/dmv\/license-drvs\/susp-or-rvkd\/assessment.aspx\" target=\"_blank\" rel=\"noopener\">Evaluaci\u00f3n IDP<\/a>. <\/span><\/p>\n<p><span style=\"font-weight: 400;\">La Evaluaci\u00f3n IDP eval\u00faa el consumo de alcohol, drogas y medicamentos con receta del individuo para determinar si existe un problema de alcohol o drogas. <\/span><\/p>\n<p><span style=\"font-weight: 400;\">Todas las Evaluaciones IDP dan lugar a un Plan de Seguridad del Conductor, cuyo objetivo es ayudar a reducir el riesgo de reincidencia en la conducci\u00f3n bajo los efectos del alcohol. El Plan de Seguridad del Conductor determina si la persona debe completar un Programa Educativo o un Programa de Asesoramiento.<br \/>\n<\/span><a href=\"https:\/\/www.dhs.wisconsin.gov\/idp\/directory.htm\" target=\"_blank\" rel=\"noopener\"><span style=\"font-weight: 400;\">Programa de Conductores Intoxicados: Directorio<\/span><\/a><\/p>\n<\/div><div class=\"fusion-clearfix\"><\/div><\/div><\/div><div class=\"fusion-layout-column fusion_builder_column fusion-builder-column-6 fusion_builder_column_1_1 1_1 fusion-one-full fusion-column-first fusion-column-last\" style=\"--awb-bg-size:cover;\"><div class=\"fusion-column-wrapper fusion-column-has-shadow fusion-flex-column-wrapper-legacy\"><div class=\"fusion-sep-clear\"><\/div><div class=\"fusion-separator fusion-has-icon fusion-full-width-sep\" style=\"margin-left: auto;margin-right: auto;width:100%;\"><div class=\"fusion-separator-border sep-single sep-dashed\" style=\"--awb-height:20px;--awb-amount:20px;border-color:#595758;border-top-width:1px;\"><\/div><span class=\"icon-wrapper\" style=\"border-color:#595758;background-color:#595758;font-size:16px;width: 1.75em; height: 1.75em;border-width:1px;padding:1px;margin-top:-0.5px\"><i class=\"fa-hand-holding-heart fas\" style=\"font-size: inherit;color:var(--awb-color1);\" aria-hidden=\"true\"><\/i><\/span><div class=\"fusion-separator-border sep-single sep-dashed\" style=\"--awb-height:20px;--awb-amount:20px;border-color:#595758;border-top-width:1px;\"><\/div><\/div><div class=\"fusion-sep-clear\"><\/div><div class=\"fusion-clearfix\"><\/div><\/div><\/div><div class=\"fusion-layout-column fusion_builder_column fusion-builder-column-7 fusion_builder_column_3_5 3_5 fusion-three-fifth fusion-column-first\" style=\"--awb-bg-size:cover;width:60%;width:calc(60% - ( ( 4% ) * 0.6 ) );margin-right: 4%;\"><div class=\"fusion-column-wrapper fusion-column-has-shadow fusion-flex-column-wrapper-legacy\"><div class=\"fusion-text fusion-text-4\"><h2>Evaluaci\u00f3n del abuso de alcohol y otras drogas (AODA)<\/h2>\n<p><span style=\"font-weight: 400;\">Las personas suelen ser remitidas a una Evaluaci\u00f3n AODA por un juez, un abogado, un agente de libertad condicional o vigilada, un empresario o personal escolar. <\/span><span style=\"font-weight: 400;\">Las Evaluaciones AODA las lleva a cabo un Asesor Certificado en Abuso de Sustancias. Suelen requerir dos sesiones e incluyen pruebas. <\/span><\/p>\n<p><span style=\"font-weight: 400;\">Una vez finalizada la Evaluaci\u00f3n AODA, el asesor env\u00eda a la agencia remitente una carta en la que se especifican las recomendaciones para el tratamiento del abuso de alcohol o de sustancias, como \u201cTerapia de grupo AODA\u201d o Asesoramiento individual AODA ambulatorio. <\/span><\/p>\n<p><span style=\"font-weight: 400;\">Los consumidores son responsables de todas las tasas asociadas al proceso de Evaluaci\u00f3n de la AODA. <\/span><\/p>\n<\/div><div class=\"fusion-clearfix\"><\/div><\/div><\/div><div class=\"fusion-layout-column fusion_builder_column fusion-builder-column-8 fusion_builder_column_2_5 2_5 fusion-two-fifth fusion-column-last\" style=\"--awb-bg-size:cover;width:40%;width:calc(40% - ( ( 4% ) * 0.4 ) );\"><div class=\"fusion-column-wrapper fusion-column-has-shadow fusion-flex-column-wrapper-legacy\"><div class=\"fusion-image-element in-legacy-container\" style=\"--awb-max-width:62%;--awb-caption-title-font-family:var(--h2_typography-font-family);--awb-caption-title-font-weight:var(--h2_typography-font-weight);--awb-caption-title-font-style:var(--h2_typography-font-style);--awb-caption-title-size:var(--h2_typography-font-size);--awb-caption-title-transform:var(--h2_typography-text-transform);--awb-caption-title-line-height:var(--h2_typography-line-height);--awb-caption-title-letter-spacing:var(--h2_typography-letter-spacing);\"><span class=\" fusion-imageframe imageframe-none imageframe-3 hover-type-none\"><img data-recalc-dims=\"1\" decoding=\"async\" width=\"1366\" height=\"911\" title=\"pexels-alex-green-5699456_1\" src=\"https:\/\/i0.wp.com\/pauquette.com\/wp-content\/uploads\/2021\/08\/pexels-alex-green-5699456_1.jpg?resize=1366%2C911&#038;ssl=1\" alt class=\"img-responsive wp-image-16423\" srcset=\"https:\/\/i0.wp.com\/pauquette.com\/wp-content\/uploads\/2021\/08\/pexels-alex-green-5699456_1.jpg?resize=199%2C133&amp;ssl=1 199w, https:\/\/i0.wp.com\/pauquette.com\/wp-content\/uploads\/2021\/08\/pexels-alex-green-5699456_1.jpg?resize=200%2C133&amp;ssl=1 200w, https:\/\/i0.wp.com\/pauquette.com\/wp-content\/uploads\/2021\/08\/pexels-alex-green-5699456_1.jpg?resize=322%2C215&amp;ssl=1 322w, https:\/\/i0.wp.com\/pauquette.com\/wp-content\/uploads\/2021\/08\/pexels-alex-green-5699456_1.jpg?resize=400%2C267&amp;ssl=1 400w, https:\/\/i0.wp.com\/pauquette.com\/wp-content\/uploads\/2021\/08\/pexels-alex-green-5699456_1.jpg?resize=522%2C348&amp;ssl=1 522w, https:\/\/i0.wp.com\/pauquette.com\/wp-content\/uploads\/2021\/08\/pexels-alex-green-5699456_1.jpg?resize=600%2C400&amp;ssl=1 600w, https:\/\/i0.wp.com\/pauquette.com\/wp-content\/uploads\/2021\/08\/pexels-alex-green-5699456_1.jpg?resize=768%2C512&amp;ssl=1 768w, https:\/\/i0.wp.com\/pauquette.com\/wp-content\/uploads\/2021\/08\/pexels-alex-green-5699456_1.jpg?resize=800%2C533&amp;ssl=1 800w, https:\/\/i0.wp.com\/pauquette.com\/wp-content\/uploads\/2021\/08\/pexels-alex-green-5699456_1.jpg?resize=1200%2C800&amp;ssl=1 1200w, https:\/\/i0.wp.com\/pauquette.com\/wp-content\/uploads\/2021\/08\/pexels-alex-green-5699456_1.jpg?resize=1536%2C1024&amp;ssl=1 1536w, https:\/\/i0.wp.com\/pauquette.com\/wp-content\/uploads\/2021\/08\/pexels-alex-green-5699456_1.jpg?w=1920&amp;ssl=1 1920w\" sizes=\"(max-width: 800px) 100vw, 600px\" \/><\/span><\/div><div class=\"fusion-clearfix\"><\/div><\/div><\/div><\/div><\/div>\n","protected":false},"excerpt":{"rendered":"","protected":false},"author":1,"featured_media":0,"parent":16654,"menu_order":25,"comment_status":"closed","ping_status":"closed","template":"","meta":{"footnotes":""},"class_list":["post-16655","page","type-page","status-publish","hentry"],"yoast_head":"<!-- This site is optimized with the Yoast SEO plugin v27.3 - https:\/\/yoast.com\/product\/yoast-seo-wordpress\/ -->\n<title>Servicios de tratamiento del abuso de alcohol y sustancias | El Centro Pauquette<\/title>\n<meta name=\"description\" content=\"Nuestros m\u00e9dicos ofrecen tratamiento para el abuso de alcohol y otras sustancias. Est\u00e1n autorizados para tratar problemas de AODA y de salud mental.\" \/>\n<meta name=\"robots\" content=\"index, follow, max-snippet:-1, max-image-preview:large, max-video-preview:-1\" \/>\n<link rel=\"canonical\" href=\"https:\/\/pauquette.com\/es\/servicios-de-salud-mental\/tratamiento-del-abuso-de-alcohol-y-otras-sustancias\/\" \/>\n<meta property=\"og:locale\" content=\"es_ES\" \/>\n<meta property=\"og:type\" content=\"article\" \/>\n<meta property=\"og:title\" content=\"Servicios de tratamiento del abuso de alcohol y sustancias | El Centro Pauquette\" \/>\n<meta property=\"og:description\" content=\"Nuestros m\u00e9dicos ofrecen tratamiento para el abuso de alcohol y otras sustancias. Est\u00e1n autorizados para tratar problemas de AODA y de salud mental.\" \/>\n<meta property=\"og:url\" content=\"https:\/\/pauquette.com\/es\/servicios-de-salud-mental\/tratamiento-del-abuso-de-alcohol-y-otras-sustancias\/\" \/>\n<meta property=\"og:site_name\" content=\"Pauquette Center\" \/>\n<meta property=\"article:publisher\" content=\"https:\/\/www.facebook.com\/pauquettecenter\" \/>\n<meta property=\"article:modified_time\" content=\"2025-05-29T21:01:39+00:00\" \/>\n<meta name=\"twitter:card\" content=\"summary_large_image\" \/>\n<meta name=\"twitter:label1\" content=\"Tiempo de lectura\" \/>\n\t<meta name=\"twitter:data1\" content=\"2 minutos\" \/>\n<script type=\"application\/ld+json\" class=\"yoast-schema-graph\">{\"@context\":\"https:\\\/\\\/schema.org\",\"@graph\":[{\"@type\":\"WebPage\",\"@id\":\"https:\\\/\\\/pauquette.com\\\/es\\\/servicios-de-salud-mental\\\/tratamiento-del-abuso-de-alcohol-y-otras-sustancias\\\/\",\"url\":\"https:\\\/\\\/pauquette.com\\\/es\\\/servicios-de-salud-mental\\\/tratamiento-del-abuso-de-alcohol-y-otras-sustancias\\\/\",\"name\":\"Servicios de tratamiento del abuso de alcohol y sustancias | El Centro Pauquette\",\"isPartOf\":{\"@id\":\"https:\\\/\\\/pauquette.com\\\/es\\\/#website\"},\"datePublished\":\"2018-04-07T18:12:30+00:00\",\"dateModified\":\"2025-05-29T21:01:39+00:00\",\"description\":\"Nuestros m\u00e9dicos ofrecen tratamiento para el abuso de alcohol y otras sustancias. Est\u00e1n autorizados para tratar problemas de AODA y de salud mental.\",\"breadcrumb\":{\"@id\":\"https:\\\/\\\/pauquette.com\\\/es\\\/servicios-de-salud-mental\\\/tratamiento-del-abuso-de-alcohol-y-otras-sustancias\\\/#breadcrumb\"},\"inLanguage\":\"es\",\"potentialAction\":[{\"@type\":\"ReadAction\",\"target\":[\"https:\\\/\\\/pauquette.com\\\/es\\\/servicios-de-salud-mental\\\/tratamiento-del-abuso-de-alcohol-y-otras-sustancias\\\/\"]}]},{\"@type\":\"BreadcrumbList\",\"@id\":\"https:\\\/\\\/pauquette.com\\\/es\\\/servicios-de-salud-mental\\\/tratamiento-del-abuso-de-alcohol-y-otras-sustancias\\\/#breadcrumb\",\"itemListElement\":[{\"@type\":\"ListItem\",\"position\":1,\"name\":\"Home\",\"item\":\"https:\\\/\\\/pauquette.com\\\/es\\\/pagina-de-inicio\\\/\"},{\"@type\":\"ListItem\",\"position\":2,\"name\":\"Servicios de Salud Mental\",\"item\":\"https:\\\/\\\/pauquette.com\\\/es\\\/servicios-de-salud-mental\\\/\"},{\"@type\":\"ListItem\",\"position\":3,\"name\":\"Tratamiento del abuso de alcohol y otras sustancias\"}]},{\"@type\":\"WebSite\",\"@id\":\"https:\\\/\\\/pauquette.com\\\/es\\\/#website\",\"url\":\"https:\\\/\\\/pauquette.com\\\/es\\\/\",\"name\":\"Pauquette Center\",\"description\":\"Compassionate professionals ready to serve your psychological needs.  Serving Columbia, Richland, Sauk, and adjacent counties.\",\"potentialAction\":[{\"@type\":\"SearchAction\",\"target\":{\"@type\":\"EntryPoint\",\"urlTemplate\":\"https:\\\/\\\/pauquette.com\\\/es\\\/?s={search_term_string}\"},\"query-input\":{\"@type\":\"PropertyValueSpecification\",\"valueRequired\":true,\"valueName\":\"search_term_string\"}}],\"inLanguage\":\"es\"}]}<\/script>\n<!-- \/ Yoast SEO plugin. -->","yoast_head_json":{"title":"Servicios de tratamiento del abuso de alcohol y sustancias | El Centro Pauquette","description":"Nuestros m\u00e9dicos ofrecen tratamiento para el abuso de alcohol y otras sustancias. Est\u00e1n autorizados para tratar problemas de AODA y de salud mental.","robots":{"index":"index","follow":"follow","max-snippet":"max-snippet:-1","max-image-preview":"max-image-preview:large","max-video-preview":"max-video-preview:-1"},"canonical":"https:\/\/pauquette.com\/es\/servicios-de-salud-mental\/tratamiento-del-abuso-de-alcohol-y-otras-sustancias\/","og_locale":"es_ES","og_type":"article","og_title":"Servicios de tratamiento del abuso de alcohol y sustancias | El Centro Pauquette","og_description":"Nuestros m\u00e9dicos ofrecen tratamiento para el abuso de alcohol y otras sustancias. Est\u00e1n autorizados para tratar problemas de AODA y de salud mental.","og_url":"https:\/\/pauquette.com\/es\/servicios-de-salud-mental\/tratamiento-del-abuso-de-alcohol-y-otras-sustancias\/","og_site_name":"Pauquette Center","article_publisher":"https:\/\/www.facebook.com\/pauquettecenter","article_modified_time":"2025-05-29T21:01:39+00:00","twitter_card":"summary_large_image","twitter_misc":{"Tiempo de lectura":"2 minutos"},"schema":{"@context":"https:\/\/schema.org","@graph":[{"@type":"WebPage","@id":"https:\/\/pauquette.com\/es\/servicios-de-salud-mental\/tratamiento-del-abuso-de-alcohol-y-otras-sustancias\/","url":"https:\/\/pauquette.com\/es\/servicios-de-salud-mental\/tratamiento-del-abuso-de-alcohol-y-otras-sustancias\/","name":"Servicios de tratamiento del abuso de alcohol y sustancias | El Centro Pauquette","isPartOf":{"@id":"https:\/\/pauquette.com\/es\/#website"},"datePublished":"2018-04-07T18:12:30+00:00","dateModified":"2025-05-29T21:01:39+00:00","description":"Nuestros m\u00e9dicos ofrecen tratamiento para el abuso de alcohol y otras sustancias. Est\u00e1n autorizados para tratar problemas de AODA y de salud mental.","breadcrumb":{"@id":"https:\/\/pauquette.com\/es\/servicios-de-salud-mental\/tratamiento-del-abuso-de-alcohol-y-otras-sustancias\/#breadcrumb"},"inLanguage":"es","potentialAction":[{"@type":"ReadAction","target":["https:\/\/pauquette.com\/es\/servicios-de-salud-mental\/tratamiento-del-abuso-de-alcohol-y-otras-sustancias\/"]}]},{"@type":"BreadcrumbList","@id":"https:\/\/pauquette.com\/es\/servicios-de-salud-mental\/tratamiento-del-abuso-de-alcohol-y-otras-sustancias\/#breadcrumb","itemListElement":[{"@type":"ListItem","position":1,"name":"Home","item":"https:\/\/pauquette.com\/es\/pagina-de-inicio\/"},{"@type":"ListItem","position":2,"name":"Servicios de Salud Mental","item":"https:\/\/pauquette.com\/es\/servicios-de-salud-mental\/"},{"@type":"ListItem","position":3,"name":"Tratamiento del abuso de alcohol y otras sustancias"}]},{"@type":"WebSite","@id":"https:\/\/pauquette.com\/es\/#website","url":"https:\/\/pauquette.com\/es\/","name":"Pauquette Center","description":"Compassionate professionals ready to serve your psychological needs.  Serving Columbia, Richland, Sauk, and adjacent counties.","potentialAction":[{"@type":"SearchAction","target":{"@type":"EntryPoint","urlTemplate":"https:\/\/pauquette.com\/es\/?s={search_term_string}"},"query-input":{"@type":"PropertyValueSpecification","valueRequired":true,"valueName":"search_term_string"}}],"inLanguage":"es"}]}},"jetpack_sharing_enabled":true,"jetpack_shortlink":"https:\/\/wp.me\/PakdW4-4kD","jetpack-related-posts":[{"id":16645,"url":"https:\/\/pauquette.com\/es\/formulario-de-contacto-para-nuevos-clientes\/","url_meta":{"origin":16655,"position":0},"title":"Formulario de contacto para nuevos clientes","author":"pauquette18","date":"27 de abril de 2019","format":false,"excerpt":"","rel":"","context":"Entrada similar","block_context":{"text":"Entrada similar","link":""},"img":{"alt_text":"","src":"","width":0,"height":0},"classes":[]},{"id":555,"url":"https:\/\/pauquette.com\/contact-us\/","url_meta":{"origin":16655,"position":1},"title":"Contact Us","author":"pauquette18","date":"13 de abril de 2018","format":false,"excerpt":"","rel":"","context":"Entrada similar","block_context":{"text":"Entrada similar","link":""},"img":{"alt_text":"","src":"","width":0,"height":0},"classes":[]},{"id":3485,"url":"https:\/\/pauquette.com\/pauquette-center-for-psychological-services-2-2\/","url_meta":{"origin":16655,"position":2},"title":"Home Page","author":"JoEllen Westendorf","date":"5 de junio de 2020","format":false,"excerpt":"","rel":"","context":"Entrada similar","block_context":{"text":"Entrada similar","link":""},"img":{"alt_text":"","src":"https:\/\/i0.wp.com\/pauquette.com\/wp-content\/uploads\/2025\/11\/1000000339-322x242.jpeg?resize=350%2C200&ssl=1","width":350,"height":200},"classes":[]},{"id":460,"url":"https:\/\/pauquette.com\/offices-and-locations\/","url_meta":{"origin":16655,"position":3},"title":"Pauquette Center Offices and Locations","author":"pauquette18","date":"12 de abril de 2018","format":false,"excerpt":"","rel":"","context":"Entrada similar","block_context":{"text":"Entrada similar","link":""},"img":{"alt_text":"","src":"","width":0,"height":0},"classes":[]},{"id":16682,"url":"https:\/\/pauquette.com\/es\/oficinas-y-ubicaciones-del-centro-pauquette\/","url_meta":{"origin":16655,"position":4},"title":"Oficinas y ubicaciones del Centro Pauquette","author":"pauquette18","date":"12 de abril de 2018","format":false,"excerpt":"","rel":"","context":"Entrada similar","block_context":{"text":"Entrada similar","link":""},"img":{"alt_text":"","src":"","width":0,"height":0},"classes":[]},{"id":64,"url":"https:\/\/pauquette.com\/privacy-policy\/","url_meta":{"origin":16655,"position":5},"title":"Privacy Policy","author":"pauquette18","date":"6 de abril de 2018","format":false,"excerpt":"","rel":"","context":"Entrada similar","block_context":{"text":"Entrada similar","link":""},"img":{"alt_text":"","src":"","width":0,"height":0},"classes":[]}],"_links":{"self":[{"href":"https:\/\/pauquette.com\/es\/wp-json\/wp\/v2\/pages\/16655","targetHints":{"allow":["GET"]}}],"collection":[{"href":"https:\/\/pauquette.com\/es\/wp-json\/wp\/v2\/pages"}],"about":[{"href":"https:\/\/pauquette.com\/es\/wp-json\/wp\/v2\/types\/page"}],"author":[{"embeddable":true,"href":"https:\/\/pauquette.com\/es\/wp-json\/wp\/v2\/users\/1"}],"replies":[{"embeddable":true,"href":"https:\/\/pauquette.com\/es\/wp-json\/wp\/v2\/comments?post=16655"}],"version-history":[{"count":5,"href":"https:\/\/pauquette.com\/es\/wp-json\/wp\/v2\/pages\/16655\/revisions"}],"predecessor-version":[{"id":16819,"href":"https:\/\/pauquette.com\/es\/wp-json\/wp\/v2\/pages\/16655\/revisions\/16819"}],"up":[{"embeddable":true,"href":"https:\/\/pauquette.com\/es\/wp-json\/wp\/v2\/pages\/16654"}],"wp:attachment":[{"href":"https:\/\/pauquette.com\/es\/wp-json\/wp\/v2\/media?parent=16655"}],"curies":[{"name":"wp","href":"https:\/\/api.w.org\/{rel}","templated":true}]}}