{"id":16650,"date":"2018-04-07T20:04:12","date_gmt":"2018-04-07T20:04:12","guid":{"rendered":"https:\/\/pauquette.com\/psicoterapia-para-sordos-e-hipoacusicos\/"},"modified":"2025-05-29T20:17:30","modified_gmt":"2025-05-29T20:17:30","slug":"psicoterapia-para-sordos-e-hipoacusicos","status":"publish","type":"page","link":"https:\/\/pauquette.com\/es\/psicoterapia-para-sordos-e-hipoacusicos\/","title":{"rendered":"Psicoterapia para sordos e hipoac\u00fasicos"},"content":{"rendered":"<div class=\"fusion-fullwidth fullwidth-box fusion-builder-row-1 has-pattern-background has-mask-background nonhundred-percent-fullwidth non-hundred-percent-height-scrolling\" style=\"--awb-border-radius-top-left:0px;--awb-border-radius-top-right:0px;--awb-border-radius-bottom-right:0px;--awb-border-radius-bottom-left:0px;--awb-flex-wrap:wrap;\" ><div class=\"fusion-builder-row fusion-row\"><div class=\"fusion-layout-column fusion_builder_column fusion-builder-column-0 fusion_builder_column_1_1 1_1 fusion-one-full fusion-column-first fusion-column-last\" style=\"--awb-bg-size:cover;--awb-margin-bottom:0px;\"><div class=\"fusion-column-wrapper fusion-flex-column-wrapper-legacy\"><div class=\"fusion-text fusion-text-1\"><h1>Psicoterapia para sordos e hipoac\u00fasicos<\/h1>\n<\/div><div class=\"fusion-clearfix\"><\/div><\/div><\/div><div class=\"fusion-layout-column fusion_builder_column fusion-builder-column-1 fusion_builder_column_3_5 3_5 fusion-three-fifth fusion-column-first\" style=\"--awb-bg-size:cover;width:60%;width:calc(60% - ( ( 4% ) * 0.6 ) );margin-right: 4%;\"><div class=\"fusion-column-wrapper fusion-column-has-shadow fusion-flex-column-wrapper-legacy\"><div class=\"fusion-text fusion-text-2\"><p>El Centro Pauquette se complace en poder ofrecer servicios de psicoterapia y recuperaci\u00f3n de adicciones a personas sordas o con dificultades auditivas y a sus familias. Renee Birkholz, LPC con Especialidad en Abuso de Sustancias, habla con fluidez la Lengua de Signos Americana, por lo que las sesiones pueden llevarse a cabo sin los servicios de un int\u00e9rprete.<\/p>\n<h2>Nuevo cliente: remisi\u00f3n de personas sordas o con dificultades auditivas<\/h2>\n<p>Rellena el siguiente formulario si eres sordo o tienes dificultades auditivas y deseas recibir servicios de terapia ambulatoria en lengua de signos americana.<\/p>\n<p>Una vez que completes y env\u00edes el formulario, alguien de nuestra oficina se pondr\u00e1 en contacto contigo. Ten en cuenta que, una vez enviado el formulario, recibir\u00e1s un correo electr\u00f3nico de confirmaci\u00f3n de que se ha enviado correctamente. Si tienes alguna pregunta, env\u00eda un correo electr\u00f3nico a Renee Birkholz a <a href=\"mailto:rbirkholz@pauquette.com\" target=\"_blank\" rel=\"noopener\">rbirkholz@pauquette.<wbr \/>com<\/a>.<\/p>\n<\/div><div class=\"fusion-alignleft\"><a class=\"fusion-button button-flat button-large button-default fusion-button-default button-1 fusion-button-default-span fusion-button-default-type\" style=\"--button_text_transform:capitalize;\" target=\"_blank\" rel=\"noopener noreferrer\" href=\"https:\/\/docs.google.com\/forms\/d\/e\/1FAIpQLScrL0memC_KaEz6IrhDdIwRdFQDUoWkxDP3Ry4y7yaNj4ef5A\/viewform\"><span class=\"fusion-button-icon-divider button-icon-divider-left\"><i class=\"fa-assistive-listening-systems fas awb-button__icon awb-button__icon--default\" aria-hidden=\"true\"><\/i><\/span><span class=\"fusion-button-text awb-button__text awb-button__text--default fusion-button-text-left\">Nuevo cliente &#8211; Formulario para personas sordas o con dificultades auditivas<\/span><\/a><\/div><div class=\"fusion-clearfix\"><\/div><\/div><\/div><div class=\"fusion-layout-column fusion_builder_column fusion-builder-column-2 fusion_builder_column_2_5 2_5 fusion-two-fifth fusion-column-last\" style=\"--awb-bg-size:cover;width:40%;width:calc(40% - ( ( 4% ) * 0.4 ) );\"><div class=\"fusion-column-wrapper fusion-column-has-shadow fusion-flex-column-wrapper-legacy\"><div class=\"fusion-image-element in-legacy-container\" style=\"--awb-caption-title-font-family:var(--h2_typography-font-family);--awb-caption-title-font-weight:var(--h2_typography-font-weight);--awb-caption-title-font-style:var(--h2_typography-font-style);--awb-caption-title-size:var(--h2_typography-font-size);--awb-caption-title-transform:var(--h2_typography-text-transform);--awb-caption-title-line-height:var(--h2_typography-line-height);--awb-caption-title-letter-spacing:var(--h2_typography-letter-spacing);\"><span class=\" fusion-imageframe imageframe-none imageframe-1 hover-type-none\"><img data-recalc-dims=\"1\" decoding=\"async\" width=\"767\" height=\"551\" title=\"ASL crop\" src=\"https:\/\/i0.wp.com\/pauquette.com\/wp-content\/uploads\/2024\/11\/ASL-crop.png?resize=767%2C551&#038;ssl=1\" alt class=\"img-responsive wp-image-16513\" srcset=\"https:\/\/i0.wp.com\/pauquette.com\/wp-content\/uploads\/2024\/11\/ASL-crop.png?resize=199%2C143&amp;ssl=1 199w, https:\/\/i0.wp.com\/pauquette.com\/wp-content\/uploads\/2024\/11\/ASL-crop.png?resize=200%2C144&amp;ssl=1 200w, https:\/\/i0.wp.com\/pauquette.com\/wp-content\/uploads\/2024\/11\/ASL-crop.png?resize=322%2C231&amp;ssl=1 322w, https:\/\/i0.wp.com\/pauquette.com\/wp-content\/uploads\/2024\/11\/ASL-crop.png?resize=400%2C287&amp;ssl=1 400w, https:\/\/i0.wp.com\/pauquette.com\/wp-content\/uploads\/2024\/11\/ASL-crop.png?resize=522%2C375&amp;ssl=1 522w, https:\/\/i0.wp.com\/pauquette.com\/wp-content\/uploads\/2024\/11\/ASL-crop.png?resize=600%2C431&amp;ssl=1 600w, https:\/\/i0.wp.com\/pauquette.com\/wp-content\/uploads\/2024\/11\/ASL-crop.png?w=767&amp;ssl=1 767w\" sizes=\"(max-width: 800px) 100vw, 600px\" \/><\/span><\/div><div class=\"fusion-clearfix\"><\/div><\/div><\/div><\/div><\/div>\n","protected":false},"excerpt":{"rendered":"","protected":false},"author":1,"featured_media":0,"parent":0,"menu_order":28,"comment_status":"closed","ping_status":"closed","template":"","meta":{"footnotes":""},"class_list":["post-16650","page","type-page","status-publish","hentry"],"yoast_head":"<!-- This site is optimized with the Yoast SEO plugin v27.3 - https:\/\/yoast.com\/product\/yoast-seo-wordpress\/ -->\n<title>Psicoterapia para sordos e hipoac\u00fasicos<\/title>\n<meta name=\"description\" content=\"Consulta los servicios adicionales que ofrecemos. Entre ellos, psicoterapia para personas con discapacidad auditiva y consultas individualizadas para organizaciones.\" \/>\n<meta name=\"robots\" content=\"index, follow, max-snippet:-1, max-image-preview:large, max-video-preview:-1\" \/>\n<link rel=\"canonical\" href=\"https:\/\/pauquette.com\/es\/psicoterapia-para-sordos-e-hipoacusicos\/\" \/>\n<meta property=\"og:locale\" content=\"es_ES\" \/>\n<meta property=\"og:type\" content=\"article\" \/>\n<meta property=\"og:title\" content=\"Psicoterapia para sordos e hipoac\u00fasicos\" \/>\n<meta property=\"og:description\" content=\"Consulta los servicios adicionales que ofrecemos. Entre ellos, psicoterapia para personas con discapacidad auditiva y consultas individualizadas para organizaciones.\" \/>\n<meta property=\"og:url\" content=\"https:\/\/pauquette.com\/es\/psicoterapia-para-sordos-e-hipoacusicos\/\" \/>\n<meta property=\"og:site_name\" content=\"Pauquette Center\" \/>\n<meta property=\"article:publisher\" content=\"https:\/\/www.facebook.com\/pauquettecenter\" \/>\n<meta property=\"article:modified_time\" content=\"2025-05-29T20:17:30+00:00\" \/>\n<meta name=\"twitter:card\" content=\"summary_large_image\" \/>\n<meta name=\"twitter:label1\" content=\"Tiempo de lectura\" \/>\n\t<meta name=\"twitter:data1\" content=\"1 minuto\" \/>\n<script type=\"application\/ld+json\" class=\"yoast-schema-graph\">{\"@context\":\"https:\\\/\\\/schema.org\",\"@graph\":[{\"@type\":\"WebPage\",\"@id\":\"https:\\\/\\\/pauquette.com\\\/es\\\/psicoterapia-para-sordos-e-hipoacusicos\\\/\",\"url\":\"https:\\\/\\\/pauquette.com\\\/es\\\/psicoterapia-para-sordos-e-hipoacusicos\\\/\",\"name\":\"Psicoterapia para sordos e hipoac\u00fasicos\",\"isPartOf\":{\"@id\":\"https:\\\/\\\/pauquette.com\\\/es\\\/#website\"},\"datePublished\":\"2018-04-07T20:04:12+00:00\",\"dateModified\":\"2025-05-29T20:17:30+00:00\",\"description\":\"Consulta los servicios adicionales que ofrecemos. Entre ellos, psicoterapia para personas con discapacidad auditiva y consultas individualizadas para organizaciones.\",\"breadcrumb\":{\"@id\":\"https:\\\/\\\/pauquette.com\\\/es\\\/psicoterapia-para-sordos-e-hipoacusicos\\\/#breadcrumb\"},\"inLanguage\":\"es\",\"potentialAction\":[{\"@type\":\"ReadAction\",\"target\":[\"https:\\\/\\\/pauquette.com\\\/es\\\/psicoterapia-para-sordos-e-hipoacusicos\\\/\"]}]},{\"@type\":\"BreadcrumbList\",\"@id\":\"https:\\\/\\\/pauquette.com\\\/es\\\/psicoterapia-para-sordos-e-hipoacusicos\\\/#breadcrumb\",\"itemListElement\":[{\"@type\":\"ListItem\",\"position\":1,\"name\":\"Home\",\"item\":\"https:\\\/\\\/pauquette.com\\\/es\\\/pagina-de-inicio\\\/\"},{\"@type\":\"ListItem\",\"position\":2,\"name\":\"Psicoterapia para sordos e hipoac\u00fasicos\"}]},{\"@type\":\"WebSite\",\"@id\":\"https:\\\/\\\/pauquette.com\\\/es\\\/#website\",\"url\":\"https:\\\/\\\/pauquette.com\\\/es\\\/\",\"name\":\"Pauquette Center\",\"description\":\"Compassionate professionals ready to serve your psychological needs.  Serving Columbia, Richland, Sauk, and adjacent counties.\",\"potentialAction\":[{\"@type\":\"SearchAction\",\"target\":{\"@type\":\"EntryPoint\",\"urlTemplate\":\"https:\\\/\\\/pauquette.com\\\/es\\\/?s={search_term_string}\"},\"query-input\":{\"@type\":\"PropertyValueSpecification\",\"valueRequired\":true,\"valueName\":\"search_term_string\"}}],\"inLanguage\":\"es\"}]}<\/script>\n<!-- \/ Yoast SEO plugin. -->","yoast_head_json":{"title":"Psicoterapia para sordos e hipoac\u00fasicos","description":"Consulta los servicios adicionales que ofrecemos. Entre ellos, psicoterapia para personas con discapacidad auditiva y consultas individualizadas para organizaciones.","robots":{"index":"index","follow":"follow","max-snippet":"max-snippet:-1","max-image-preview":"max-image-preview:large","max-video-preview":"max-video-preview:-1"},"canonical":"https:\/\/pauquette.com\/es\/psicoterapia-para-sordos-e-hipoacusicos\/","og_locale":"es_ES","og_type":"article","og_title":"Psicoterapia para sordos e hipoac\u00fasicos","og_description":"Consulta los servicios adicionales que ofrecemos. Entre ellos, psicoterapia para personas con discapacidad auditiva y consultas individualizadas para organizaciones.","og_url":"https:\/\/pauquette.com\/es\/psicoterapia-para-sordos-e-hipoacusicos\/","og_site_name":"Pauquette Center","article_publisher":"https:\/\/www.facebook.com\/pauquettecenter","article_modified_time":"2025-05-29T20:17:30+00:00","twitter_card":"summary_large_image","twitter_misc":{"Tiempo de lectura":"1 minuto"},"schema":{"@context":"https:\/\/schema.org","@graph":[{"@type":"WebPage","@id":"https:\/\/pauquette.com\/es\/psicoterapia-para-sordos-e-hipoacusicos\/","url":"https:\/\/pauquette.com\/es\/psicoterapia-para-sordos-e-hipoacusicos\/","name":"Psicoterapia para sordos e hipoac\u00fasicos","isPartOf":{"@id":"https:\/\/pauquette.com\/es\/#website"},"datePublished":"2018-04-07T20:04:12+00:00","dateModified":"2025-05-29T20:17:30+00:00","description":"Consulta los servicios adicionales que ofrecemos. Entre ellos, psicoterapia para personas con discapacidad auditiva y consultas individualizadas para organizaciones.","breadcrumb":{"@id":"https:\/\/pauquette.com\/es\/psicoterapia-para-sordos-e-hipoacusicos\/#breadcrumb"},"inLanguage":"es","potentialAction":[{"@type":"ReadAction","target":["https:\/\/pauquette.com\/es\/psicoterapia-para-sordos-e-hipoacusicos\/"]}]},{"@type":"BreadcrumbList","@id":"https:\/\/pauquette.com\/es\/psicoterapia-para-sordos-e-hipoacusicos\/#breadcrumb","itemListElement":[{"@type":"ListItem","position":1,"name":"Home","item":"https:\/\/pauquette.com\/es\/pagina-de-inicio\/"},{"@type":"ListItem","position":2,"name":"Psicoterapia para sordos e hipoac\u00fasicos"}]},{"@type":"WebSite","@id":"https:\/\/pauquette.com\/es\/#website","url":"https:\/\/pauquette.com\/es\/","name":"Pauquette Center","description":"Compassionate professionals ready to serve your psychological needs.  Serving Columbia, Richland, Sauk, and adjacent counties.","potentialAction":[{"@type":"SearchAction","target":{"@type":"EntryPoint","urlTemplate":"https:\/\/pauquette.com\/es\/?s={search_term_string}"},"query-input":{"@type":"PropertyValueSpecification","valueRequired":true,"valueName":"search_term_string"}}],"inLanguage":"es"}]}},"jetpack_sharing_enabled":true,"jetpack_shortlink":"https:\/\/wp.me\/PakdW4-4ky","jetpack-related-posts":[{"id":16645,"url":"https:\/\/pauquette.com\/es\/formulario-de-contacto-para-nuevos-clientes\/","url_meta":{"origin":16650,"position":0},"title":"Formulario de contacto para nuevos clientes","author":"pauquette18","date":"27 de abril de 2019","format":false,"excerpt":"","rel":"","context":"Entrada similar","block_context":{"text":"Entrada similar","link":""},"img":{"alt_text":"","src":"","width":0,"height":0},"classes":[]},{"id":555,"url":"https:\/\/pauquette.com\/contact-us\/","url_meta":{"origin":16650,"position":1},"title":"Contact Us","author":"pauquette18","date":"13 de abril de 2018","format":false,"excerpt":"","rel":"","context":"Entrada similar","block_context":{"text":"Entrada similar","link":""},"img":{"alt_text":"","src":"","width":0,"height":0},"classes":[]},{"id":3485,"url":"https:\/\/pauquette.com\/pauquette-center-for-psychological-services-2-2\/","url_meta":{"origin":16650,"position":2},"title":"Home Page","author":"JoEllen Westendorf","date":"5 de junio de 2020","format":false,"excerpt":"","rel":"","context":"Entrada similar","block_context":{"text":"Entrada similar","link":""},"img":{"alt_text":"","src":"https:\/\/i0.wp.com\/pauquette.com\/wp-content\/uploads\/2025\/11\/1000000339-322x242.jpeg?resize=350%2C200&ssl=1","width":350,"height":200},"classes":[]},{"id":460,"url":"https:\/\/pauquette.com\/offices-and-locations\/","url_meta":{"origin":16650,"position":3},"title":"Pauquette Center Offices and Locations","author":"pauquette18","date":"12 de abril de 2018","format":false,"excerpt":"","rel":"","context":"Entrada similar","block_context":{"text":"Entrada similar","link":""},"img":{"alt_text":"","src":"","width":0,"height":0},"classes":[]},{"id":16682,"url":"https:\/\/pauquette.com\/es\/oficinas-y-ubicaciones-del-centro-pauquette\/","url_meta":{"origin":16650,"position":4},"title":"Oficinas y ubicaciones del Centro Pauquette","author":"pauquette18","date":"12 de abril de 2018","format":false,"excerpt":"","rel":"","context":"Entrada similar","block_context":{"text":"Entrada similar","link":""},"img":{"alt_text":"","src":"","width":0,"height":0},"classes":[]},{"id":64,"url":"https:\/\/pauquette.com\/privacy-policy\/","url_meta":{"origin":16650,"position":5},"title":"Privacy Policy","author":"pauquette18","date":"6 de abril de 2018","format":false,"excerpt":"","rel":"","context":"Entrada similar","block_context":{"text":"Entrada similar","link":""},"img":{"alt_text":"","src":"","width":0,"height":0},"classes":[]}],"_links":{"self":[{"href":"https:\/\/pauquette.com\/es\/wp-json\/wp\/v2\/pages\/16650","targetHints":{"allow":["GET"]}}],"collection":[{"href":"https:\/\/pauquette.com\/es\/wp-json\/wp\/v2\/pages"}],"about":[{"href":"https:\/\/pauquette.com\/es\/wp-json\/wp\/v2\/types\/page"}],"author":[{"embeddable":true,"href":"https:\/\/pauquette.com\/es\/wp-json\/wp\/v2\/users\/1"}],"replies":[{"embeddable":true,"href":"https:\/\/pauquette.com\/es\/wp-json\/wp\/v2\/comments?post=16650"}],"version-history":[{"count":5,"href":"https:\/\/pauquette.com\/es\/wp-json\/wp\/v2\/pages\/16650\/revisions"}],"predecessor-version":[{"id":16802,"href":"https:\/\/pauquette.com\/es\/wp-json\/wp\/v2\/pages\/16650\/revisions\/16802"}],"wp:attachment":[{"href":"https:\/\/pauquette.com\/es\/wp-json\/wp\/v2\/media?parent=16650"}],"curies":[{"name":"wp","href":"https:\/\/api.w.org\/{rel}","templated":true}]}}