{"id":16632,"date":"2024-09-23T20:42:47","date_gmt":"2024-09-23T20:42:47","guid":{"rendered":"https:\/\/pauquette.com\/estimacion-de-buena-fe\/"},"modified":"2025-05-27T20:41:36","modified_gmt":"2025-05-27T20:41:36","slug":"estimacion-de-buena-fe","status":"publish","type":"page","link":"https:\/\/pauquette.com\/es\/estimacion-de-buena-fe\/","title":{"rendered":"Estimaci\u00f3n de buena fe"},"content":{"rendered":"<div class=\"fusion-fullwidth fullwidth-box fusion-builder-row-1 fusion-flex-container has-pattern-background has-mask-background nonhundred-percent-fullwidth non-hundred-percent-height-scrolling\" style=\"--awb-border-radius-top-left:0px;--awb-border-radius-top-right:0px;--awb-border-radius-bottom-right:0px;--awb-border-radius-bottom-left:0px;--awb-flex-wrap:wrap;\" ><div class=\"fusion-builder-row fusion-row fusion-flex-align-items-flex-start fusion-flex-content-wrap\" style=\"max-width:1420.64px;margin-left: calc(-4% \/ 2 );margin-right: calc(-4% \/ 2 );\"><div class=\"fusion-layout-column fusion_builder_column fusion-builder-column-0 fusion_builder_column_1_1 1_1 fusion-flex-column\" style=\"--awb-bg-size:cover;--awb-width-large:100%;--awb-margin-top-large:0px;--awb-spacing-right-large:1.92%;--awb-margin-bottom-large:0px;--awb-spacing-left-large:1.92%;--awb-width-medium:100%;--awb-order-medium:0;--awb-spacing-right-medium:1.92%;--awb-spacing-left-medium:1.92%;--awb-width-small:100%;--awb-order-small:0;--awb-spacing-right-small:1.92%;--awb-spacing-left-small:1.92%;\" data-scroll-devices=\"small-visibility,medium-visibility,large-visibility\"><div class=\"fusion-column-wrapper fusion-column-has-shadow fusion-flex-justify-content-flex-start fusion-content-layout-column\"><div class=\"fusion-text fusion-text-1\"><h1>Estimaci\u00f3n de buena fe<\/h1>\n<\/div><\/div><\/div><div class=\"fusion-layout-column fusion_builder_column fusion-builder-column-1 fusion_builder_column_1_2 1_2 fusion-flex-column\" style=\"--awb-bg-size:cover;--awb-width-large:50%;--awb-margin-top-large:0px;--awb-spacing-right-large:3.84%;--awb-margin-bottom-large:20px;--awb-spacing-left-large:3.84%;--awb-width-medium:100%;--awb-order-medium:0;--awb-spacing-right-medium:1.92%;--awb-spacing-left-medium:1.92%;--awb-width-small:100%;--awb-order-small:0;--awb-spacing-right-small:1.92%;--awb-spacing-left-small:1.92%;\"><div class=\"fusion-column-wrapper fusion-column-has-shadow fusion-flex-justify-content-flex-start fusion-content-layout-column\"><div class=\"fusion-text fusion-text-2\"><h2><b>Tus derechos y protecciones frente a facturas m\u00e9dicas sorpresa  <\/b><\/h2>\n<table>\n<tbody>\n<tr>\n<td><span style=\"font-weight: 400;\">Cuando recibes atenci\u00f3n de urgencia o te trata un proveedor de fuera de la red en un hospital o centro quir\u00fargico ambulatorio de la red, est\u00e1s protegido frente a la facturaci\u00f3n de saldos. En estos casos   <\/span><span style=\"font-weight: 400;\">no deber\u00edan <\/span><span style=\"font-weight: 400;\">cobrarte m\u00e1s que los copagos, el coseguro y\/o la franquicia de tu plan. <\/span> <\/td>\n<\/tr>\n<\/tbody>\n<\/table>\n<\/div><div class=\"fusion-separator fusion-full-width-sep\" style=\"align-self: center;margin-left: auto;margin-right: auto;width:100%;\"><\/div><div class=\"fusion-separator fusion-full-width-sep\" style=\"align-self: center;margin-left: auto;margin-right: auto;width:100%;\"><\/div><div class=\"fusion-separator fusion-full-width-sep\" style=\"align-self: center;margin-left: auto;margin-right: auto;width:100%;\"><div class=\"fusion-separator-border sep-single sep-solid\" style=\"--awb-height:20px;--awb-amount:20px;border-color:#595758;border-top-width:1px;\"><\/div><\/div><div class=\"fusion-text fusion-text-3\"><p>&nbsp;<\/p>\n<p><em><b>\u00bfQu\u00e9 es la \u201cfacturaci\u00f3n de saldo\u201d (a veces llamada \u201cfacturaci\u00f3n sorpresa\u201d)?  <\/b><b> <\/b><\/em><\/p>\n<p><span style=\"font-weight: 400;\">Cuando acudas al m\u00e9dico o a otro profesional sanitario, es posible que debas ciertos <\/span><span style=\"font-weight: 400;\">gastos de bolsillo<\/span><span style=\"font-weight: 400;\">como un <\/span><span style=\"font-weight: 400;\">copago<\/span><span style=\"font-weight: 400;\">, <\/span><span style=\"font-weight: 400;\">coseguro<\/span><span style=\"font-weight: 400;\">o <\/span><span style=\"font-weight: 400;\">franquicia<\/span><span style=\"font-weight: 400;\">. Puedes tener costes adicionales o tener que pagar toda la factura si acudes a un proveedor o a un centro sanitario que no pertenece a la red de tu plan de salud.  <\/span><\/p>\n<p><span style=\"font-weight: 400;\">\u00abFuera de la red\u00bb significa proveedores y centros que no han firmado un contrato con tu plan de salud para prestar servicios. Los proveedores fuera de la red pueden facturarte la diferencia entre lo que paga tu plan y el importe total cobrado por un servicio. Esto se llama \u00bb  <\/span><b>facturaci\u00f3n de saldos<\/b><span style=\"font-weight: 400;\">.\u00bb Es probable que este importe sea superior a los costes dentro de la red por el mismo servicio y puede que no cuente para la franquicia o el l\u00edmite anual de gastos de tu plan.   <\/span><\/p>\n<p><span style=\"font-weight: 400;\">La \u201cfacturaci\u00f3n sorpresa\u201d es una factura de saldo inesperada. Esto puede ocurrir cuando no puedes controlar qui\u00e9n interviene en tu atenci\u00f3n, como cuando tienes una urgencia o cuando programas una visita en un centro de la red, pero inesperadamente te atiende un proveedor fuera de la red. Las facturas m\u00e9dicas sorpresa pueden costar miles de d\u00f3lares, dependiendo del procedimiento o servicio.    <\/span><\/p>\n<p><em><b>Est\u00e1s protegido frente a la facturaci\u00f3n de saldo por:  <\/b><\/em><\/p>\n<p><b>Servicios de emergencia  <\/b><\/p>\n<p><span style=\"font-weight: 400;\">Si tienes una urgencia m\u00e9dica y recibes servicios de urgencia de un proveedor o centro fuera de la red, lo m\u00e1ximo que pueden facturarte es el importe de la participaci\u00f3n en los gastos dentro de la red de tu plan (como copagos, coseguro y franquicias). Puedes consultar   <\/span><b>no puede  <\/b><span style=\"font-weight: 400;\">que te facturen el saldo de estos servicios de urgencia. Esto incluye los servicios que puedas recibir despu\u00e9s de estar estable, a menos que des tu consentimiento por escrito y renuncies a tus protecciones para que no te facturen el saldo de estos servicios posteriores a la estabilizaci\u00f3n.   <\/span><\/p>\n<p><b>Determinados servicios en un hospital o centro quir\u00fargico ambulatorio de la red  <\/b><\/p>\n<p><span style=\"font-weight: 400;\">Cuando recibes servicios de un hospital o centro quir\u00fargico ambulatorio de la red, determinados proveedores  <\/span><span style=\"font-weight: 400;\">pueden estar fuera de la red. En estos casos, lo m\u00e1ximo que pueden facturarte esos proveedores es el importe de participaci\u00f3n en los gastos dentro de la red de tu plan. Esto se aplica a medicina de urgencias, anestesia, patolog\u00eda,    <\/span><span style=\"font-weight: 400;\">servicios de radiolog\u00eda, laboratorio, neonatolog\u00eda, cirujano asistente, hospitalista o intensivista. Estos proveedores   <\/span><b>no puede<\/b><span style=\"font-weight: 400;\"> facturarte el saldo y puede <\/span><b>no <\/b><span style=\"font-weight: 400;\">pedirte que renuncies a tus protecciones de no saldo. <\/span><span style=\"font-weight: 400;\">Si recibes otro tipo de servicios en estos centros de la red, los proveedores fuera de la red <\/span><b>no pueden <\/b><span style=\"font-weight: 400;\">facturarte el saldo, a menos que des tu consentimiento por escrito y renuncies a tus protecciones.<\/span><\/p>\n<\/div><\/div><\/div><div class=\"fusion-layout-column fusion_builder_column fusion-builder-column-2 fusion_builder_column_1_2 1_2 fusion-flex-column\" style=\"--awb-bg-size:cover;--awb-width-large:50%;--awb-margin-top-large:0px;--awb-spacing-right-large:3.84%;--awb-margin-bottom-large:20px;--awb-spacing-left-large:3.84%;--awb-width-medium:100%;--awb-order-medium:0;--awb-spacing-right-medium:1.92%;--awb-spacing-left-medium:1.92%;--awb-width-small:100%;--awb-order-small:0;--awb-spacing-right-small:1.92%;--awb-spacing-left-small:1.92%;\"><div class=\"fusion-column-wrapper fusion-column-has-shadow fusion-flex-justify-content-flex-start fusion-content-layout-column\"><div class=\"fusion-image-element \" style=\"--awb-caption-title-font-family:var(--h2_typography-font-family);--awb-caption-title-font-weight:var(--h2_typography-font-weight);--awb-caption-title-font-style:var(--h2_typography-font-style);--awb-caption-title-size:var(--h2_typography-font-size);--awb-caption-title-transform:var(--h2_typography-text-transform);--awb-caption-title-line-height:var(--h2_typography-line-height);--awb-caption-title-letter-spacing:var(--h2_typography-letter-spacing);\"><span class=\" fusion-imageframe imageframe-none imageframe-1 hover-type-none\"><img data-recalc-dims=\"1\" decoding=\"async\" width=\"1366\" height=\"911\" title=\"Conceptual,Business,Illustration,With,The,Words,Good,Faith,Estimate\" src=\"https:\/\/i0.wp.com\/pauquette.com\/wp-content\/uploads\/2024\/12\/Good-Faith-Estimate.jpg?resize=1366%2C911&#038;ssl=1\" alt class=\"img-responsive wp-image-16520\" srcset=\"https:\/\/i0.wp.com\/pauquette.com\/wp-content\/uploads\/2024\/12\/Good-Faith-Estimate.jpg?resize=199%2C133&amp;ssl=1 199w, https:\/\/i0.wp.com\/pauquette.com\/wp-content\/uploads\/2024\/12\/Good-Faith-Estimate.jpg?resize=200%2C133&amp;ssl=1 200w, https:\/\/i0.wp.com\/pauquette.com\/wp-content\/uploads\/2024\/12\/Good-Faith-Estimate.jpg?resize=322%2C215&amp;ssl=1 322w, https:\/\/i0.wp.com\/pauquette.com\/wp-content\/uploads\/2024\/12\/Good-Faith-Estimate.jpg?resize=400%2C267&amp;ssl=1 400w, https:\/\/i0.wp.com\/pauquette.com\/wp-content\/uploads\/2024\/12\/Good-Faith-Estimate.jpg?resize=522%2C348&amp;ssl=1 522w, https:\/\/i0.wp.com\/pauquette.com\/wp-content\/uploads\/2024\/12\/Good-Faith-Estimate.jpg?resize=600%2C400&amp;ssl=1 600w, https:\/\/i0.wp.com\/pauquette.com\/wp-content\/uploads\/2024\/12\/Good-Faith-Estimate.jpg?resize=768%2C512&amp;ssl=1 768w, https:\/\/i0.wp.com\/pauquette.com\/wp-content\/uploads\/2024\/12\/Good-Faith-Estimate.jpg?resize=800%2C534&amp;ssl=1 800w, https:\/\/i0.wp.com\/pauquette.com\/wp-content\/uploads\/2024\/12\/Good-Faith-Estimate.jpg?resize=1200%2C800&amp;ssl=1 1200w, https:\/\/i0.wp.com\/pauquette.com\/wp-content\/uploads\/2024\/12\/Good-Faith-Estimate.jpg?w=1366&amp;ssl=1 1366w\" sizes=\"(max-width: 1094px) 100vw, (max-width: 909px) 100vw, 800px\" \/><\/span><\/div><div class=\"fusion-text fusion-text-4\"><h2><b>Nunca <\/b><b>nunca<\/b><b>  no est\u00e1s obligado a renunciar a la protecci\u00f3n frente a la facturaci\u00f3n de saldos. Tampoco est\u00e1s obligado a recibir asistencia fuera de la red. Puedes elegir un proveedor o centro de la red de tu plan.    <\/b><\/h2>\n<p><b>Cuando no se permite la facturaci\u00f3n del saldo, tambi\u00e9n tienes estas protecciones:<\/b><\/p>\n<ul>\n<li>S\u00f3lo eres responsable de pagar tu parte del coste (como los copagos, el coseguro y la franquicia que pagar\u00edas si el proveedor o centro estuviera dentro de la red). Tu plan de salud pagar\u00e1 directamente cualquier coste adicional a los proveedores y centros fuera de la red.   <b><\/b><\/li>\n<li><b><\/b>En general, tu plan de salud debe<\/li>\n<li>Cubren los servicios de urgencia sin exigirte que los apruebes por adelantado (lo que tambi\u00e9n se conoce como \u201cautorizaci\u00f3n previa\u201d).<\/li>\n<li>Cubre los servicios de urgencia prestados por proveedores fuera de la red.<\/li>\n<li>Basa lo que debes al proveedor o centro (gastos compartidos) en lo que pagar\u00eda a un proveedor o centro de la red y muestra esa cantidad en tu explicaci\u00f3n de prestaciones.<\/li>\n<li>Cuenta cualquier cantidad que pagues por servicios de urgencia o servicios fuera de la red para tu deducible dentro de la red y el l\u00edmite de gastos de tu bolsillo.<\/li>\n<\/ul>\n<h2><b>Tienes derecho a recibir una \u201cEstimaci\u00f3n de buena fe\u201d que explique cu\u00e1nto costar\u00e1 tu atenci\u00f3n m\u00e9dica<\/b><\/h2>\n<p>Seg\u00fan la ley, los proveedores de asistencia sanitaria tienen que dar a <b>los pacientes que no tienen seguro o que no lo utilizan<\/b> una estimaci\u00f3n de la factura de los art\u00edculos y servicios m\u00e9dicos.<\/p>\n<ul>\n<li aria-level=\"1\">Aseg\u00farate de que tu proveedor de asistencia sanitaria te da una Estimaci\u00f3n de Buena Fe por escrito al menos 1 d\u00eda laborable antes de tu servicio o art\u00edculo m\u00e9dico. Tambi\u00e9n puedes pedir a tu proveedor de asistencia sanitaria, y a cualquier otro proveedor que elijas, una Estimaci\u00f3n de Buena Fe antes de programar un art\u00edculo o servicio. <\/li>\n<li aria-level=\"1\">Si recibes una factura que supera en al menos 400 $ tu Estimaci\u00f3n de Buena Fe, puedes impugnarla<\/li>\n<li aria-level=\"1\">Aseg\u00farate de guardar una copia o una foto de tu Estimaci\u00f3n de Buena Fe.<\/li>\n<\/ul>\n<p><b>Si crees que te han facturado err\u00f3neamente<\/b>, visita <a href=\"http:\/\/www.cms.gov\/nosurprises\/consumers\">www.cms.gov\/nosurprises\/consumers<\/a>. <i>  para m\u00e1s informaci\u00f3n sobre tus derechos seg\u00fan la ley federal. El n\u00famero de tel\u00e9fono federal para informaci\u00f3n y reclamaciones es 1-800-985-3059 <\/i>].<\/p>\n<\/div><\/div><\/div><\/div><\/div>\n","protected":false},"excerpt":{"rendered":"","protected":false},"author":1,"featured_media":0,"parent":0,"menu_order":4,"comment_status":"closed","ping_status":"closed","template":"","meta":{"footnotes":""},"class_list":["post-16632","page","type-page","status-publish","hentry"],"yoast_head":"<!-- This site is optimized with the Yoast SEO plugin v27.3 - https:\/\/yoast.com\/product\/yoast-seo-wordpress\/ -->\n<title>Estimaci\u00f3n de buena fe - Pauquette Center<\/title>\n<meta name=\"robots\" content=\"index, follow, max-snippet:-1, max-image-preview:large, max-video-preview:-1\" \/>\n<link rel=\"canonical\" href=\"https:\/\/pauquette.com\/es\/estimacion-de-buena-fe\/\" \/>\n<meta property=\"og:locale\" content=\"es_ES\" \/>\n<meta property=\"og:type\" content=\"article\" \/>\n<meta property=\"og:title\" content=\"Estimaci\u00f3n de buena fe - Pauquette Center\" \/>\n<meta property=\"og:url\" content=\"https:\/\/pauquette.com\/es\/estimacion-de-buena-fe\/\" \/>\n<meta property=\"og:site_name\" content=\"Pauquette Center\" \/>\n<meta property=\"article:publisher\" content=\"https:\/\/www.facebook.com\/pauquettecenter\" \/>\n<meta property=\"article:modified_time\" content=\"2025-05-27T20:41:36+00:00\" \/>\n<meta name=\"twitter:card\" content=\"summary_large_image\" \/>\n<meta name=\"twitter:label1\" content=\"Tiempo de lectura\" \/>\n\t<meta name=\"twitter:data1\" content=\"18 minutos\" \/>\n<script type=\"application\/ld+json\" class=\"yoast-schema-graph\">{\"@context\":\"https:\\\/\\\/schema.org\",\"@graph\":[{\"@type\":\"WebPage\",\"@id\":\"https:\\\/\\\/pauquette.com\\\/es\\\/estimacion-de-buena-fe\\\/\",\"url\":\"https:\\\/\\\/pauquette.com\\\/es\\\/estimacion-de-buena-fe\\\/\",\"name\":\"Estimaci\u00f3n de buena fe - Pauquette Center\",\"isPartOf\":{\"@id\":\"https:\\\/\\\/pauquette.com\\\/es\\\/#website\"},\"datePublished\":\"2024-09-23T20:42:47+00:00\",\"dateModified\":\"2025-05-27T20:41:36+00:00\",\"breadcrumb\":{\"@id\":\"https:\\\/\\\/pauquette.com\\\/es\\\/estimacion-de-buena-fe\\\/#breadcrumb\"},\"inLanguage\":\"es\",\"potentialAction\":[{\"@type\":\"ReadAction\",\"target\":[\"https:\\\/\\\/pauquette.com\\\/es\\\/estimacion-de-buena-fe\\\/\"]}]},{\"@type\":\"BreadcrumbList\",\"@id\":\"https:\\\/\\\/pauquette.com\\\/es\\\/estimacion-de-buena-fe\\\/#breadcrumb\",\"itemListElement\":[{\"@type\":\"ListItem\",\"position\":1,\"name\":\"Home\",\"item\":\"https:\\\/\\\/pauquette.com\\\/es\\\/pagina-de-inicio\\\/\"},{\"@type\":\"ListItem\",\"position\":2,\"name\":\"Estimaci\u00f3n de buena fe\"}]},{\"@type\":\"WebSite\",\"@id\":\"https:\\\/\\\/pauquette.com\\\/es\\\/#website\",\"url\":\"https:\\\/\\\/pauquette.com\\\/es\\\/\",\"name\":\"Pauquette Center\",\"description\":\"Compassionate professionals ready to serve your psychological needs.  Serving Columbia, Richland, Sauk, and adjacent counties.\",\"potentialAction\":[{\"@type\":\"SearchAction\",\"target\":{\"@type\":\"EntryPoint\",\"urlTemplate\":\"https:\\\/\\\/pauquette.com\\\/es\\\/?s={search_term_string}\"},\"query-input\":{\"@type\":\"PropertyValueSpecification\",\"valueRequired\":true,\"valueName\":\"search_term_string\"}}],\"inLanguage\":\"es\"}]}<\/script>\n<!-- \/ Yoast SEO plugin. -->","yoast_head_json":{"title":"Estimaci\u00f3n de buena fe - Pauquette Center","robots":{"index":"index","follow":"follow","max-snippet":"max-snippet:-1","max-image-preview":"max-image-preview:large","max-video-preview":"max-video-preview:-1"},"canonical":"https:\/\/pauquette.com\/es\/estimacion-de-buena-fe\/","og_locale":"es_ES","og_type":"article","og_title":"Estimaci\u00f3n de buena fe - Pauquette Center","og_url":"https:\/\/pauquette.com\/es\/estimacion-de-buena-fe\/","og_site_name":"Pauquette Center","article_publisher":"https:\/\/www.facebook.com\/pauquettecenter","article_modified_time":"2025-05-27T20:41:36+00:00","twitter_card":"summary_large_image","twitter_misc":{"Tiempo de lectura":"18 minutos"},"schema":{"@context":"https:\/\/schema.org","@graph":[{"@type":"WebPage","@id":"https:\/\/pauquette.com\/es\/estimacion-de-buena-fe\/","url":"https:\/\/pauquette.com\/es\/estimacion-de-buena-fe\/","name":"Estimaci\u00f3n de buena fe - Pauquette Center","isPartOf":{"@id":"https:\/\/pauquette.com\/es\/#website"},"datePublished":"2024-09-23T20:42:47+00:00","dateModified":"2025-05-27T20:41:36+00:00","breadcrumb":{"@id":"https:\/\/pauquette.com\/es\/estimacion-de-buena-fe\/#breadcrumb"},"inLanguage":"es","potentialAction":[{"@type":"ReadAction","target":["https:\/\/pauquette.com\/es\/estimacion-de-buena-fe\/"]}]},{"@type":"BreadcrumbList","@id":"https:\/\/pauquette.com\/es\/estimacion-de-buena-fe\/#breadcrumb","itemListElement":[{"@type":"ListItem","position":1,"name":"Home","item":"https:\/\/pauquette.com\/es\/pagina-de-inicio\/"},{"@type":"ListItem","position":2,"name":"Estimaci\u00f3n de buena fe"}]},{"@type":"WebSite","@id":"https:\/\/pauquette.com\/es\/#website","url":"https:\/\/pauquette.com\/es\/","name":"Pauquette Center","description":"Compassionate professionals ready to serve your psychological needs.  Serving Columbia, Richland, Sauk, and adjacent counties.","potentialAction":[{"@type":"SearchAction","target":{"@type":"EntryPoint","urlTemplate":"https:\/\/pauquette.com\/es\/?s={search_term_string}"},"query-input":{"@type":"PropertyValueSpecification","valueRequired":true,"valueName":"search_term_string"}}],"inLanguage":"es"}]}},"jetpack_sharing_enabled":true,"jetpack_shortlink":"https:\/\/wp.me\/PakdW4-4kg","jetpack-related-posts":[{"id":16645,"url":"https:\/\/pauquette.com\/es\/formulario-de-contacto-para-nuevos-clientes\/","url_meta":{"origin":16632,"position":0},"title":"Formulario de contacto para nuevos clientes","author":"pauquette18","date":"27 de abril de 2019","format":false,"excerpt":"","rel":"","context":"Entrada similar","block_context":{"text":"Entrada similar","link":""},"img":{"alt_text":"","src":"","width":0,"height":0},"classes":[]},{"id":555,"url":"https:\/\/pauquette.com\/contact-us\/","url_meta":{"origin":16632,"position":1},"title":"Contact Us","author":"pauquette18","date":"13 de abril de 2018","format":false,"excerpt":"","rel":"","context":"Entrada similar","block_context":{"text":"Entrada similar","link":""},"img":{"alt_text":"","src":"","width":0,"height":0},"classes":[]},{"id":3485,"url":"https:\/\/pauquette.com\/pauquette-center-for-psychological-services-2-2\/","url_meta":{"origin":16632,"position":2},"title":"Home Page","author":"JoEllen Westendorf","date":"5 de junio de 2020","format":false,"excerpt":"","rel":"","context":"Entrada similar","block_context":{"text":"Entrada similar","link":""},"img":{"alt_text":"","src":"https:\/\/i0.wp.com\/pauquette.com\/wp-content\/uploads\/2025\/11\/1000000339-322x242.jpeg?resize=350%2C200&ssl=1","width":350,"height":200},"classes":[]},{"id":460,"url":"https:\/\/pauquette.com\/offices-and-locations\/","url_meta":{"origin":16632,"position":3},"title":"Pauquette Center Offices and Locations","author":"pauquette18","date":"12 de abril de 2018","format":false,"excerpt":"","rel":"","context":"Entrada similar","block_context":{"text":"Entrada similar","link":""},"img":{"alt_text":"","src":"","width":0,"height":0},"classes":[]},{"id":16682,"url":"https:\/\/pauquette.com\/es\/oficinas-y-ubicaciones-del-centro-pauquette\/","url_meta":{"origin":16632,"position":4},"title":"Oficinas y ubicaciones del Centro Pauquette","author":"pauquette18","date":"12 de abril de 2018","format":false,"excerpt":"","rel":"","context":"Entrada similar","block_context":{"text":"Entrada similar","link":""},"img":{"alt_text":"","src":"","width":0,"height":0},"classes":[]},{"id":64,"url":"https:\/\/pauquette.com\/privacy-policy\/","url_meta":{"origin":16632,"position":5},"title":"Privacy Policy","author":"pauquette18","date":"6 de abril de 2018","format":false,"excerpt":"","rel":"","context":"Entrada similar","block_context":{"text":"Entrada similar","link":""},"img":{"alt_text":"","src":"","width":0,"height":0},"classes":[]}],"_links":{"self":[{"href":"https:\/\/pauquette.com\/es\/wp-json\/wp\/v2\/pages\/16632","targetHints":{"allow":["GET"]}}],"collection":[{"href":"https:\/\/pauquette.com\/es\/wp-json\/wp\/v2\/pages"}],"about":[{"href":"https:\/\/pauquette.com\/es\/wp-json\/wp\/v2\/types\/page"}],"author":[{"embeddable":true,"href":"https:\/\/pauquette.com\/es\/wp-json\/wp\/v2\/users\/1"}],"replies":[{"embeddable":true,"href":"https:\/\/pauquette.com\/es\/wp-json\/wp\/v2\/comments?post=16632"}],"version-history":[{"count":3,"href":"https:\/\/pauquette.com\/es\/wp-json\/wp\/v2\/pages\/16632\/revisions"}],"predecessor-version":[{"id":16635,"href":"https:\/\/pauquette.com\/es\/wp-json\/wp\/v2\/pages\/16632\/revisions\/16635"}],"wp:attachment":[{"href":"https:\/\/pauquette.com\/es\/wp-json\/wp\/v2\/media?parent=16632"}],"curies":[{"name":"wp","href":"https:\/\/api.w.org\/{rel}","templated":true}]}}