{"id":16617,"date":"2023-06-26T15:31:01","date_gmt":"2023-06-26T15:31:01","guid":{"rendered":"https:\/\/pauquette.com\/terapia-de-grupo-para-el-control-de-la-ira-habilidades-de-afrontamiento\/"},"modified":"2025-05-27T20:41:49","modified_gmt":"2025-05-27T20:41:49","slug":"terapia-de-grupo-para-el-control-de-la-ira-habilidades-de-afrontamiento","status":"publish","type":"page","link":"https:\/\/pauquette.com\/es\/servicios-de-salud-mental\/terapia-de-grupo-para-el-control-de-la-ira-habilidades-de-afrontamiento\/","title":{"rendered":"Terapia de grupo para el control de la ira Habilidades de afrontamiento"},"content":{"rendered":"<div class=\"fusion-fullwidth fullwidth-box fusion-builder-row-1 has-pattern-background has-mask-background nonhundred-percent-fullwidth non-hundred-percent-height-scrolling fusion-no-small-visibility\" style=\"--awb-border-radius-top-left:0px;--awb-border-radius-top-right:0px;--awb-border-radius-bottom-right:0px;--awb-border-radius-bottom-left:0px;--awb-flex-wrap:wrap;\" ><div class=\"fusion-builder-row fusion-row\"><div class=\"fusion-layout-column fusion_builder_column fusion-builder-column-0 fusion_builder_column_1_1 1_1 fusion-one-full fusion-column-first fusion-column-last\" style=\"--awb-bg-blend:overlay;--awb-bg-size:cover;--awb-margin-bottom:0px;\"><div class=\"fusion-column-wrapper fusion-flex-column-wrapper-legacy\"><div class=\"fusion-text fusion-text-1\"><h1>Terapia de grupo para el control de la ira Habilidades de afrontamiento<\/h1>\n<h2>Clases y t\u00e9cnicas para controlar la ira<\/h2>\n<\/div><div class=\"fusion-clearfix\"><\/div><\/div><\/div><div class=\"fusion-layout-column fusion_builder_column fusion-builder-column-1 fusion_builder_column_1_2 1_2 fusion-one-half fusion-column-first\" style=\"--awb-bg-size:cover;width:50%;width:calc(50% - ( ( 4% ) * 0.5 ) );margin-right: 4%;\"><div class=\"fusion-column-wrapper fusion-column-has-shadow fusion-flex-column-wrapper-legacy\"><div class=\"fusion-text fusion-text-2\"><p><span style=\"font-weight: 400;\">Nuestras clases de control de la ira y clases online pueden ser \u00fatiles para ti, si experimentas problemas de ira, frustraci\u00f3n o irritaci\u00f3n que son intensos, prolongados, se intensifican r\u00e1pidamente o conducen a agresiones verbales o f\u00edsicas que interfieren en tu trabajo\/carrera, salud f\u00edsica y relaciones con tu pareja, hijos, familia, amigos y compa\u00f1eros,  <\/span><\/p>\n<p><span style=\"font-weight: 400;\">Te ayudaremos a identificar tus se\u00f1ales de ira y te ense\u00f1aremos t\u00e9cnicas para regular tus emociones y pensamientos, reducir las sensaciones f\u00edsicas causadas por la ira, expresar la frustraci\u00f3n de forma m\u00e1s eficaz y aprender formas de evitar empeorar las cosas. Las t\u00e9cnicas, habilidades y estrategias de control de la ira que se ense\u00f1an se basan en la Terapia Dial\u00e9ctica Conductual y en pruebas s\u00f3lidas sobre el tratamiento de los problemas de ira. <\/span><\/p>\n<p><span style=\"font-weight: 400;\">Si tienes antecedentes de violencia con tu c\u00f3nyuge\/pareja, el Centro Pauquette ofrece otros grupos m\u00e1s adecuados especializados en aprender a gestionar los pensamientos y emociones que conducen a la violencia dom\u00e9stica.<\/span><\/p>\n<h2>Clase de control de la ira en l\u00ednea<\/h2>\n<p><span style=\"font-weight: 400;\">A trav\u00e9s de Telesalud los martes de 17:30 a 18:45 durante 13-14 semanas. Aceptamos remisiones en cualquier momento y determinaremos una fecha exacta de inicio una vez que tengamos un n\u00famero suficiente de participantes.   <\/span><\/p>\n<h2>Expectativas<\/h2>\n<p><strong>Se espera que los participantes en las clases de control de la ira y en las clases online:<\/strong><\/p>\n<ul>\n<li style=\"font-weight: 400;\" aria-level=\"1\"><span style=\"font-weight: 400;\">Adquiere el siguiente libro de ejercicios: El Libro de Trabajo de Habilidades de Terapia Dial\u00e9ctica Conductual para la Ira: Using DBT Mindfulness and Emotion Regulation to Manage Anger, de Alexander L. Chapman, PhD, Rpsych y Kim L. Gratz, PhD. Cuesta unos 23,00 $. <\/span><\/li>\n<li style=\"font-weight: 400;\" aria-level=\"1\"><span style=\"font-weight: 400;\">Mot\u00edvate para el cambio.<\/span><\/li>\n<li style=\"font-weight: 400;\" aria-level=\"1\"><span style=\"font-weight: 400;\">Asiste sistem\u00e1ticamente y participa en la discusi\u00f3n en grupo.<\/span><\/li>\n<li style=\"font-weight: 400;\" aria-level=\"1\"><span style=\"font-weight: 400;\">Ser capaz de unirse a trav\u00e9s de la telesalud en un entorno privado y confidencial.<\/span><\/li>\n<li style=\"font-weight: 400;\" aria-level=\"1\"><span style=\"font-weight: 400;\">Completa las lecturas y ejercicios fuera de clase cada semana.<\/span><\/li>\n<\/ul>\n<h2>Proceso de remisi\u00f3n<\/h2>\n<p><span style=\"font-weight: 400;\">Si ya eres cliente del Centro Pauquette, habla con tu terapeuta sobre las clases y sobre c\u00f3mo ser derivado.<\/span><\/p>\n<p><span style=\"font-weight: 400;\">Si no eres cliente actual del Centro Pauquette, rellena el <\/span><span style=\"font-weight: 400;\">Formulario de Derivaci\u00f3n Externa en el Sitio Web<\/span><span style=\"font-weight: 400;\">. Una vez que tengamos un n\u00famero suficiente de personas remitidas, te citaremos para una breve exploraci\u00f3n con el fin de proporcionar informaci\u00f3n sobre tus antecedentes y determinar si el grupo de clase encajar\u00eda bien. Si encajas bien, deber\u00e1s rellenar la documentaci\u00f3n de nuevo cliente y se te citar\u00e1 para una sesi\u00f3n en la que se realizar\u00e1 una admisi\u00f3n y un plan de tratamiento. <\/span><\/p>\n<\/div><div class=\"fusion-text fusion-text-3\"><p><a href=\"https:\/\/pauquette.com\/wp-content\/uploads\/2024\/09\/Anger-Management-Coping-Skills.pdf\" target=\"_blank\" rel=\"noopener\">Folleto del Grupo<\/a><\/p>\n<\/div><div class=\"fusion-text fusion-text-4\"><p><a class=\"fusion-modal-text-link\" href=\"https:\/\/docs.google.com\/forms\/d\/e\/1FAIpQLScDzMNU3y5P-3quUfmIco18osKvxhAIr7nzuGDdOumqhRxmdA\/viewform\" target=\"_blank\" rel=\"noopener\" data-toggle=\"modal\" data-target=\".fusion-modal.refang\">Grupo de control de la ira Formulario de remisi\u00f3n externa<\/a><\/p>\n<\/div><div class=\"fusion-clearfix\"><\/div><\/div><\/div><div class=\"fusion-layout-column fusion_builder_column fusion-builder-column-2 fusion_builder_column_1_2 1_2 fusion-one-half fusion-column-last\" style=\"--awb-bg-size:cover;width:50%;width:calc(50% - ( ( 4% ) * 0.5 ) );\"><div class=\"fusion-column-wrapper fusion-column-has-shadow fusion-flex-column-wrapper-legacy\"><div class=\"fusion-image-element in-legacy-container\" style=\"--awb-caption-title-font-family:var(--h2_typography-font-family);--awb-caption-title-font-weight:var(--h2_typography-font-weight);--awb-caption-title-font-style:var(--h2_typography-font-style);--awb-caption-title-size:var(--h2_typography-font-size);--awb-caption-title-transform:var(--h2_typography-text-transform);--awb-caption-title-line-height:var(--h2_typography-line-height);--awb-caption-title-letter-spacing:var(--h2_typography-letter-spacing);\"><span class=\" fusion-imageframe imageframe-none imageframe-1 hover-type-none\"><img data-recalc-dims=\"1\" decoding=\"async\" width=\"1366\" height=\"650\" alt=\"clases de control de la ira, clases de control de la ira online, problemas de ira, t\u00e9cnicas de control de la ira\" title=\"Group of people in circle from diverse culture holding hands.Tea\" src=\"https:\/\/i0.wp.com\/pauquette.com\/wp-content\/uploads\/2024\/09\/Pauquette-Referrals.jpg?resize=1366%2C650&#038;ssl=1\" class=\"img-responsive wp-image-16472\" srcset=\"https:\/\/i0.wp.com\/pauquette.com\/wp-content\/uploads\/2024\/09\/Pauquette-Referrals.jpg?resize=199%2C95&amp;ssl=1 199w, https:\/\/i0.wp.com\/pauquette.com\/wp-content\/uploads\/2024\/09\/Pauquette-Referrals.jpg?resize=200%2C95&amp;ssl=1 200w, https:\/\/i0.wp.com\/pauquette.com\/wp-content\/uploads\/2024\/09\/Pauquette-Referrals.jpg?resize=322%2C153&amp;ssl=1 322w, https:\/\/i0.wp.com\/pauquette.com\/wp-content\/uploads\/2024\/09\/Pauquette-Referrals.jpg?resize=400%2C190&amp;ssl=1 400w, https:\/\/i0.wp.com\/pauquette.com\/wp-content\/uploads\/2024\/09\/Pauquette-Referrals.jpg?resize=522%2C248&amp;ssl=1 522w, https:\/\/i0.wp.com\/pauquette.com\/wp-content\/uploads\/2024\/09\/Pauquette-Referrals.jpg?resize=600%2C286&amp;ssl=1 600w, https:\/\/i0.wp.com\/pauquette.com\/wp-content\/uploads\/2024\/09\/Pauquette-Referrals.jpg?resize=768%2C366&amp;ssl=1 768w, https:\/\/i0.wp.com\/pauquette.com\/wp-content\/uploads\/2024\/09\/Pauquette-Referrals.jpg?resize=800%2C381&amp;ssl=1 800w, https:\/\/i0.wp.com\/pauquette.com\/wp-content\/uploads\/2024\/09\/Pauquette-Referrals.jpg?resize=1200%2C571&amp;ssl=1 1200w, https:\/\/i0.wp.com\/pauquette.com\/wp-content\/uploads\/2024\/09\/Pauquette-Referrals.jpg?resize=1536%2C731&amp;ssl=1 1536w, https:\/\/i0.wp.com\/pauquette.com\/wp-content\/uploads\/2024\/09\/Pauquette-Referrals.jpg?w=2000&amp;ssl=1 2000w\" sizes=\"(max-width: 800px) 100vw, 800px\" \/><\/span><\/div><div class=\"fusion-clearfix\"><\/div><\/div><\/div><\/div><\/div>\n","protected":false},"excerpt":{"rendered":"","protected":false},"author":2,"featured_media":0,"parent":16654,"menu_order":14,"comment_status":"closed","ping_status":"closed","template":"","meta":{"footnotes":""},"class_list":["post-16617","page","type-page","status-publish","hentry"],"yoast_head":"<!-- This site is optimized with the Yoast SEO plugin v27.3 - https:\/\/yoast.com\/product\/yoast-seo-wordpress\/ -->\n<title>Problemas de ira, Clases de control de la ira, Clase online<\/title>\n<meta name=\"description\" content=\"Nuestras clases de control de la ira y clases online, ense\u00f1an t\u00e9cnicas para tratar los problemas de ira que interfieren en la carrera, la salud y las relaciones.\" \/>\n<meta name=\"robots\" content=\"index, follow, max-snippet:-1, max-image-preview:large, max-video-preview:-1\" \/>\n<link rel=\"canonical\" href=\"https:\/\/pauquette.com\/es\/servicios-de-salud-mental\/terapia-de-grupo-para-el-control-de-la-ira-habilidades-de-afrontamiento\/\" \/>\n<meta property=\"og:locale\" content=\"es_ES\" \/>\n<meta property=\"og:type\" content=\"article\" \/>\n<meta property=\"og:title\" content=\"Problemas de ira, Clases de control de la ira, Clase online\" \/>\n<meta property=\"og:description\" content=\"Nuestras clases de control de la ira y clases online, ense\u00f1an t\u00e9cnicas para tratar los problemas de ira que interfieren en la carrera, la salud y las relaciones.\" \/>\n<meta property=\"og:url\" content=\"https:\/\/pauquette.com\/es\/servicios-de-salud-mental\/terapia-de-grupo-para-el-control-de-la-ira-habilidades-de-afrontamiento\/\" \/>\n<meta property=\"og:site_name\" content=\"Pauquette Center\" \/>\n<meta property=\"article:publisher\" content=\"https:\/\/www.facebook.com\/pauquettecenter\" \/>\n<meta property=\"article:modified_time\" content=\"2025-05-27T20:41:49+00:00\" \/>\n<meta name=\"twitter:card\" content=\"summary_large_image\" \/>\n<meta name=\"twitter:label1\" content=\"Tiempo de lectura\" \/>\n\t<meta name=\"twitter:data1\" content=\"11 minutos\" \/>\n<script type=\"application\/ld+json\" class=\"yoast-schema-graph\">{\"@context\":\"https:\\\/\\\/schema.org\",\"@graph\":[{\"@type\":\"WebPage\",\"@id\":\"https:\\\/\\\/pauquette.com\\\/es\\\/servicios-de-salud-mental\\\/terapia-de-grupo-para-el-control-de-la-ira-habilidades-de-afrontamiento\\\/\",\"url\":\"https:\\\/\\\/pauquette.com\\\/es\\\/servicios-de-salud-mental\\\/terapia-de-grupo-para-el-control-de-la-ira-habilidades-de-afrontamiento\\\/\",\"name\":\"Problemas de ira, Clases de control de la ira, Clase online\",\"isPartOf\":{\"@id\":\"https:\\\/\\\/pauquette.com\\\/es\\\/#website\"},\"datePublished\":\"2023-06-26T15:31:01+00:00\",\"dateModified\":\"2025-05-27T20:41:49+00:00\",\"description\":\"Nuestras clases de control de la ira y clases online, ense\u00f1an t\u00e9cnicas para tratar los problemas de ira que interfieren en la carrera, la salud y las relaciones.\",\"breadcrumb\":{\"@id\":\"https:\\\/\\\/pauquette.com\\\/es\\\/servicios-de-salud-mental\\\/terapia-de-grupo-para-el-control-de-la-ira-habilidades-de-afrontamiento\\\/#breadcrumb\"},\"inLanguage\":\"es\",\"potentialAction\":[{\"@type\":\"ReadAction\",\"target\":[\"https:\\\/\\\/pauquette.com\\\/es\\\/servicios-de-salud-mental\\\/terapia-de-grupo-para-el-control-de-la-ira-habilidades-de-afrontamiento\\\/\"]}]},{\"@type\":\"BreadcrumbList\",\"@id\":\"https:\\\/\\\/pauquette.com\\\/es\\\/servicios-de-salud-mental\\\/terapia-de-grupo-para-el-control-de-la-ira-habilidades-de-afrontamiento\\\/#breadcrumb\",\"itemListElement\":[{\"@type\":\"ListItem\",\"position\":1,\"name\":\"Home\",\"item\":\"https:\\\/\\\/pauquette.com\\\/es\\\/pagina-de-inicio\\\/\"},{\"@type\":\"ListItem\",\"position\":2,\"name\":\"Servicios de Salud Mental\",\"item\":\"https:\\\/\\\/pauquette.com\\\/es\\\/servicios-de-salud-mental\\\/\"},{\"@type\":\"ListItem\",\"position\":3,\"name\":\"Terapia de grupo para el control de la ira Habilidades de afrontamiento\"}]},{\"@type\":\"WebSite\",\"@id\":\"https:\\\/\\\/pauquette.com\\\/es\\\/#website\",\"url\":\"https:\\\/\\\/pauquette.com\\\/es\\\/\",\"name\":\"Pauquette Center\",\"description\":\"Compassionate professionals ready to serve your psychological needs.  Serving Columbia, Richland, Sauk, and adjacent counties.\",\"potentialAction\":[{\"@type\":\"SearchAction\",\"target\":{\"@type\":\"EntryPoint\",\"urlTemplate\":\"https:\\\/\\\/pauquette.com\\\/es\\\/?s={search_term_string}\"},\"query-input\":{\"@type\":\"PropertyValueSpecification\",\"valueRequired\":true,\"valueName\":\"search_term_string\"}}],\"inLanguage\":\"es\"}]}<\/script>\n<!-- \/ Yoast SEO plugin. -->","yoast_head_json":{"title":"Problemas de ira, Clases de control de la ira, Clase online","description":"Nuestras clases de control de la ira y clases online, ense\u00f1an t\u00e9cnicas para tratar los problemas de ira que interfieren en la carrera, la salud y las relaciones.","robots":{"index":"index","follow":"follow","max-snippet":"max-snippet:-1","max-image-preview":"max-image-preview:large","max-video-preview":"max-video-preview:-1"},"canonical":"https:\/\/pauquette.com\/es\/servicios-de-salud-mental\/terapia-de-grupo-para-el-control-de-la-ira-habilidades-de-afrontamiento\/","og_locale":"es_ES","og_type":"article","og_title":"Problemas de ira, Clases de control de la ira, Clase online","og_description":"Nuestras clases de control de la ira y clases online, ense\u00f1an t\u00e9cnicas para tratar los problemas de ira que interfieren en la carrera, la salud y las relaciones.","og_url":"https:\/\/pauquette.com\/es\/servicios-de-salud-mental\/terapia-de-grupo-para-el-control-de-la-ira-habilidades-de-afrontamiento\/","og_site_name":"Pauquette Center","article_publisher":"https:\/\/www.facebook.com\/pauquettecenter","article_modified_time":"2025-05-27T20:41:49+00:00","twitter_card":"summary_large_image","twitter_misc":{"Tiempo de lectura":"11 minutos"},"schema":{"@context":"https:\/\/schema.org","@graph":[{"@type":"WebPage","@id":"https:\/\/pauquette.com\/es\/servicios-de-salud-mental\/terapia-de-grupo-para-el-control-de-la-ira-habilidades-de-afrontamiento\/","url":"https:\/\/pauquette.com\/es\/servicios-de-salud-mental\/terapia-de-grupo-para-el-control-de-la-ira-habilidades-de-afrontamiento\/","name":"Problemas de ira, Clases de control de la ira, Clase online","isPartOf":{"@id":"https:\/\/pauquette.com\/es\/#website"},"datePublished":"2023-06-26T15:31:01+00:00","dateModified":"2025-05-27T20:41:49+00:00","description":"Nuestras clases de control de la ira y clases online, ense\u00f1an t\u00e9cnicas para tratar los problemas de ira que interfieren en la carrera, la salud y las relaciones.","breadcrumb":{"@id":"https:\/\/pauquette.com\/es\/servicios-de-salud-mental\/terapia-de-grupo-para-el-control-de-la-ira-habilidades-de-afrontamiento\/#breadcrumb"},"inLanguage":"es","potentialAction":[{"@type":"ReadAction","target":["https:\/\/pauquette.com\/es\/servicios-de-salud-mental\/terapia-de-grupo-para-el-control-de-la-ira-habilidades-de-afrontamiento\/"]}]},{"@type":"BreadcrumbList","@id":"https:\/\/pauquette.com\/es\/servicios-de-salud-mental\/terapia-de-grupo-para-el-control-de-la-ira-habilidades-de-afrontamiento\/#breadcrumb","itemListElement":[{"@type":"ListItem","position":1,"name":"Home","item":"https:\/\/pauquette.com\/es\/pagina-de-inicio\/"},{"@type":"ListItem","position":2,"name":"Servicios de Salud Mental","item":"https:\/\/pauquette.com\/es\/servicios-de-salud-mental\/"},{"@type":"ListItem","position":3,"name":"Terapia de grupo para el control de la ira Habilidades de afrontamiento"}]},{"@type":"WebSite","@id":"https:\/\/pauquette.com\/es\/#website","url":"https:\/\/pauquette.com\/es\/","name":"Pauquette Center","description":"Compassionate professionals ready to serve your psychological needs.  Serving Columbia, Richland, Sauk, and adjacent counties.","potentialAction":[{"@type":"SearchAction","target":{"@type":"EntryPoint","urlTemplate":"https:\/\/pauquette.com\/es\/?s={search_term_string}"},"query-input":{"@type":"PropertyValueSpecification","valueRequired":true,"valueName":"search_term_string"}}],"inLanguage":"es"}]}},"jetpack_sharing_enabled":true,"jetpack_shortlink":"https:\/\/wp.me\/PakdW4-4k1","jetpack-related-posts":[{"id":16645,"url":"https:\/\/pauquette.com\/es\/formulario-de-contacto-para-nuevos-clientes\/","url_meta":{"origin":16617,"position":0},"title":"Formulario de contacto para nuevos clientes","author":"pauquette18","date":"27 de abril de 2019","format":false,"excerpt":"","rel":"","context":"Entrada similar","block_context":{"text":"Entrada similar","link":""},"img":{"alt_text":"","src":"","width":0,"height":0},"classes":[]},{"id":555,"url":"https:\/\/pauquette.com\/contact-us\/","url_meta":{"origin":16617,"position":1},"title":"Contact Us","author":"pauquette18","date":"13 de abril de 2018","format":false,"excerpt":"","rel":"","context":"Entrada similar","block_context":{"text":"Entrada similar","link":""},"img":{"alt_text":"","src":"","width":0,"height":0},"classes":[]},{"id":3485,"url":"https:\/\/pauquette.com\/pauquette-center-for-psychological-services-2-2\/","url_meta":{"origin":16617,"position":2},"title":"Home Page","author":"JoEllen Westendorf","date":"5 de junio de 2020","format":false,"excerpt":"","rel":"","context":"Entrada similar","block_context":{"text":"Entrada similar","link":""},"img":{"alt_text":"","src":"https:\/\/i0.wp.com\/pauquette.com\/wp-content\/uploads\/2025\/11\/1000000339-322x242.jpeg?resize=350%2C200&ssl=1","width":350,"height":200},"classes":[]},{"id":460,"url":"https:\/\/pauquette.com\/offices-and-locations\/","url_meta":{"origin":16617,"position":3},"title":"Pauquette Center Offices and Locations","author":"pauquette18","date":"12 de abril de 2018","format":false,"excerpt":"","rel":"","context":"Entrada similar","block_context":{"text":"Entrada similar","link":""},"img":{"alt_text":"","src":"","width":0,"height":0},"classes":[]},{"id":16682,"url":"https:\/\/pauquette.com\/es\/oficinas-y-ubicaciones-del-centro-pauquette\/","url_meta":{"origin":16617,"position":4},"title":"Oficinas y ubicaciones del Centro Pauquette","author":"pauquette18","date":"12 de abril de 2018","format":false,"excerpt":"","rel":"","context":"Entrada similar","block_context":{"text":"Entrada similar","link":""},"img":{"alt_text":"","src":"","width":0,"height":0},"classes":[]},{"id":64,"url":"https:\/\/pauquette.com\/privacy-policy\/","url_meta":{"origin":16617,"position":5},"title":"Privacy Policy","author":"pauquette18","date":"6 de abril de 2018","format":false,"excerpt":"","rel":"","context":"Entrada similar","block_context":{"text":"Entrada similar","link":""},"img":{"alt_text":"","src":"","width":0,"height":0},"classes":[]}],"_links":{"self":[{"href":"https:\/\/pauquette.com\/es\/wp-json\/wp\/v2\/pages\/16617","targetHints":{"allow":["GET"]}}],"collection":[{"href":"https:\/\/pauquette.com\/es\/wp-json\/wp\/v2\/pages"}],"about":[{"href":"https:\/\/pauquette.com\/es\/wp-json\/wp\/v2\/types\/page"}],"author":[{"embeddable":true,"href":"https:\/\/pauquette.com\/es\/wp-json\/wp\/v2\/users\/2"}],"replies":[{"embeddable":true,"href":"https:\/\/pauquette.com\/es\/wp-json\/wp\/v2\/comments?post=16617"}],"version-history":[{"count":3,"href":"https:\/\/pauquette.com\/es\/wp-json\/wp\/v2\/pages\/16617\/revisions"}],"predecessor-version":[{"id":16622,"href":"https:\/\/pauquette.com\/es\/wp-json\/wp\/v2\/pages\/16617\/revisions\/16622"}],"up":[{"embeddable":true,"href":"https:\/\/pauquette.com\/es\/wp-json\/wp\/v2\/pages\/16654"}],"wp:attachment":[{"href":"https:\/\/pauquette.com\/es\/wp-json\/wp\/v2\/media?parent=16617"}],"curies":[{"name":"wp","href":"https:\/\/api.w.org\/{rel}","templated":true}]}}