{"id":16608,"date":"2024-04-30T21:06:41","date_gmt":"2024-04-30T21:06:41","guid":{"rendered":"https:\/\/pauquette.com\/mental-health-crisis-linea-de-prevencion-del-suicidio-y-crisis\/"},"modified":"2025-05-29T20:50:19","modified_gmt":"2025-05-29T20:50:19","slug":"mental-health-crisis-linea-de-prevencion-del-suicidio-y-crisis","status":"publish","type":"page","link":"https:\/\/pauquette.com\/es\/mental-health-crisis-linea-de-prevencion-del-suicidio-y-crisis\/","title":{"rendered":"Mental Health Crisis \/ L\u00ednea de Prevenci\u00f3n del Suicidio y Crisis"},"content":{"rendered":"<div class=\"fusion-fullwidth fullwidth-box fusion-builder-row-1 fusion-flex-container has-pattern-background has-mask-background nonhundred-percent-fullwidth non-hundred-percent-height-scrolling\" style=\"--awb-border-radius-top-left:0px;--awb-border-radius-top-right:0px;--awb-border-radius-bottom-right:0px;--awb-border-radius-bottom-left:0px;--awb-flex-wrap:wrap;\" ><div class=\"fusion-builder-row fusion-row fusion-flex-align-items-flex-start fusion-flex-content-wrap\" style=\"max-width:1420.64px;margin-left: calc(-4% \/ 2 );margin-right: calc(-4% \/ 2 );\"><div class=\"fusion-layout-column fusion_builder_column fusion-builder-column-0 fusion_builder_column_1_1 1_1 fusion-flex-column\" style=\"--awb-padding-bottom:0%;--awb-bg-size:cover;--awb-width-large:100%;--awb-margin-top-large:0px;--awb-spacing-right-large:1.92%;--awb-margin-bottom-large:0px;--awb-spacing-left-large:1.92%;--awb-width-medium:100%;--awb-order-medium:0;--awb-spacing-right-medium:1.92%;--awb-spacing-left-medium:1.92%;--awb-width-small:100%;--awb-order-small:0;--awb-spacing-right-small:1.92%;--awb-spacing-left-small:1.92%;\" data-scroll-devices=\"small-visibility,medium-visibility,large-visibility\"><div class=\"fusion-column-wrapper fusion-column-has-shadow fusion-flex-justify-content-flex-start fusion-content-layout-column\"><div class=\"fusion-text fusion-text-1\"><h1 class=\"content-box-heading\">Crisis de salud mental<\/h1>\n<h2 class=\"content-box-heading\">L\u00ednea de Prevenci\u00f3n del Suicidio y Crisis<\/h2>\n<\/div><\/div><\/div><div class=\"fusion-layout-column fusion_builder_column fusion-builder-column-1 fusion_builder_column_3_5 3_5 fusion-flex-column\" style=\"--awb-bg-size:cover;--awb-width-large:60%;--awb-margin-top-large:0px;--awb-spacing-right-large:3.2%;--awb-margin-bottom-large:20px;--awb-spacing-left-large:3.2%;--awb-width-medium:100%;--awb-order-medium:0;--awb-spacing-right-medium:1.92%;--awb-spacing-left-medium:1.92%;--awb-width-small:100%;--awb-order-small:0;--awb-spacing-right-small:1.92%;--awb-spacing-left-small:1.92%;\"><div class=\"fusion-column-wrapper fusion-column-has-shadow fusion-flex-justify-content-flex-start fusion-content-layout-column\"><ul style=\"--awb-line-height:27.2px;--awb-icon-width:27.2px;--awb-icon-height:27.2px;--awb-icon-margin:11.2px;--awb-content-margin:38.4px;--awb-circlecolor:var(--awb-custom11);--awb-circle-yes-font-size:14.08px;\" class=\"fusion-checklist fusion-checklist-1 fusion-checklist-default type-icons\"><li class=\"fusion-li-item\" style=\"\"><span class=\"icon-wrapper circle-yes\"><i class=\"fusion-li-icon fa-headset fas\" aria-hidden=\"true\"><\/i><\/span><div class=\"fusion-li-item-content\">Si sufres una crisis de salud mental potencialmente mortal, llama al 911<\/div><\/li><li class=\"fusion-li-item\" style=\"\"><span class=\"icon-wrapper circle-yes\"><i class=\"fusion-li-icon fa-headset fas\" aria-hidden=\"true\"><\/i><\/span><div class=\"fusion-li-item-content\">Si est\u00e1s sufriendo una crisis de salud mental o te sientes suicida u homicida y necesitas ayuda inmediata, llama a Conexiones del Noroeste: 1-888-552-6642<\/div><\/li><li class=\"fusion-li-item\" style=\"\"><span class=\"icon-wrapper circle-yes\"><i class=\"fusion-li-icon fa-headset fas\" aria-hidden=\"true\"><\/i><\/span><div class=\"fusion-li-item-content\">Llama a la L\u00ednea Nacional de Prevenci\u00f3n del Suicidio: 1-800-273-8255 o env\u00eda un mensaje de texto de ayuda al 741741<\/div><\/li><li class=\"fusion-li-item\" style=\"\"><span class=\"icon-wrapper circle-yes\"><i class=\"fusion-li-icon fa-headset fas\" aria-hidden=\"true\"><\/i><\/span><div class=\"fusion-li-item-content\">Llamada, L\u00ednea de vida para suicidios y crisis: 988<\/div><\/li><li class=\"fusion-li-item\" style=\"\"><span class=\"icon-wrapper circle-yes\"><i class=\"fusion-li-icon fa-headset fas\" aria-hidden=\"true\"><\/i><\/span><div class=\"fusion-li-item-content\">Llama: L\u00ednea de Prevenci\u00f3n del Suicidio y Crisis: 988<\/div><\/li><\/ul><div class=\"fusion-separator fusion-full-width-sep\" style=\"align-self: center;margin-left: auto;margin-right: auto;margin-top:2%;width:100%;\"><\/div><div class=\"fusion-text fusion-text-2\"><p>Si eres cliente de la cl\u00ednica y experimentas una crisis de salud mental o te sientes suicida u homicida y necesitas hablar con un terapeuta:<\/p>\n<\/div><ul style=\"--awb-line-height:27.2px;--awb-icon-width:27.2px;--awb-icon-height:27.2px;--awb-icon-margin:11.2px;--awb-content-margin:38.4px;--awb-circlecolor:var(--awb-custom11);--awb-circle-yes-font-size:14.08px;\" class=\"fusion-checklist fusion-checklist-2 fusion-checklist-default type-icons\"><li class=\"fusion-li-item\" style=\"\"><span class=\"icon-wrapper circle-yes\"><i class=\"fusion-li-icon fa-headset fas\" aria-hidden=\"true\"><\/i><\/span><div class=\"fusion-li-item-content\">Durante el horario laboral (de lunes a viernes, de 8:00 a 17:00): llama a la cl\u00ednica del Centro Pauquette donde normalmente ves a tu terapeuta<\/div><\/li><li class=\"fusion-li-item\" style=\"\"><span class=\"icon-wrapper circle-yes\"><i class=\"fusion-li-icon fa-headset fas\" aria-hidden=\"true\"><\/i><\/span><div class=\"fusion-li-item-content\">\n<p>Fuera de horario &#8211; llama a nuestro Terapeuta de Guardia: 608-477-3183<\/p>\n<\/div><\/li><\/ul><div class=\"fusion-separator fusion-full-width-sep\" style=\"align-self: center;margin-left: auto;margin-right: auto;margin-top:2%;width:100%;\"><\/div><div class=\"fusion-text fusion-text-3\"><p>*Por favor, NO llames al Terapeuta de Guardia para preguntas sobre medicamentos recetados, reposiciones, citas o facturaci\u00f3n. Se te puede cobrar una tarifa por el uso inadecuado de este n\u00famero de tel\u00e9fono de urgencias.<\/p>\n<\/div><\/div><\/div><div class=\"fusion-layout-column fusion_builder_column fusion-builder-column-2 fusion_builder_column_2_5 2_5 fusion-flex-column\" style=\"--awb-bg-size:cover;--awb-width-large:40%;--awb-margin-top-large:0px;--awb-spacing-right-large:4.8%;--awb-margin-bottom-large:20px;--awb-spacing-left-large:4.8%;--awb-width-medium:100%;--awb-order-medium:0;--awb-spacing-right-medium:1.92%;--awb-spacing-left-medium:1.92%;--awb-width-small:100%;--awb-order-small:0;--awb-spacing-right-small:1.92%;--awb-spacing-left-small:1.92%;\"><div class=\"fusion-column-wrapper fusion-column-has-shadow fusion-flex-justify-content-flex-start fusion-content-layout-column\"><div class=\"fusion-image-element \" style=\"--awb-caption-title-font-family:var(--h2_typography-font-family);--awb-caption-title-font-weight:var(--h2_typography-font-weight);--awb-caption-title-font-style:var(--h2_typography-font-style);--awb-caption-title-size:var(--h2_typography-font-size);--awb-caption-title-transform:var(--h2_typography-text-transform);--awb-caption-title-line-height:var(--h2_typography-line-height);--awb-caption-title-letter-spacing:var(--h2_typography-letter-spacing);\"><span class=\" fusion-imageframe imageframe-none imageframe-1 hover-type-none\"><img data-recalc-dims=\"1\" decoding=\"async\" width=\"1280\" height=\"854\" alt=\"L\u00ednea de crisis de salud mental\" title=\"Mental Health Crisis Support\" src=\"https:\/\/i0.wp.com\/pauquette.com\/wp-content\/uploads\/2025\/01\/Mental-Health-Crisis-Support.jpg?resize=1280%2C854&#038;ssl=1\" class=\"img-responsive wp-image-16528\" srcset=\"https:\/\/i0.wp.com\/pauquette.com\/wp-content\/uploads\/2025\/01\/Mental-Health-Crisis-Support.jpg?resize=199%2C133&amp;ssl=1 199w, https:\/\/i0.wp.com\/pauquette.com\/wp-content\/uploads\/2025\/01\/Mental-Health-Crisis-Support.jpg?resize=200%2C133&amp;ssl=1 200w, https:\/\/i0.wp.com\/pauquette.com\/wp-content\/uploads\/2025\/01\/Mental-Health-Crisis-Support.jpg?resize=322%2C215&amp;ssl=1 322w, https:\/\/i0.wp.com\/pauquette.com\/wp-content\/uploads\/2025\/01\/Mental-Health-Crisis-Support.jpg?resize=400%2C267&amp;ssl=1 400w, https:\/\/i0.wp.com\/pauquette.com\/wp-content\/uploads\/2025\/01\/Mental-Health-Crisis-Support.jpg?resize=522%2C348&amp;ssl=1 522w, https:\/\/i0.wp.com\/pauquette.com\/wp-content\/uploads\/2025\/01\/Mental-Health-Crisis-Support.jpg?resize=600%2C400&amp;ssl=1 600w, https:\/\/i0.wp.com\/pauquette.com\/wp-content\/uploads\/2025\/01\/Mental-Health-Crisis-Support.jpg?resize=768%2C512&amp;ssl=1 768w, https:\/\/i0.wp.com\/pauquette.com\/wp-content\/uploads\/2025\/01\/Mental-Health-Crisis-Support.jpg?resize=800%2C534&amp;ssl=1 800w, https:\/\/i0.wp.com\/pauquette.com\/wp-content\/uploads\/2025\/01\/Mental-Health-Crisis-Support.jpg?resize=1200%2C801&amp;ssl=1 1200w, https:\/\/i0.wp.com\/pauquette.com\/wp-content\/uploads\/2025\/01\/Mental-Health-Crisis-Support.jpg?w=1280&amp;ssl=1 1280w\" sizes=\"(max-width: 1094px) 100vw, (max-width: 909px) 100vw, 600px\" \/><\/span><\/div><\/div><\/div><\/div><\/div>\n","protected":false},"excerpt":{"rendered":"","protected":false},"author":2,"featured_media":0,"parent":0,"menu_order":2,"comment_status":"closed","ping_status":"closed","template":"","meta":{"footnotes":""},"class_list":["post-16608","page","type-page","status-publish","hentry"],"yoast_head":"<!-- This site is optimized with the Yoast SEO plugin v27.3 - https:\/\/yoast.com\/product\/yoast-seo-wordpress\/ -->\n<title>Mental Health Crisis \/ L\u00ednea de Prevenci\u00f3n del Suicidio y Crisis - Pauquette Center<\/title>\n<meta name=\"description\" content=\"Si eres cliente del Centro Pauquette y experimentas una crisis de salud mental o te sientes con tendencias suicidas u homicidas, llama:\" \/>\n<meta name=\"robots\" content=\"index, follow, max-snippet:-1, max-image-preview:large, max-video-preview:-1\" \/>\n<link rel=\"canonical\" href=\"https:\/\/pauquette.com\/es\/mental-health-crisis-linea-de-prevencion-del-suicidio-y-crisis\/\" \/>\n<meta property=\"og:locale\" content=\"es_ES\" \/>\n<meta property=\"og:type\" content=\"article\" \/>\n<meta property=\"og:title\" content=\"Mental Health Crisis \/ L\u00ednea de Prevenci\u00f3n del Suicidio y Crisis - Pauquette Center\" \/>\n<meta property=\"og:description\" content=\"Si eres cliente del Centro Pauquette y experimentas una crisis de salud mental o te sientes con tendencias suicidas u homicidas, llama:\" \/>\n<meta property=\"og:url\" content=\"https:\/\/pauquette.com\/es\/mental-health-crisis-linea-de-prevencion-del-suicidio-y-crisis\/\" \/>\n<meta property=\"og:site_name\" content=\"Pauquette Center\" \/>\n<meta property=\"article:publisher\" content=\"https:\/\/www.facebook.com\/pauquettecenter\" \/>\n<meta property=\"article:modified_time\" content=\"2025-05-29T20:50:19+00:00\" \/>\n<meta name=\"twitter:card\" content=\"summary_large_image\" \/>\n<meta name=\"twitter:label1\" content=\"Tiempo de lectura\" \/>\n\t<meta name=\"twitter:data1\" content=\"1 minuto\" \/>\n<script type=\"application\/ld+json\" class=\"yoast-schema-graph\">{\"@context\":\"https:\\\/\\\/schema.org\",\"@graph\":[{\"@type\":\"WebPage\",\"@id\":\"https:\\\/\\\/pauquette.com\\\/es\\\/mental-health-crisis-linea-de-prevencion-del-suicidio-y-crisis\\\/\",\"url\":\"https:\\\/\\\/pauquette.com\\\/es\\\/mental-health-crisis-linea-de-prevencion-del-suicidio-y-crisis\\\/\",\"name\":\"Mental Health Crisis \\\/ L\u00ednea de Prevenci\u00f3n del Suicidio y Crisis - Pauquette Center\",\"isPartOf\":{\"@id\":\"https:\\\/\\\/pauquette.com\\\/es\\\/#website\"},\"datePublished\":\"2024-04-30T21:06:41+00:00\",\"dateModified\":\"2025-05-29T20:50:19+00:00\",\"description\":\"Si eres cliente del Centro Pauquette y experimentas una crisis de salud mental o te sientes con tendencias suicidas u homicidas, llama:\",\"breadcrumb\":{\"@id\":\"https:\\\/\\\/pauquette.com\\\/es\\\/mental-health-crisis-linea-de-prevencion-del-suicidio-y-crisis\\\/#breadcrumb\"},\"inLanguage\":\"es\",\"potentialAction\":[{\"@type\":\"ReadAction\",\"target\":[\"https:\\\/\\\/pauquette.com\\\/es\\\/mental-health-crisis-linea-de-prevencion-del-suicidio-y-crisis\\\/\"]}]},{\"@type\":\"BreadcrumbList\",\"@id\":\"https:\\\/\\\/pauquette.com\\\/es\\\/mental-health-crisis-linea-de-prevencion-del-suicidio-y-crisis\\\/#breadcrumb\",\"itemListElement\":[{\"@type\":\"ListItem\",\"position\":1,\"name\":\"Home\",\"item\":\"https:\\\/\\\/pauquette.com\\\/es\\\/pagina-de-inicio\\\/\"},{\"@type\":\"ListItem\",\"position\":2,\"name\":\"Mental Health Crisis \\\/ L\u00ednea de Prevenci\u00f3n del Suicidio y Crisis\"}]},{\"@type\":\"WebSite\",\"@id\":\"https:\\\/\\\/pauquette.com\\\/es\\\/#website\",\"url\":\"https:\\\/\\\/pauquette.com\\\/es\\\/\",\"name\":\"Pauquette Center\",\"description\":\"Compassionate professionals ready to serve your psychological needs.  Serving Columbia, Richland, Sauk, and adjacent counties.\",\"potentialAction\":[{\"@type\":\"SearchAction\",\"target\":{\"@type\":\"EntryPoint\",\"urlTemplate\":\"https:\\\/\\\/pauquette.com\\\/es\\\/?s={search_term_string}\"},\"query-input\":{\"@type\":\"PropertyValueSpecification\",\"valueRequired\":true,\"valueName\":\"search_term_string\"}}],\"inLanguage\":\"es\"}]}<\/script>\n<!-- \/ Yoast SEO plugin. -->","yoast_head_json":{"title":"Mental Health Crisis \/ L\u00ednea de Prevenci\u00f3n del Suicidio y Crisis - Pauquette Center","description":"Si eres cliente del Centro Pauquette y experimentas una crisis de salud mental o te sientes con tendencias suicidas u homicidas, llama:","robots":{"index":"index","follow":"follow","max-snippet":"max-snippet:-1","max-image-preview":"max-image-preview:large","max-video-preview":"max-video-preview:-1"},"canonical":"https:\/\/pauquette.com\/es\/mental-health-crisis-linea-de-prevencion-del-suicidio-y-crisis\/","og_locale":"es_ES","og_type":"article","og_title":"Mental Health Crisis \/ L\u00ednea de Prevenci\u00f3n del Suicidio y Crisis - Pauquette Center","og_description":"Si eres cliente del Centro Pauquette y experimentas una crisis de salud mental o te sientes con tendencias suicidas u homicidas, llama:","og_url":"https:\/\/pauquette.com\/es\/mental-health-crisis-linea-de-prevencion-del-suicidio-y-crisis\/","og_site_name":"Pauquette Center","article_publisher":"https:\/\/www.facebook.com\/pauquettecenter","article_modified_time":"2025-05-29T20:50:19+00:00","twitter_card":"summary_large_image","twitter_misc":{"Tiempo de lectura":"1 minuto"},"schema":{"@context":"https:\/\/schema.org","@graph":[{"@type":"WebPage","@id":"https:\/\/pauquette.com\/es\/mental-health-crisis-linea-de-prevencion-del-suicidio-y-crisis\/","url":"https:\/\/pauquette.com\/es\/mental-health-crisis-linea-de-prevencion-del-suicidio-y-crisis\/","name":"Mental Health Crisis \/ L\u00ednea de Prevenci\u00f3n del Suicidio y Crisis - Pauquette Center","isPartOf":{"@id":"https:\/\/pauquette.com\/es\/#website"},"datePublished":"2024-04-30T21:06:41+00:00","dateModified":"2025-05-29T20:50:19+00:00","description":"Si eres cliente del Centro Pauquette y experimentas una crisis de salud mental o te sientes con tendencias suicidas u homicidas, llama:","breadcrumb":{"@id":"https:\/\/pauquette.com\/es\/mental-health-crisis-linea-de-prevencion-del-suicidio-y-crisis\/#breadcrumb"},"inLanguage":"es","potentialAction":[{"@type":"ReadAction","target":["https:\/\/pauquette.com\/es\/mental-health-crisis-linea-de-prevencion-del-suicidio-y-crisis\/"]}]},{"@type":"BreadcrumbList","@id":"https:\/\/pauquette.com\/es\/mental-health-crisis-linea-de-prevencion-del-suicidio-y-crisis\/#breadcrumb","itemListElement":[{"@type":"ListItem","position":1,"name":"Home","item":"https:\/\/pauquette.com\/es\/pagina-de-inicio\/"},{"@type":"ListItem","position":2,"name":"Mental Health Crisis \/ L\u00ednea de Prevenci\u00f3n del Suicidio y Crisis"}]},{"@type":"WebSite","@id":"https:\/\/pauquette.com\/es\/#website","url":"https:\/\/pauquette.com\/es\/","name":"Pauquette Center","description":"Compassionate professionals ready to serve your psychological needs.  Serving Columbia, Richland, Sauk, and adjacent counties.","potentialAction":[{"@type":"SearchAction","target":{"@type":"EntryPoint","urlTemplate":"https:\/\/pauquette.com\/es\/?s={search_term_string}"},"query-input":{"@type":"PropertyValueSpecification","valueRequired":true,"valueName":"search_term_string"}}],"inLanguage":"es"}]}},"jetpack_sharing_enabled":true,"jetpack_shortlink":"https:\/\/wp.me\/PakdW4-4jS","jetpack-related-posts":[{"id":555,"url":"https:\/\/pauquette.com\/contact-us\/","url_meta":{"origin":16608,"position":0},"title":"Contact Us","author":"pauquette18","date":"13 de abril de 2018","format":false,"excerpt":"","rel":"","context":"Entrada similar","block_context":{"text":"Entrada similar","link":""},"img":{"alt_text":"","src":"","width":0,"height":0},"classes":[]},{"id":16645,"url":"https:\/\/pauquette.com\/es\/formulario-de-contacto-para-nuevos-clientes\/","url_meta":{"origin":16608,"position":1},"title":"Formulario de contacto para nuevos clientes","author":"pauquette18","date":"27 de abril de 2019","format":false,"excerpt":"","rel":"","context":"Entrada similar","block_context":{"text":"Entrada similar","link":""},"img":{"alt_text":"","src":"","width":0,"height":0},"classes":[]},{"id":3485,"url":"https:\/\/pauquette.com\/pauquette-center-for-psychological-services-2-2\/","url_meta":{"origin":16608,"position":2},"title":"Home Page","author":"JoEllen Westendorf","date":"5 de junio de 2020","format":false,"excerpt":"","rel":"","context":"Entrada similar","block_context":{"text":"Entrada similar","link":""},"img":{"alt_text":"","src":"https:\/\/i0.wp.com\/pauquette.com\/wp-content\/uploads\/2025\/11\/1000000339-322x242.jpeg?resize=350%2C200&ssl=1","width":350,"height":200},"classes":[]},{"id":16909,"url":"https:\/\/pauquette.com\/training_for_therapists-continuing-education-for-mental-health-professionals-and-psychologists\/dbt-3-day-skills-training\/","url_meta":{"origin":16608,"position":3},"title":"DBT: 3 Day Skills Training","author":"JoEllen Westendorf","date":"18 de julio de 2025","format":false,"excerpt":"","rel":"","context":"Entrada similar","block_context":{"text":"Entrada similar","link":""},"img":{"alt_text":"mental health professionals, Psychologist, therapist Whitewater WI","src":"https:\/\/i0.wp.com\/pauquette.com\/wp-content\/uploads\/2021\/06\/HS-4-Or-Use-this-one-e1728327551838-199x199.jpg?resize=350%2C200&ssl=1","width":350,"height":200},"classes":[]},{"id":460,"url":"https:\/\/pauquette.com\/offices-and-locations\/","url_meta":{"origin":16608,"position":4},"title":"Pauquette Center Offices and Locations","author":"pauquette18","date":"12 de abril de 2018","format":false,"excerpt":"","rel":"","context":"Entrada similar","block_context":{"text":"Entrada similar","link":""},"img":{"alt_text":"","src":"","width":0,"height":0},"classes":[]},{"id":16682,"url":"https:\/\/pauquette.com\/es\/oficinas-y-ubicaciones-del-centro-pauquette\/","url_meta":{"origin":16608,"position":5},"title":"Oficinas y ubicaciones del Centro Pauquette","author":"pauquette18","date":"12 de abril de 2018","format":false,"excerpt":"","rel":"","context":"Entrada similar","block_context":{"text":"Entrada similar","link":""},"img":{"alt_text":"","src":"","width":0,"height":0},"classes":[]}],"_links":{"self":[{"href":"https:\/\/pauquette.com\/es\/wp-json\/wp\/v2\/pages\/16608","targetHints":{"allow":["GET"]}}],"collection":[{"href":"https:\/\/pauquette.com\/es\/wp-json\/wp\/v2\/pages"}],"about":[{"href":"https:\/\/pauquette.com\/es\/wp-json\/wp\/v2\/types\/page"}],"author":[{"embeddable":true,"href":"https:\/\/pauquette.com\/es\/wp-json\/wp\/v2\/users\/2"}],"replies":[{"embeddable":true,"href":"https:\/\/pauquette.com\/es\/wp-json\/wp\/v2\/comments?post=16608"}],"version-history":[{"count":4,"href":"https:\/\/pauquette.com\/es\/wp-json\/wp\/v2\/pages\/16608\/revisions"}],"predecessor-version":[{"id":16810,"href":"https:\/\/pauquette.com\/es\/wp-json\/wp\/v2\/pages\/16608\/revisions\/16810"}],"wp:attachment":[{"href":"https:\/\/pauquette.com\/es\/wp-json\/wp\/v2\/media?parent=16608"}],"curies":[{"name":"wp","href":"https:\/\/api.w.org\/{rel}","templated":true}]}}