{"id":16607,"date":"2024-04-17T19:13:53","date_gmt":"2024-04-17T19:13:53","guid":{"rendered":"https:\/\/pauquette.com\/servicios-comunitarios-integrales-ccs-remision-a-pauquette\/"},"modified":"2025-05-27T20:41:57","modified_gmt":"2025-05-27T20:41:57","slug":"servicios-comunitarios-integrales-ccs-remision-a-pauquette","status":"publish","type":"page","link":"https:\/\/pauquette.com\/es\/contacta-con-nosotros\/servicios-comunitarios-integrales-ccs-remision-a-pauquette\/","title":{"rendered":"Servicios Comunitarios Integrales (CCS) Remisi\u00f3n a Pauquette"},"content":{"rendered":"<p><div class=\"fusion-fullwidth fullwidth-box fusion-builder-row-1 has-pattern-background has-mask-background nonhundred-percent-fullwidth non-hundred-percent-height-scrolling fusion-no-small-visibility\" style=\"--awb-border-radius-top-left:0px;--awb-border-radius-top-right:0px;--awb-border-radius-bottom-right:0px;--awb-border-radius-bottom-left:0px;--awb-flex-wrap:wrap;\" ><div class=\"fusion-builder-row fusion-row\"><div class=\"fusion-layout-column fusion_builder_column fusion-builder-column-0 fusion_builder_column_1_1 1_1 fusion-one-full fusion-column-first fusion-column-last\" style=\"--awb-bg-size:cover;--awb-margin-bottom:0px;\"><div class=\"fusion-column-wrapper fusion-column-has-shadow fusion-flex-column-wrapper-legacy\"><div class=\"fusion-text fusion-text-1\" style=\"--awb-text-transform:none;\"><h1>Servicios Comunitarios Integrales (SIC)<\/h1>\n<\/div><div class=\"fusion-clearfix\"><\/div><\/div><\/div><div class=\"fusion-layout-column fusion_builder_column fusion-builder-column-1 fusion_builder_column_3_5 3_5 fusion-three-fifth fusion-column-first\" style=\"--awb-bg-size:cover;--awb-margin-bottom:0px;width:58.4%; margin-right: 4%;\" data-scroll-devices=\"small-visibility,medium-visibility,large-visibility\"><div class=\"fusion-column-wrapper fusion-column-has-shadow fusion-flex-column-wrapper-legacy\"><div class=\"fusion-text fusion-text-2\" style=\"--awb-text-transform:none;\"><p>Esta derivaci\u00f3n es para el Centro Pauquette de Servicios Psicol\u00f3gicos, servicios contratados por el CCS. Este formulario debe rellenarlo el facilitador de servicios del condado. <\/p>\n<p>Ten en cuenta que, al final de este formulario, tambi\u00e9n se te pedir\u00e1 que cargues el Plan de Servicios CCS y la Evaluaci\u00f3n Integral m\u00e1s reciente del cliente. Tambi\u00e9n se te pedir\u00e1 que sigas rellenando una Derivaci\u00f3n Integral DBT, si procede. <\/p>\n<p>Si tienes problemas con este formulario, ponte en contacto con nuestra oficina de Pauquette Whitewater llamando al <a href=\"tel:2624730670\" target=\"_blank\" rel=\"noopener\">262-473-0670<\/a> o enviando un correo electr\u00f3nico <a href=\"mailto:info@pauquette.com\" target=\"_blank\" rel=\"noopener\">a info@pauquette.com.<\/a><\/p>\n<p>Gracias.<\/p>\n<\/div><div class=\"fusion-alignleft\"><a class=\"fusion-button button-flat fusion-button-default-size button-default fusion-button-default button-1 fusion-button-default-span fusion-button-default-type\" target=\"_blank\" rel=\"noopener noreferrer\" href=\"https:\/\/docs.google.com\/forms\/d\/e\/1FAIpQLSfU62rVQTI1YWlBFNu_l68OExC54mUOGgKPEydFrusNNCXrkA\/viewform\"><span class=\"fusion-button-icon-divider button-icon-divider-left\"><i class=\"fa-hand-point-right fas awb-button__icon awb-button__icon--default\" aria-hidden=\"true\"><\/i><\/span><span class=\"fusion-button-text awb-button__text awb-button__text--default fusion-button-text-left\">Formulario de derivaci\u00f3n CCS<\/span><\/a><\/div><div class=\"fusion-clearfix\"><\/div><\/div><\/div><div class=\"fusion-layout-column fusion_builder_column fusion-builder-column-2 fusion_builder_column_2_5 2_5 fusion-two-fifth fusion-column-last\" style=\"--awb-bg-blend:overlay;--awb-bg-size:cover;--awb-margin-bottom:0px;width:37.6%;\" data-scroll-devices=\"small-visibility,medium-visibility,large-visibility\"><div class=\"fusion-column-wrapper fusion-column-has-shadow fusion-flex-column-wrapper-legacy\"><div class=\"fusion-image-element in-legacy-container\" style=\"--awb-caption-title-font-family:var(--h2_typography-font-family);--awb-caption-title-font-weight:var(--h2_typography-font-weight);--awb-caption-title-font-style:var(--h2_typography-font-style);--awb-caption-title-size:var(--h2_typography-font-size);--awb-caption-title-transform:var(--h2_typography-text-transform);--awb-caption-title-line-height:var(--h2_typography-line-height);--awb-caption-title-letter-spacing:var(--h2_typography-letter-spacing);\"><span class=\" fusion-imageframe imageframe-none imageframe-1 hover-type-none\"><a class=\"fusion-no-lightbox\" href=\"https:\/\/docs.google.com\/forms\/d\/e\/1FAIpQLSfU62rVQTI1YWlBFNu_l68OExC54mUOGgKPEydFrusNNCXrkA\/viewform\" target=\"_blank\" aria-label=\"CCS Logo Options\" rel=\"noopener noreferrer\"><img data-recalc-dims=\"1\" decoding=\"async\" width=\"690\" height=\"345\" src=\"https:\/\/i0.wp.com\/pauquette.com\/wp-content\/uploads\/2024\/10\/CCS-Logo-Options.png?resize=690%2C345&#038;ssl=1\" alt class=\"img-responsive wp-image-16499\" srcset=\"https:\/\/i0.wp.com\/pauquette.com\/wp-content\/uploads\/2024\/10\/CCS-Logo-Options.png?resize=199%2C100&amp;ssl=1 199w, https:\/\/i0.wp.com\/pauquette.com\/wp-content\/uploads\/2024\/10\/CCS-Logo-Options.png?resize=200%2C100&amp;ssl=1 200w, https:\/\/i0.wp.com\/pauquette.com\/wp-content\/uploads\/2024\/10\/CCS-Logo-Options.png?resize=322%2C161&amp;ssl=1 322w, https:\/\/i0.wp.com\/pauquette.com\/wp-content\/uploads\/2024\/10\/CCS-Logo-Options.png?resize=400%2C200&amp;ssl=1 400w, https:\/\/i0.wp.com\/pauquette.com\/wp-content\/uploads\/2024\/10\/CCS-Logo-Options.png?resize=522%2C261&amp;ssl=1 522w, https:\/\/i0.wp.com\/pauquette.com\/wp-content\/uploads\/2024\/10\/CCS-Logo-Options.png?resize=600%2C300&amp;ssl=1 600w, https:\/\/i0.wp.com\/pauquette.com\/wp-content\/uploads\/2024\/10\/CCS-Logo-Options.png?w=690&amp;ssl=1 690w\" sizes=\"(max-width: 800px) 100vw, 600px\" \/><\/a><\/span><\/div><div class=\"fusion-image-element in-legacy-container\" style=\"--awb-caption-title-font-family:var(--h2_typography-font-family);--awb-caption-title-font-weight:var(--h2_typography-font-weight);--awb-caption-title-font-style:var(--h2_typography-font-style);--awb-caption-title-size:var(--h2_typography-font-size);--awb-caption-title-transform:var(--h2_typography-text-transform);--awb-caption-title-line-height:var(--h2_typography-line-height);--awb-caption-title-letter-spacing:var(--h2_typography-letter-spacing);\"><span class=\" fusion-imageframe imageframe-none imageframe-2 hover-type-none\"><img data-recalc-dims=\"1\" decoding=\"async\" width=\"199\" height=\"177\" title=\"Dane CO Logo\" src=\"https:\/\/i0.wp.com\/pauquette.com\/wp-content\/uploads\/2025\/02\/Dane-CO-Logo.jpg?resize=199%2C177&#038;ssl=1\" alt class=\"img-responsive wp-image-16546\" srcset=\"https:\/\/i0.wp.com\/pauquette.com\/wp-content\/uploads\/2025\/02\/Dane-CO-Logo.jpg?resize=199%2C177&amp;ssl=1 199w, https:\/\/i0.wp.com\/pauquette.com\/wp-content\/uploads\/2025\/02\/Dane-CO-Logo.jpg?resize=200%2C178&amp;ssl=1 200w, https:\/\/i0.wp.com\/pauquette.com\/wp-content\/uploads\/2025\/02\/Dane-CO-Logo.jpg?resize=322%2C287&amp;ssl=1 322w, https:\/\/i0.wp.com\/pauquette.com\/wp-content\/uploads\/2025\/02\/Dane-CO-Logo.jpg?w=360&amp;ssl=1 360w\" sizes=\"(max-width: 800px) 100vw, 199px\" \/><\/span><\/div><div class=\"fusion-clearfix\"><\/div><\/div><\/div><\/div><\/div><div class=\"fusion-fullwidth fullwidth-box fusion-builder-row-2 has-pattern-background has-mask-background nonhundred-percent-fullwidth non-hundred-percent-height-scrolling fusion-no-medium-visibility fusion-no-large-visibility\" style=\"--awb-border-radius-top-left:0px;--awb-border-radius-top-right:0px;--awb-border-radius-bottom-right:0px;--awb-border-radius-bottom-left:0px;--awb-flex-wrap:wrap;\" ><div class=\"fusion-builder-row fusion-row\"><div class=\"fusion-layout-column fusion_builder_column fusion-builder-column-3 fusion_builder_column_1_1 1_1 fusion-one-full fusion-column-first fusion-column-last\" style=\"--awb-bg-size:cover;--awb-margin-bottom:0px;\"><div class=\"fusion-column-wrapper fusion-column-has-shadow fusion-flex-column-wrapper-legacy\"><div class=\"fusion-text fusion-text-3\" style=\"--awb-text-transform:none;\"><h1>Servicios Comunitarios Integrales (SIC)<\/h1>\n<\/div><div class=\"fusion-clearfix\"><\/div><\/div><\/div><div class=\"fusion-layout-column fusion_builder_column fusion-builder-column-4 fusion_builder_column_1_1 1_1 fusion-one-full fusion-column-first fusion-column-last\" style=\"--awb-bg-blend:overlay;--awb-bg-size:cover;--awb-margin-bottom:0px;\" data-scroll-devices=\"small-visibility,medium-visibility,large-visibility\"><div class=\"fusion-column-wrapper fusion-column-has-shadow fusion-flex-column-wrapper-legacy\"><div class=\"fusion-image-element in-legacy-container\" style=\"--awb-caption-title-font-family:var(--h2_typography-font-family);--awb-caption-title-font-weight:var(--h2_typography-font-weight);--awb-caption-title-font-style:var(--h2_typography-font-style);--awb-caption-title-size:var(--h2_typography-font-size);--awb-caption-title-transform:var(--h2_typography-text-transform);--awb-caption-title-line-height:var(--h2_typography-line-height);--awb-caption-title-letter-spacing:var(--h2_typography-letter-spacing);\"><span class=\" fusion-imageframe imageframe-none imageframe-3 hover-type-none\"><a class=\"fusion-no-lightbox\" href=\"https:\/\/docs.google.com\/forms\/d\/e\/1FAIpQLSfU62rVQTI1YWlBFNu_l68OExC54mUOGgKPEydFrusNNCXrkA\/viewform\" target=\"_blank\" aria-label=\"CCS Logo Options\" rel=\"noopener noreferrer\"><img data-recalc-dims=\"1\" decoding=\"async\" width=\"690\" height=\"345\" src=\"https:\/\/i0.wp.com\/pauquette.com\/wp-content\/uploads\/2024\/10\/CCS-Logo-Options.png?resize=690%2C345&#038;ssl=1\" alt class=\"img-responsive wp-image-16499\" srcset=\"https:\/\/i0.wp.com\/pauquette.com\/wp-content\/uploads\/2024\/10\/CCS-Logo-Options.png?resize=199%2C100&amp;ssl=1 199w, https:\/\/i0.wp.com\/pauquette.com\/wp-content\/uploads\/2024\/10\/CCS-Logo-Options.png?resize=200%2C100&amp;ssl=1 200w, https:\/\/i0.wp.com\/pauquette.com\/wp-content\/uploads\/2024\/10\/CCS-Logo-Options.png?resize=322%2C161&amp;ssl=1 322w, https:\/\/i0.wp.com\/pauquette.com\/wp-content\/uploads\/2024\/10\/CCS-Logo-Options.png?resize=400%2C200&amp;ssl=1 400w, https:\/\/i0.wp.com\/pauquette.com\/wp-content\/uploads\/2024\/10\/CCS-Logo-Options.png?resize=522%2C261&amp;ssl=1 522w, https:\/\/i0.wp.com\/pauquette.com\/wp-content\/uploads\/2024\/10\/CCS-Logo-Options.png?resize=600%2C300&amp;ssl=1 600w, https:\/\/i0.wp.com\/pauquette.com\/wp-content\/uploads\/2024\/10\/CCS-Logo-Options.png?w=690&amp;ssl=1 690w\" sizes=\"(max-width: 800px) 100vw, 690px\" \/><\/a><\/span><\/div><div class=\"fusion-clearfix\"><\/div><\/div><\/div><div class=\"fusion-layout-column fusion_builder_column fusion-builder-column-5 fusion_builder_column_1_1 1_1 fusion-one-full fusion-column-first fusion-column-last\" style=\"--awb-bg-size:cover;--awb-margin-bottom:0px;\" data-scroll-devices=\"small-visibility,medium-visibility,large-visibility\"><div class=\"fusion-column-wrapper fusion-column-has-shadow fusion-flex-column-wrapper-legacy\"><div class=\"fusion-text fusion-text-4\" style=\"--awb-text-transform:none;\"><p>Esta derivaci\u00f3n es para el Centro Pauquette de Servicios Psicol\u00f3gicos, servicios contratados por el CCS. Este formulario debe rellenarlo el facilitador de servicios del condado. <\/p>\n<p>Ten en cuenta que, al final de este formulario, tambi\u00e9n se te pedir\u00e1 que cargues el Plan de Servicios CCS y la Evaluaci\u00f3n Integral m\u00e1s reciente del cliente. Tambi\u00e9n se te pedir\u00e1 que sigas rellenando una Derivaci\u00f3n Integral DBT, si procede. <\/p>\n<p>Si tienes problemas con este formulario, ponte en contacto con nuestra oficina de Pauquette Whitewater llamando al <a href=\"tel:2624730670\" target=\"_blank\" rel=\"noopener\">262-473-0670<\/a> o enviando un correo electr\u00f3nico <a href=\"mailto:info@pauquette.com\" target=\"_blank\" rel=\"noopener\">a info@pauquette.com.<\/a><\/p>\n<p>Gracias.<\/p>\n<\/div><div class=\"fusion-alignleft\"><a class=\"fusion-button button-flat fusion-button-default-size button-default fusion-button-default button-2 fusion-button-default-span fusion-button-default-type\" target=\"_blank\" rel=\"noopener noreferrer\" href=\"https:\/\/docs.google.com\/forms\/d\/e\/1FAIpQLSfU62rVQTI1YWlBFNu_l68OExC54mUOGgKPEydFrusNNCXrkA\/viewform\"><span class=\"fusion-button-icon-divider button-icon-divider-left\"><i class=\"fa-hand-point-right fas awb-button__icon awb-button__icon--default\" aria-hidden=\"true\"><\/i><\/span><span class=\"fusion-button-text awb-button__text awb-button__text--default fusion-button-text-left\">Formulario de derivaci\u00f3n CCS<\/span><\/a><\/div><div class=\"fusion-image-element in-legacy-container\" style=\"--awb-caption-title-font-family:var(--h2_typography-font-family);--awb-caption-title-font-weight:var(--h2_typography-font-weight);--awb-caption-title-font-style:var(--h2_typography-font-style);--awb-caption-title-size:var(--h2_typography-font-size);--awb-caption-title-transform:var(--h2_typography-text-transform);--awb-caption-title-line-height:var(--h2_typography-line-height);--awb-caption-title-letter-spacing:var(--h2_typography-letter-spacing);\"><span class=\" fusion-imageframe imageframe-none imageframe-4 hover-type-none\"><img data-recalc-dims=\"1\" decoding=\"async\" width=\"199\" height=\"177\" title=\"Dane CO Logo\" src=\"https:\/\/i0.wp.com\/pauquette.com\/wp-content\/uploads\/2025\/02\/Dane-CO-Logo.jpg?resize=199%2C177&#038;ssl=1\" alt class=\"img-responsive wp-image-16546\" srcset=\"https:\/\/i0.wp.com\/pauquette.com\/wp-content\/uploads\/2025\/02\/Dane-CO-Logo.jpg?resize=199%2C177&amp;ssl=1 199w, https:\/\/i0.wp.com\/pauquette.com\/wp-content\/uploads\/2025\/02\/Dane-CO-Logo.jpg?resize=200%2C178&amp;ssl=1 200w, https:\/\/i0.wp.com\/pauquette.com\/wp-content\/uploads\/2025\/02\/Dane-CO-Logo.jpg?resize=322%2C287&amp;ssl=1 322w, https:\/\/i0.wp.com\/pauquette.com\/wp-content\/uploads\/2025\/02\/Dane-CO-Logo.jpg?w=360&amp;ssl=1 360w\" sizes=\"(max-width: 800px) 100vw, 199px\" \/><\/span><\/div><div class=\"fusion-clearfix\"><\/div><\/div><\/div><\/div><\/div><\/p>\n","protected":false},"excerpt":{"rendered":"","protected":false},"author":2,"featured_media":0,"parent":16683,"menu_order":77,"comment_status":"closed","ping_status":"closed","template":"","meta":{"footnotes":""},"class_list":["post-16607","page","type-page","status-publish","hentry"],"yoast_head":"<!-- This site is optimized with the Yoast SEO plugin v27.3 - https:\/\/yoast.com\/product\/yoast-seo-wordpress\/ -->\n<title>Servicios Comunitarios Integrales (CCS) Remisi\u00f3n a Pauquette | Pauquette Center<\/title>\n<meta name=\"description\" content=\"Si eres un nuevo cliente, rellena nuestro r\u00e1pido formulario online para nuevos clientes.\" \/>\n<meta name=\"robots\" content=\"index, follow, max-snippet:-1, max-image-preview:large, max-video-preview:-1\" \/>\n<link rel=\"canonical\" href=\"https:\/\/pauquette.com\/es\/contacta-con-nosotros\/servicios-comunitarios-integrales-ccs-remision-a-pauquette\/\" \/>\n<meta property=\"og:locale\" content=\"es_ES\" \/>\n<meta property=\"og:type\" content=\"article\" \/>\n<meta property=\"og:title\" content=\"Servicios Comunitarios Integrales (CCS) Remisi\u00f3n a Pauquette | Pauquette Center\" \/>\n<meta property=\"og:description\" content=\"Si eres un nuevo cliente, rellena nuestro r\u00e1pido formulario online para nuevos clientes.\" \/>\n<meta property=\"og:url\" content=\"https:\/\/pauquette.com\/es\/contacta-con-nosotros\/servicios-comunitarios-integrales-ccs-remision-a-pauquette\/\" \/>\n<meta property=\"og:site_name\" content=\"Pauquette Center\" \/>\n<meta property=\"article:publisher\" content=\"https:\/\/www.facebook.com\/pauquettecenter\" \/>\n<meta property=\"article:modified_time\" content=\"2025-05-27T20:41:57+00:00\" \/>\n<meta name=\"twitter:card\" content=\"summary_large_image\" \/>\n<meta name=\"twitter:label1\" content=\"Tiempo de lectura\" \/>\n\t<meta name=\"twitter:data1\" content=\"28 minutos\" \/>\n<script type=\"application\/ld+json\" class=\"yoast-schema-graph\">{\"@context\":\"https:\\\/\\\/schema.org\",\"@graph\":[{\"@type\":\"WebPage\",\"@id\":\"https:\\\/\\\/pauquette.com\\\/es\\\/contacta-con-nosotros\\\/servicios-comunitarios-integrales-ccs-remision-a-pauquette\\\/\",\"url\":\"https:\\\/\\\/pauquette.com\\\/es\\\/contacta-con-nosotros\\\/servicios-comunitarios-integrales-ccs-remision-a-pauquette\\\/\",\"name\":\"Servicios Comunitarios Integrales (CCS) Remisi\u00f3n a Pauquette | Pauquette Center\",\"isPartOf\":{\"@id\":\"https:\\\/\\\/pauquette.com\\\/es\\\/#website\"},\"datePublished\":\"2024-04-17T19:13:53+00:00\",\"dateModified\":\"2025-05-27T20:41:57+00:00\",\"description\":\"Si eres un nuevo cliente, rellena nuestro r\u00e1pido formulario online para nuevos clientes.\",\"breadcrumb\":{\"@id\":\"https:\\\/\\\/pauquette.com\\\/es\\\/contacta-con-nosotros\\\/servicios-comunitarios-integrales-ccs-remision-a-pauquette\\\/#breadcrumb\"},\"inLanguage\":\"es\",\"potentialAction\":[{\"@type\":\"ReadAction\",\"target\":[\"https:\\\/\\\/pauquette.com\\\/es\\\/contacta-con-nosotros\\\/servicios-comunitarios-integrales-ccs-remision-a-pauquette\\\/\"]}]},{\"@type\":\"BreadcrumbList\",\"@id\":\"https:\\\/\\\/pauquette.com\\\/es\\\/contacta-con-nosotros\\\/servicios-comunitarios-integrales-ccs-remision-a-pauquette\\\/#breadcrumb\",\"itemListElement\":[{\"@type\":\"ListItem\",\"position\":1,\"name\":\"Home\",\"item\":\"https:\\\/\\\/pauquette.com\\\/es\\\/pagina-de-inicio\\\/\"},{\"@type\":\"ListItem\",\"position\":2,\"name\":\"Contacta con nosotros\",\"item\":\"https:\\\/\\\/pauquette.com\\\/es\\\/contacta-con-nosotros\\\/\"},{\"@type\":\"ListItem\",\"position\":3,\"name\":\"Servicios Comunitarios Integrales (CCS) Remisi\u00f3n a Pauquette\"}]},{\"@type\":\"WebSite\",\"@id\":\"https:\\\/\\\/pauquette.com\\\/es\\\/#website\",\"url\":\"https:\\\/\\\/pauquette.com\\\/es\\\/\",\"name\":\"Pauquette Center\",\"description\":\"Compassionate professionals ready to serve your psychological needs.  Serving Columbia, Richland, Sauk, and adjacent counties.\",\"potentialAction\":[{\"@type\":\"SearchAction\",\"target\":{\"@type\":\"EntryPoint\",\"urlTemplate\":\"https:\\\/\\\/pauquette.com\\\/es\\\/?s={search_term_string}\"},\"query-input\":{\"@type\":\"PropertyValueSpecification\",\"valueRequired\":true,\"valueName\":\"search_term_string\"}}],\"inLanguage\":\"es\"}]}<\/script>\n<!-- \/ Yoast SEO plugin. -->","yoast_head_json":{"title":"Servicios Comunitarios Integrales (CCS) Remisi\u00f3n a Pauquette | Pauquette Center","description":"Si eres un nuevo cliente, rellena nuestro r\u00e1pido formulario online para nuevos clientes.","robots":{"index":"index","follow":"follow","max-snippet":"max-snippet:-1","max-image-preview":"max-image-preview:large","max-video-preview":"max-video-preview:-1"},"canonical":"https:\/\/pauquette.com\/es\/contacta-con-nosotros\/servicios-comunitarios-integrales-ccs-remision-a-pauquette\/","og_locale":"es_ES","og_type":"article","og_title":"Servicios Comunitarios Integrales (CCS) Remisi\u00f3n a Pauquette | Pauquette Center","og_description":"Si eres un nuevo cliente, rellena nuestro r\u00e1pido formulario online para nuevos clientes.","og_url":"https:\/\/pauquette.com\/es\/contacta-con-nosotros\/servicios-comunitarios-integrales-ccs-remision-a-pauquette\/","og_site_name":"Pauquette Center","article_publisher":"https:\/\/www.facebook.com\/pauquettecenter","article_modified_time":"2025-05-27T20:41:57+00:00","twitter_card":"summary_large_image","twitter_misc":{"Tiempo de lectura":"28 minutos"},"schema":{"@context":"https:\/\/schema.org","@graph":[{"@type":"WebPage","@id":"https:\/\/pauquette.com\/es\/contacta-con-nosotros\/servicios-comunitarios-integrales-ccs-remision-a-pauquette\/","url":"https:\/\/pauquette.com\/es\/contacta-con-nosotros\/servicios-comunitarios-integrales-ccs-remision-a-pauquette\/","name":"Servicios Comunitarios Integrales (CCS) Remisi\u00f3n a Pauquette | Pauquette Center","isPartOf":{"@id":"https:\/\/pauquette.com\/es\/#website"},"datePublished":"2024-04-17T19:13:53+00:00","dateModified":"2025-05-27T20:41:57+00:00","description":"Si eres un nuevo cliente, rellena nuestro r\u00e1pido formulario online para nuevos clientes.","breadcrumb":{"@id":"https:\/\/pauquette.com\/es\/contacta-con-nosotros\/servicios-comunitarios-integrales-ccs-remision-a-pauquette\/#breadcrumb"},"inLanguage":"es","potentialAction":[{"@type":"ReadAction","target":["https:\/\/pauquette.com\/es\/contacta-con-nosotros\/servicios-comunitarios-integrales-ccs-remision-a-pauquette\/"]}]},{"@type":"BreadcrumbList","@id":"https:\/\/pauquette.com\/es\/contacta-con-nosotros\/servicios-comunitarios-integrales-ccs-remision-a-pauquette\/#breadcrumb","itemListElement":[{"@type":"ListItem","position":1,"name":"Home","item":"https:\/\/pauquette.com\/es\/pagina-de-inicio\/"},{"@type":"ListItem","position":2,"name":"Contacta con nosotros","item":"https:\/\/pauquette.com\/es\/contacta-con-nosotros\/"},{"@type":"ListItem","position":3,"name":"Servicios Comunitarios Integrales (CCS) Remisi\u00f3n a Pauquette"}]},{"@type":"WebSite","@id":"https:\/\/pauquette.com\/es\/#website","url":"https:\/\/pauquette.com\/es\/","name":"Pauquette Center","description":"Compassionate professionals ready to serve your psychological needs.  Serving Columbia, Richland, Sauk, and adjacent counties.","potentialAction":[{"@type":"SearchAction","target":{"@type":"EntryPoint","urlTemplate":"https:\/\/pauquette.com\/es\/?s={search_term_string}"},"query-input":{"@type":"PropertyValueSpecification","valueRequired":true,"valueName":"search_term_string"}}],"inLanguage":"es"}]}},"jetpack_sharing_enabled":true,"jetpack_shortlink":"https:\/\/wp.me\/PakdW4-4jR","jetpack-related-posts":[{"id":16645,"url":"https:\/\/pauquette.com\/es\/formulario-de-contacto-para-nuevos-clientes\/","url_meta":{"origin":16607,"position":0},"title":"Formulario de contacto para nuevos clientes","author":"pauquette18","date":"27 de abril de 2019","format":false,"excerpt":"","rel":"","context":"Entrada similar","block_context":{"text":"Entrada similar","link":""},"img":{"alt_text":"","src":"","width":0,"height":0},"classes":[]},{"id":555,"url":"https:\/\/pauquette.com\/contact-us\/","url_meta":{"origin":16607,"position":1},"title":"Contact Us","author":"pauquette18","date":"13 de abril de 2018","format":false,"excerpt":"","rel":"","context":"Entrada similar","block_context":{"text":"Entrada similar","link":""},"img":{"alt_text":"","src":"","width":0,"height":0},"classes":[]},{"id":3485,"url":"https:\/\/pauquette.com\/pauquette-center-for-psychological-services-2-2\/","url_meta":{"origin":16607,"position":2},"title":"Home Page","author":"JoEllen Westendorf","date":"5 de junio de 2020","format":false,"excerpt":"","rel":"","context":"Entrada similar","block_context":{"text":"Entrada similar","link":""},"img":{"alt_text":"","src":"https:\/\/i0.wp.com\/pauquette.com\/wp-content\/uploads\/2025\/11\/1000000339-322x242.jpeg?resize=350%2C200&ssl=1","width":350,"height":200},"classes":[]},{"id":460,"url":"https:\/\/pauquette.com\/offices-and-locations\/","url_meta":{"origin":16607,"position":3},"title":"Pauquette Center Offices and Locations","author":"pauquette18","date":"12 de abril de 2018","format":false,"excerpt":"","rel":"","context":"Entrada similar","block_context":{"text":"Entrada similar","link":""},"img":{"alt_text":"","src":"","width":0,"height":0},"classes":[]},{"id":16682,"url":"https:\/\/pauquette.com\/es\/oficinas-y-ubicaciones-del-centro-pauquette\/","url_meta":{"origin":16607,"position":4},"title":"Oficinas y ubicaciones del Centro Pauquette","author":"pauquette18","date":"12 de abril de 2018","format":false,"excerpt":"","rel":"","context":"Entrada similar","block_context":{"text":"Entrada similar","link":""},"img":{"alt_text":"","src":"","width":0,"height":0},"classes":[]},{"id":64,"url":"https:\/\/pauquette.com\/privacy-policy\/","url_meta":{"origin":16607,"position":5},"title":"Privacy Policy","author":"pauquette18","date":"6 de abril de 2018","format":false,"excerpt":"","rel":"","context":"Entrada similar","block_context":{"text":"Entrada similar","link":""},"img":{"alt_text":"","src":"","width":0,"height":0},"classes":[]}],"_links":{"self":[{"href":"https:\/\/pauquette.com\/es\/wp-json\/wp\/v2\/pages\/16607","targetHints":{"allow":["GET"]}}],"collection":[{"href":"https:\/\/pauquette.com\/es\/wp-json\/wp\/v2\/pages"}],"about":[{"href":"https:\/\/pauquette.com\/es\/wp-json\/wp\/v2\/types\/page"}],"author":[{"embeddable":true,"href":"https:\/\/pauquette.com\/es\/wp-json\/wp\/v2\/users\/2"}],"replies":[{"embeddable":true,"href":"https:\/\/pauquette.com\/es\/wp-json\/wp\/v2\/comments?post=16607"}],"version-history":[{"count":3,"href":"https:\/\/pauquette.com\/es\/wp-json\/wp\/v2\/pages\/16607\/revisions"}],"predecessor-version":[{"id":16613,"href":"https:\/\/pauquette.com\/es\/wp-json\/wp\/v2\/pages\/16607\/revisions\/16613"}],"up":[{"embeddable":true,"href":"https:\/\/pauquette.com\/es\/wp-json\/wp\/v2\/pages\/16683"}],"wp:attachment":[{"href":"https:\/\/pauquette.com\/es\/wp-json\/wp\/v2\/media?parent=16607"}],"curies":[{"name":"wp","href":"https:\/\/api.w.org\/{rel}","templated":true}]}}