{"id":16595,"date":"2024-12-03T20:05:12","date_gmt":"2024-12-03T20:05:12","guid":{"rendered":"https:\/\/pauquette.com\/terapia-de-grupo-de-habilidades-parentales\/"},"modified":"2025-05-29T20:58:25","modified_gmt":"2025-05-29T20:58:25","slug":"terapia-de-grupo-de-habilidades-parentales","status":"publish","type":"page","link":"https:\/\/pauquette.com\/es\/servicios-de-salud-mental\/terapia-de-grupo-de-habilidades-parentales\/","title":{"rendered":"Terapia de grupo de habilidades parentales"},"content":{"rendered":"<div class=\"fusion-fullwidth fullwidth-box fusion-builder-row-1 has-pattern-background has-mask-background nonhundred-percent-fullwidth non-hundred-percent-height-scrolling\" style=\"--awb-border-radius-top-left:0px;--awb-border-radius-top-right:0px;--awb-border-radius-bottom-right:0px;--awb-border-radius-bottom-left:0px;--awb-flex-wrap:wrap;\" ><div class=\"fusion-builder-row fusion-row\"><div class=\"fusion-layout-column fusion_builder_column fusion-builder-column-0 fusion_builder_column_1_1 1_1 fusion-one-full fusion-column-first fusion-column-last\" style=\"--awb-bg-blend:overlay;--awb-bg-size:cover;--awb-margin-bottom:0px;\"><div class=\"fusion-column-wrapper fusion-flex-column-wrapper-legacy\"><div class=\"fusion-text fusion-text-1\"><h1>DBT-C Grupo de Padres<\/h1>\n<h2>\u00a1C\u00f3mo ser un superpadre!<\/h2>\n<\/div><div class=\"fusion-clearfix\"><\/div><\/div><\/div><div class=\"fusion-layout-column fusion_builder_column fusion-builder-column-1 fusion_builder_column_1_2 1_2 fusion-one-half fusion-column-first\" style=\"--awb-bg-size:cover;width:50%;width:calc(50% - ( ( 4% ) * 0.5 ) );margin-right: 4%;\"><div class=\"fusion-column-wrapper fusion-column-has-shadow fusion-flex-column-wrapper-legacy\"><div class=\"fusion-text fusion-text-2\"><p><span style=\"font-weight: 400;\">Admit\u00e1moslo, \u00a1\u00a1\u00a1ser padre es DURO!!! Sobre todo cuando tienes un ni\u00f1o supersensor, que tiene GRANDES emociones y comportamientos. Este grupo est\u00e1 dise\u00f1ado para ayudar a los padres a aprender c\u00f3mo criar mejor a ni\u00f1os preadolescentes con problemas emocionales y de conducta. Todo el material ense\u00f1ado est\u00e1 basado en pruebas y ser\u00e1 impartido por psicoterapeutas formadas en DBT-C, Heather Simonson, LPC y Lisa Dunham, LCSW. <\/span><\/p>\n<h2>Reuniones<\/h2>\n<p><b> <\/b><span style=\"font-weight: 400;\">A trav\u00e9s de Telesalud los martes de 12:00 a 13:00 durante 20 semanas. Aceptamos remisiones en cualquier momento y determinaremos una fecha exacta de inicio una vez que tengamos un n\u00famero suficiente de participantes. <\/span><\/p>\n<h2>Expectativas<\/h2>\n<p><span style=\"font-weight: 400;\">Se espera que los participantes<\/span><\/p>\n<ul>\n<li style=\"font-weight: 400;\" aria-level=\"1\"><span style=\"font-weight: 400;\">Mot\u00edvate para el cambio.<\/span><\/li>\n<li style=\"font-weight: 400;\" aria-level=\"1\"><span style=\"font-weight: 400;\">Asiste sistem\u00e1ticamente y participa en la discusi\u00f3n en grupo.<\/span><\/li>\n<li style=\"font-weight: 400;\" aria-level=\"1\"><span style=\"font-weight: 400;\">Ser capaz de unirse a trav\u00e9s de la telesalud en un entorno privado y confidencial.<\/span><\/li>\n<li style=\"font-weight: 400;\" aria-level=\"1\"><span style=\"font-weight: 400;\">Completa las lecturas y ejercicios fuera de clase cada semana.<\/span><\/li>\n<\/ul>\n<h2>Proceso de remisi\u00f3n<\/h2>\n<p><span style=\"font-weight: 400;\">Si ya eres cliente del Centro Pauquette, habla con tu terapeuta sobre el grupo y sobre c\u00f3mo ser remitido.<\/span><\/p>\n<p><span style=\"font-weight: 400;\">Si no eres cliente actual del Centro Pauquette, rellena el <\/span><span style=\"font-weight: 400;\">Formulario de derivaci\u00f3n externa<\/span><span style=\"font-weight: 400;\"> en el sitio web. Una vez que tengamos un n\u00famero suficiente de personas recomendadas, te citaremos para una breve exploraci\u00f3n, a fin de proporcionar informaci\u00f3n sobre tus antecedentes y determinar si el grupo encajar\u00eda bien. Si encajas, se te pedir\u00e1 que rellenes la documentaci\u00f3n de nuevo cliente y se te citar\u00e1 para una sesi\u00f3n de admisi\u00f3n y plan de tratamiento. <\/span><\/p>\n<\/div><div class=\"fusion-text fusion-text-3\"><p><a href=\"https:\/\/pauquette.com\/wp-content\/uploads\/2025\/02\/DBT-C-Group-Only.pdf\" target=\"_blank\" rel=\"noopener\">Folleto del Grupo de Padres DBT-C<\/a><\/p>\n<\/div><div class=\"fusion-text fusion-text-4\"><p><a href=\"https:\/\/pauquette.com\/wp-content\/uploads\/2025\/02\/DBT-C-Flyer-2.pdf\" target=\"_blank\" rel=\"noopener\">Folleto DBT-C para padres e hijos<\/a><\/p>\n<\/div><div class=\"fusion-text fusion-text-5\"><p><a href=\"https:\/\/docs.google.com\/forms\/d\/e\/1FAIpQLSfT9gR-wVb67jNxeMWqq82buUhDm52uPYRpdOHqYTqnVH6NmQ\/viewform\" target=\"_blank\" rel=\"noopener\">DBT-C Grupo de Padres &#8211; Formulario de Derivaci\u00f3n Externa<\/a><\/p>\n<\/div><div class=\"fusion-clearfix\"><\/div><\/div><\/div><div class=\"fusion-layout-column fusion_builder_column fusion-builder-column-2 fusion_builder_column_1_2 1_2 fusion-one-half fusion-column-last\" style=\"--awb-bg-size:cover;width:50%;width:calc(50% - ( ( 4% ) * 0.5 ) );\"><div class=\"fusion-column-wrapper fusion-column-has-shadow fusion-flex-column-wrapper-legacy\"><div class=\"fusion-image-element in-legacy-container\" style=\"--awb-caption-title-font-family:var(--h2_typography-font-family);--awb-caption-title-font-weight:var(--h2_typography-font-weight);--awb-caption-title-font-style:var(--h2_typography-font-style);--awb-caption-title-size:var(--h2_typography-font-size);--awb-caption-title-transform:var(--h2_typography-text-transform);--awb-caption-title-line-height:var(--h2_typography-line-height);--awb-caption-title-letter-spacing:var(--h2_typography-letter-spacing);\"><span class=\" fusion-imageframe imageframe-none imageframe-1 hover-type-none\"><img data-recalc-dims=\"1\" decoding=\"async\" width=\"1280\" height=\"960\" title=\"DBT-C Parenting Group &#8211; How to be a Super Parent\" src=\"https:\/\/i0.wp.com\/pauquette.com\/wp-content\/uploads\/2024\/10\/DBT-C-Parenting-Group-How-to-be-a-Super-Parent.jpg?resize=1280%2C960&#038;ssl=1\" alt class=\"img-responsive wp-image-16493\" srcset=\"https:\/\/i0.wp.com\/pauquette.com\/wp-content\/uploads\/2024\/10\/DBT-C-Parenting-Group-How-to-be-a-Super-Parent.jpg?resize=199%2C149&amp;ssl=1 199w, https:\/\/i0.wp.com\/pauquette.com\/wp-content\/uploads\/2024\/10\/DBT-C-Parenting-Group-How-to-be-a-Super-Parent.jpg?resize=200%2C150&amp;ssl=1 200w, https:\/\/i0.wp.com\/pauquette.com\/wp-content\/uploads\/2024\/10\/DBT-C-Parenting-Group-How-to-be-a-Super-Parent.jpg?resize=322%2C242&amp;ssl=1 322w, https:\/\/i0.wp.com\/pauquette.com\/wp-content\/uploads\/2024\/10\/DBT-C-Parenting-Group-How-to-be-a-Super-Parent.jpg?resize=400%2C300&amp;ssl=1 400w, https:\/\/i0.wp.com\/pauquette.com\/wp-content\/uploads\/2024\/10\/DBT-C-Parenting-Group-How-to-be-a-Super-Parent.jpg?resize=522%2C392&amp;ssl=1 522w, https:\/\/i0.wp.com\/pauquette.com\/wp-content\/uploads\/2024\/10\/DBT-C-Parenting-Group-How-to-be-a-Super-Parent.jpg?resize=600%2C450&amp;ssl=1 600w, https:\/\/i0.wp.com\/pauquette.com\/wp-content\/uploads\/2024\/10\/DBT-C-Parenting-Group-How-to-be-a-Super-Parent.jpg?resize=768%2C576&amp;ssl=1 768w, https:\/\/i0.wp.com\/pauquette.com\/wp-content\/uploads\/2024\/10\/DBT-C-Parenting-Group-How-to-be-a-Super-Parent.jpg?resize=800%2C600&amp;ssl=1 800w, https:\/\/i0.wp.com\/pauquette.com\/wp-content\/uploads\/2024\/10\/DBT-C-Parenting-Group-How-to-be-a-Super-Parent.jpg?resize=1200%2C900&amp;ssl=1 1200w, https:\/\/i0.wp.com\/pauquette.com\/wp-content\/uploads\/2024\/10\/DBT-C-Parenting-Group-How-to-be-a-Super-Parent.jpg?w=1280&amp;ssl=1 1280w\" sizes=\"(max-width: 800px) 100vw, 800px\" \/><\/span><\/div><div class=\"fusion-clearfix\"><\/div><\/div><\/div><\/div><\/div>\n","protected":false},"excerpt":{"rendered":"","protected":false},"author":1,"featured_media":0,"parent":16654,"menu_order":21,"comment_status":"closed","ping_status":"closed","template":"","meta":{"footnotes":""},"class_list":["post-16595","page","type-page","status-publish","hentry"],"yoast_head":"<!-- This site is optimized with the Yoast SEO plugin v27.3 - https:\/\/yoast.com\/product\/yoast-seo-wordpress\/ -->\n<title>Terapia de grupo de habilidades parentales | Pauquette Center<\/title>\n<meta name=\"description\" content=\"Este grupo est\u00e1 dise\u00f1ado para ayudar a los padres a aprender c\u00f3mo criar mejor a los ni\u00f1os preadolescentes con problemas emocionales y de conducta.\" \/>\n<meta name=\"robots\" content=\"index, follow, max-snippet:-1, max-image-preview:large, max-video-preview:-1\" \/>\n<link rel=\"canonical\" href=\"https:\/\/pauquette.com\/es\/servicios-de-salud-mental\/terapia-de-grupo-de-habilidades-parentales\/\" \/>\n<meta property=\"og:locale\" content=\"es_ES\" \/>\n<meta property=\"og:type\" content=\"article\" \/>\n<meta property=\"og:title\" content=\"Terapia de grupo de habilidades parentales | Pauquette Center\" \/>\n<meta property=\"og:description\" content=\"Este grupo est\u00e1 dise\u00f1ado para ayudar a los padres a aprender c\u00f3mo criar mejor a los ni\u00f1os preadolescentes con problemas emocionales y de conducta.\" \/>\n<meta property=\"og:url\" content=\"https:\/\/pauquette.com\/es\/servicios-de-salud-mental\/terapia-de-grupo-de-habilidades-parentales\/\" \/>\n<meta property=\"og:site_name\" content=\"Pauquette Center\" \/>\n<meta property=\"article:publisher\" content=\"https:\/\/www.facebook.com\/pauquettecenter\" \/>\n<meta property=\"article:modified_time\" content=\"2025-05-29T20:58:25+00:00\" \/>\n<meta name=\"twitter:card\" content=\"summary_large_image\" \/>\n<meta name=\"twitter:label1\" content=\"Tiempo de lectura\" \/>\n\t<meta name=\"twitter:data1\" content=\"2 minutos\" \/>\n<script type=\"application\/ld+json\" class=\"yoast-schema-graph\">{\"@context\":\"https:\\\/\\\/schema.org\",\"@graph\":[{\"@type\":\"WebPage\",\"@id\":\"https:\\\/\\\/pauquette.com\\\/es\\\/servicios-de-salud-mental\\\/terapia-de-grupo-de-habilidades-parentales\\\/\",\"url\":\"https:\\\/\\\/pauquette.com\\\/es\\\/servicios-de-salud-mental\\\/terapia-de-grupo-de-habilidades-parentales\\\/\",\"name\":\"Terapia de grupo de habilidades parentales | Pauquette Center\",\"isPartOf\":{\"@id\":\"https:\\\/\\\/pauquette.com\\\/es\\\/#website\"},\"datePublished\":\"2024-12-03T20:05:12+00:00\",\"dateModified\":\"2025-05-29T20:58:25+00:00\",\"description\":\"Este grupo est\u00e1 dise\u00f1ado para ayudar a los padres a aprender c\u00f3mo criar mejor a los ni\u00f1os preadolescentes con problemas emocionales y de conducta.\",\"breadcrumb\":{\"@id\":\"https:\\\/\\\/pauquette.com\\\/es\\\/servicios-de-salud-mental\\\/terapia-de-grupo-de-habilidades-parentales\\\/#breadcrumb\"},\"inLanguage\":\"es\",\"potentialAction\":[{\"@type\":\"ReadAction\",\"target\":[\"https:\\\/\\\/pauquette.com\\\/es\\\/servicios-de-salud-mental\\\/terapia-de-grupo-de-habilidades-parentales\\\/\"]}]},{\"@type\":\"BreadcrumbList\",\"@id\":\"https:\\\/\\\/pauquette.com\\\/es\\\/servicios-de-salud-mental\\\/terapia-de-grupo-de-habilidades-parentales\\\/#breadcrumb\",\"itemListElement\":[{\"@type\":\"ListItem\",\"position\":1,\"name\":\"Home\",\"item\":\"https:\\\/\\\/pauquette.com\\\/es\\\/pagina-de-inicio\\\/\"},{\"@type\":\"ListItem\",\"position\":2,\"name\":\"Servicios de Salud Mental\",\"item\":\"https:\\\/\\\/pauquette.com\\\/es\\\/servicios-de-salud-mental\\\/\"},{\"@type\":\"ListItem\",\"position\":3,\"name\":\"Terapia de grupo de habilidades parentales\"}]},{\"@type\":\"WebSite\",\"@id\":\"https:\\\/\\\/pauquette.com\\\/es\\\/#website\",\"url\":\"https:\\\/\\\/pauquette.com\\\/es\\\/\",\"name\":\"Pauquette Center\",\"description\":\"Compassionate professionals ready to serve your psychological needs.  Serving Columbia, Richland, Sauk, and adjacent counties.\",\"potentialAction\":[{\"@type\":\"SearchAction\",\"target\":{\"@type\":\"EntryPoint\",\"urlTemplate\":\"https:\\\/\\\/pauquette.com\\\/es\\\/?s={search_term_string}\"},\"query-input\":{\"@type\":\"PropertyValueSpecification\",\"valueRequired\":true,\"valueName\":\"search_term_string\"}}],\"inLanguage\":\"es\"}]}<\/script>\n<!-- \/ Yoast SEO plugin. -->","yoast_head_json":{"title":"Terapia de grupo de habilidades parentales | Pauquette Center","description":"Este grupo est\u00e1 dise\u00f1ado para ayudar a los padres a aprender c\u00f3mo criar mejor a los ni\u00f1os preadolescentes con problemas emocionales y de conducta.","robots":{"index":"index","follow":"follow","max-snippet":"max-snippet:-1","max-image-preview":"max-image-preview:large","max-video-preview":"max-video-preview:-1"},"canonical":"https:\/\/pauquette.com\/es\/servicios-de-salud-mental\/terapia-de-grupo-de-habilidades-parentales\/","og_locale":"es_ES","og_type":"article","og_title":"Terapia de grupo de habilidades parentales | Pauquette Center","og_description":"Este grupo est\u00e1 dise\u00f1ado para ayudar a los padres a aprender c\u00f3mo criar mejor a los ni\u00f1os preadolescentes con problemas emocionales y de conducta.","og_url":"https:\/\/pauquette.com\/es\/servicios-de-salud-mental\/terapia-de-grupo-de-habilidades-parentales\/","og_site_name":"Pauquette Center","article_publisher":"https:\/\/www.facebook.com\/pauquettecenter","article_modified_time":"2025-05-29T20:58:25+00:00","twitter_card":"summary_large_image","twitter_misc":{"Tiempo de lectura":"2 minutos"},"schema":{"@context":"https:\/\/schema.org","@graph":[{"@type":"WebPage","@id":"https:\/\/pauquette.com\/es\/servicios-de-salud-mental\/terapia-de-grupo-de-habilidades-parentales\/","url":"https:\/\/pauquette.com\/es\/servicios-de-salud-mental\/terapia-de-grupo-de-habilidades-parentales\/","name":"Terapia de grupo de habilidades parentales | Pauquette Center","isPartOf":{"@id":"https:\/\/pauquette.com\/es\/#website"},"datePublished":"2024-12-03T20:05:12+00:00","dateModified":"2025-05-29T20:58:25+00:00","description":"Este grupo est\u00e1 dise\u00f1ado para ayudar a los padres a aprender c\u00f3mo criar mejor a los ni\u00f1os preadolescentes con problemas emocionales y de conducta.","breadcrumb":{"@id":"https:\/\/pauquette.com\/es\/servicios-de-salud-mental\/terapia-de-grupo-de-habilidades-parentales\/#breadcrumb"},"inLanguage":"es","potentialAction":[{"@type":"ReadAction","target":["https:\/\/pauquette.com\/es\/servicios-de-salud-mental\/terapia-de-grupo-de-habilidades-parentales\/"]}]},{"@type":"BreadcrumbList","@id":"https:\/\/pauquette.com\/es\/servicios-de-salud-mental\/terapia-de-grupo-de-habilidades-parentales\/#breadcrumb","itemListElement":[{"@type":"ListItem","position":1,"name":"Home","item":"https:\/\/pauquette.com\/es\/pagina-de-inicio\/"},{"@type":"ListItem","position":2,"name":"Servicios de Salud Mental","item":"https:\/\/pauquette.com\/es\/servicios-de-salud-mental\/"},{"@type":"ListItem","position":3,"name":"Terapia de grupo de habilidades parentales"}]},{"@type":"WebSite","@id":"https:\/\/pauquette.com\/es\/#website","url":"https:\/\/pauquette.com\/es\/","name":"Pauquette Center","description":"Compassionate professionals ready to serve your psychological needs.  Serving Columbia, Richland, Sauk, and adjacent counties.","potentialAction":[{"@type":"SearchAction","target":{"@type":"EntryPoint","urlTemplate":"https:\/\/pauquette.com\/es\/?s={search_term_string}"},"query-input":{"@type":"PropertyValueSpecification","valueRequired":true,"valueName":"search_term_string"}}],"inLanguage":"es"}]}},"jetpack_sharing_enabled":true,"jetpack_shortlink":"https:\/\/wp.me\/PakdW4-4jF","jetpack-related-posts":[{"id":16645,"url":"https:\/\/pauquette.com\/es\/formulario-de-contacto-para-nuevos-clientes\/","url_meta":{"origin":16595,"position":0},"title":"Formulario de contacto para nuevos clientes","author":"pauquette18","date":"27 de abril de 2019","format":false,"excerpt":"","rel":"","context":"Entrada similar","block_context":{"text":"Entrada similar","link":""},"img":{"alt_text":"","src":"","width":0,"height":0},"classes":[]},{"id":555,"url":"https:\/\/pauquette.com\/contact-us\/","url_meta":{"origin":16595,"position":1},"title":"Contact Us","author":"pauquette18","date":"13 de abril de 2018","format":false,"excerpt":"","rel":"","context":"Entrada similar","block_context":{"text":"Entrada similar","link":""},"img":{"alt_text":"","src":"","width":0,"height":0},"classes":[]},{"id":3485,"url":"https:\/\/pauquette.com\/pauquette-center-for-psychological-services-2-2\/","url_meta":{"origin":16595,"position":2},"title":"Home Page","author":"JoEllen Westendorf","date":"5 de junio de 2020","format":false,"excerpt":"","rel":"","context":"Entrada similar","block_context":{"text":"Entrada similar","link":""},"img":{"alt_text":"","src":"https:\/\/i0.wp.com\/pauquette.com\/wp-content\/uploads\/2025\/11\/1000000339-322x242.jpeg?resize=350%2C200&ssl=1","width":350,"height":200},"classes":[]},{"id":460,"url":"https:\/\/pauquette.com\/offices-and-locations\/","url_meta":{"origin":16595,"position":3},"title":"Pauquette Center Offices and Locations","author":"pauquette18","date":"12 de abril de 2018","format":false,"excerpt":"","rel":"","context":"Entrada similar","block_context":{"text":"Entrada similar","link":""},"img":{"alt_text":"","src":"","width":0,"height":0},"classes":[]},{"id":16682,"url":"https:\/\/pauquette.com\/es\/oficinas-y-ubicaciones-del-centro-pauquette\/","url_meta":{"origin":16595,"position":4},"title":"Oficinas y ubicaciones del Centro Pauquette","author":"pauquette18","date":"12 de abril de 2018","format":false,"excerpt":"","rel":"","context":"Entrada similar","block_context":{"text":"Entrada similar","link":""},"img":{"alt_text":"","src":"","width":0,"height":0},"classes":[]},{"id":64,"url":"https:\/\/pauquette.com\/privacy-policy\/","url_meta":{"origin":16595,"position":5},"title":"Privacy Policy","author":"pauquette18","date":"6 de abril de 2018","format":false,"excerpt":"","rel":"","context":"Entrada similar","block_context":{"text":"Entrada similar","link":""},"img":{"alt_text":"","src":"","width":0,"height":0},"classes":[]}],"_links":{"self":[{"href":"https:\/\/pauquette.com\/es\/wp-json\/wp\/v2\/pages\/16595","targetHints":{"allow":["GET"]}}],"collection":[{"href":"https:\/\/pauquette.com\/es\/wp-json\/wp\/v2\/pages"}],"about":[{"href":"https:\/\/pauquette.com\/es\/wp-json\/wp\/v2\/types\/page"}],"author":[{"embeddable":true,"href":"https:\/\/pauquette.com\/es\/wp-json\/wp\/v2\/users\/1"}],"replies":[{"embeddable":true,"href":"https:\/\/pauquette.com\/es\/wp-json\/wp\/v2\/comments?post=16595"}],"version-history":[{"count":4,"href":"https:\/\/pauquette.com\/es\/wp-json\/wp\/v2\/pages\/16595\/revisions"}],"predecessor-version":[{"id":16815,"href":"https:\/\/pauquette.com\/es\/wp-json\/wp\/v2\/pages\/16595\/revisions\/16815"}],"up":[{"embeddable":true,"href":"https:\/\/pauquette.com\/es\/wp-json\/wp\/v2\/pages\/16654"}],"wp:attachment":[{"href":"https:\/\/pauquette.com\/es\/wp-json\/wp\/v2\/media?parent=16595"}],"curies":[{"name":"wp","href":"https:\/\/api.w.org\/{rel}","templated":true}]}}