{"id":16585,"date":"2024-10-01T16:50:41","date_gmt":"2024-10-01T16:50:41","guid":{"rendered":"https:\/\/pauquette.com\/victoria-lichtman-msw-apsw\/"},"modified":"2025-05-29T21:04:01","modified_gmt":"2025-05-29T21:04:01","slug":"victoria-lichtman-msw-apsw","status":"publish","type":"page","link":"https:\/\/pauquette.com\/es\/victoria-lichtman-msw-apsw\/","title":{"rendered":"Victoria Lichtman, MSW, APSW"},"content":{"rendered":"<div class=\"fusion-fullwidth fullwidth-box fusion-builder-row-1 fusion-flex-container has-pattern-background has-mask-background nonhundred-percent-fullwidth non-hundred-percent-height-scrolling\" style=\"--awb-border-radius-top-left:0px;--awb-border-radius-top-right:0px;--awb-border-radius-bottom-right:0px;--awb-border-radius-bottom-left:0px;--awb-flex-wrap:wrap;\" ><div class=\"fusion-builder-row fusion-row fusion-flex-align-items-flex-start fusion-flex-content-wrap\" style=\"max-width:1420.64px;margin-left: calc(-4% \/ 2 );margin-right: calc(-4% \/ 2 );\"><div class=\"fusion-layout-column fusion_builder_column fusion-builder-column-0 fusion_builder_column_2_5 2_5 fusion-flex-column\" style=\"--awb-bg-size:cover;--awb-width-large:40%;--awb-margin-top-large:0px;--awb-spacing-right-large:4.8%;--awb-margin-bottom-large:20px;--awb-spacing-left-large:4.8%;--awb-width-medium:100%;--awb-order-medium:0;--awb-spacing-right-medium:1.92%;--awb-spacing-left-medium:1.92%;--awb-width-small:100%;--awb-order-small:0;--awb-spacing-right-small:1.92%;--awb-spacing-left-small:1.92%;\" data-scroll-devices=\"small-visibility,medium-visibility,large-visibility\"><div class=\"fusion-column-wrapper fusion-column-has-shadow fusion-flex-justify-content-flex-start fusion-content-layout-column\"><div class=\"fusion-image-element \" style=\"--awb-caption-title-font-family:var(--h2_typography-font-family);--awb-caption-title-font-weight:var(--h2_typography-font-weight);--awb-caption-title-font-style:var(--h2_typography-font-style);--awb-caption-title-size:var(--h2_typography-font-size);--awb-caption-title-transform:var(--h2_typography-text-transform);--awb-caption-title-line-height:var(--h2_typography-line-height);--awb-caption-title-letter-spacing:var(--h2_typography-letter-spacing);\"><span class=\" fusion-imageframe imageframe-none imageframe-1 hover-type-none\"><img data-recalc-dims=\"1\" decoding=\"async\" width=\"1366\" height=\"1366\" title=\"vicky_lichtman_square\" src=\"https:\/\/i0.wp.com\/pauquette.com\/wp-content\/uploads\/2024\/10\/vicky_lichtman_square.jpg?resize=1366%2C1366&#038;ssl=1\" alt class=\"img-responsive wp-image-16482\" srcset=\"https:\/\/i0.wp.com\/pauquette.com\/wp-content\/uploads\/2024\/10\/vicky_lichtman_square.jpg?resize=66%2C66&amp;ssl=1 66w, https:\/\/i0.wp.com\/pauquette.com\/wp-content\/uploads\/2024\/10\/vicky_lichtman_square.jpg?resize=199%2C199&amp;ssl=1 199w, https:\/\/i0.wp.com\/pauquette.com\/wp-content\/uploads\/2024\/10\/vicky_lichtman_square.jpg?resize=200%2C200&amp;ssl=1 200w, https:\/\/i0.wp.com\/pauquette.com\/wp-content\/uploads\/2024\/10\/vicky_lichtman_square.jpg?resize=322%2C322&amp;ssl=1 322w, https:\/\/i0.wp.com\/pauquette.com\/wp-content\/uploads\/2024\/10\/vicky_lichtman_square.jpg?resize=400%2C400&amp;ssl=1 400w, https:\/\/i0.wp.com\/pauquette.com\/wp-content\/uploads\/2024\/10\/vicky_lichtman_square.jpg?resize=522%2C522&amp;ssl=1 522w, https:\/\/i0.wp.com\/pauquette.com\/wp-content\/uploads\/2024\/10\/vicky_lichtman_square.jpg?resize=600%2C600&amp;ssl=1 600w, https:\/\/i0.wp.com\/pauquette.com\/wp-content\/uploads\/2024\/10\/vicky_lichtman_square.jpg?resize=768%2C768&amp;ssl=1 768w, https:\/\/i0.wp.com\/pauquette.com\/wp-content\/uploads\/2024\/10\/vicky_lichtman_square.jpg?resize=800%2C800&amp;ssl=1 800w, https:\/\/i0.wp.com\/pauquette.com\/wp-content\/uploads\/2024\/10\/vicky_lichtman_square.jpg?resize=1200%2C1200&amp;ssl=1 1200w, https:\/\/i0.wp.com\/pauquette.com\/wp-content\/uploads\/2024\/10\/vicky_lichtman_square.jpg?resize=1536%2C1536&amp;ssl=1 1536w, https:\/\/i0.wp.com\/pauquette.com\/wp-content\/uploads\/2024\/10\/vicky_lichtman_square.jpg?w=2100&amp;ssl=1 2100w\" sizes=\"(max-width: 1094px) 100vw, (max-width: 909px) 100vw, 600px\" \/><\/span><\/div><\/div><\/div><div class=\"fusion-layout-column fusion_builder_column fusion-builder-column-1 fusion_builder_column_3_5 3_5 fusion-flex-column\" style=\"--awb-bg-size:cover;--awb-width-large:60%;--awb-margin-top-large:0px;--awb-spacing-right-large:3.2%;--awb-margin-bottom-large:20px;--awb-spacing-left-large:3.2%;--awb-width-medium:100%;--awb-order-medium:0;--awb-spacing-right-medium:1.92%;--awb-spacing-left-medium:1.92%;--awb-width-small:100%;--awb-order-small:0;--awb-spacing-right-small:1.92%;--awb-spacing-left-small:1.92%;\" data-scroll-devices=\"small-visibility,medium-visibility,large-visibility\"><div class=\"fusion-column-wrapper fusion-column-has-shadow fusion-flex-justify-content-flex-start fusion-content-layout-column\"><div class=\"fusion-text fusion-text-1\"><h2>Victoria Lichtman, MSW, APSW<\/h2>\n<h3>Formaci\u00f3n, credenciales y afiliaciones profesionales<\/h3>\n<ul>\n<li>2022, APSW, Trabajador Social de Pr\u00e1ctica Avanzada, Estado de Wisconsin<\/li>\n<li>2020, MSW, M\u00e1ster en Trabajo Social, Escuela de Trabajo Social de la Universidad de Michigan, Ann Arbor, MI<\/li>\n<li>2005 MPP, M\u00e1ster en Pol\u00edticas P\u00fablicas, Instituto de Asuntos P\u00fablicos Hubert H. Humphrey, Universidad de Minnesota, Ciudades Gemelas, MN<\/li>\n<li>2000, Licenciatura en Relaciones Internacionales, Universidad de Minnesota, Ciudades Gemelas, MN<\/li>\n<\/ul>\n<h3>Servicios especializados<\/h3>\n<p>Soy Trabajadora Social de formaci\u00f3n, y recientemente he iniciado una carrera en servicios cl\u00ednicos despu\u00e9s de trabajar en diversos entornos sin \u00e1nimo de lucro en Estados Unidos y en el extranjero, incluidos \u00c1frica Oriental y Oriente Medio. Tengo experiencia trabajando con distintas poblaciones adultas: inmigrantes, personas implicadas en la justicia y quienes luchan contra importantes factores estresantes de la vida (barreras socioecon\u00f3micas, dolor cr\u00f3nico, duelo, cuidados) o luchan contra el abuso de sustancias. Utilizo principalmente t\u00e9cnicas de terapia cognitivo-conductual (TCC), para que podamos aprender a gestionar las emociones dif\u00edciles y desafiar los comportamientos desadaptativos. Creo fundamentalmente en el empoderamiento y me apasiona la resiliencia: a pesar de las circunstancias dif\u00edciles de la vida, no tenemos por qu\u00e9 definirnos por nuestros traumas. El viaje que emprendemos es tan importante como el lugar en el que acabamos, pues a medida que nos esforzamos por alcanzar el funcionamiento psicol\u00f3gico ideal, avanzamos continuamente. Siento curiosidad por la cultura y reconozco el papel que desempe\u00f1a en la formaci\u00f3n de los valores, las creencias y la identidad general de una persona. A menudo recurro a ideas de los marcos de la terapia existencial y narrativa, y adopto un enfoque humanista que utiliza la empat\u00eda, la aceptaci\u00f3n y anima a los clientes a crecer, para que puedan verse a s\u00ed mismos bajo una luz positiva y, en \u00faltima instancia, como autores de su propia historia.<\/p>\n<\/div><\/div><\/div><div class=\"fusion-layout-column fusion_builder_column fusion-builder-column-2 fusion_builder_column_2_5 2_5 fusion-flex-column\" style=\"--awb-bg-size:cover;--awb-width-large:40%;--awb-margin-top-large:0px;--awb-spacing-right-large:4.8%;--awb-margin-bottom-large:20px;--awb-spacing-left-large:4.8%;--awb-width-medium:100%;--awb-order-medium:0;--awb-spacing-right-medium:1.92%;--awb-spacing-left-medium:1.92%;--awb-width-small:100%;--awb-order-small:0;--awb-spacing-right-small:1.92%;--awb-spacing-left-small:1.92%;\" data-scroll-devices=\"small-visibility,medium-visibility,large-visibility\"><div class=\"fusion-column-wrapper fusion-column-has-shadow fusion-flex-justify-content-flex-start fusion-content-layout-column\"><div class=\"fusion-image-carousel fusion-image-carousel-fixed fusion-image-carousel-1 fusion-carousel-border\"><div class=\"awb-carousel awb-swiper awb-swiper-carousel awb-carousel--carousel awb-swiper-dots-position-bottom\" data-layout=\"carousel\" data-autoplay=\"no\" data-autoplayspeed=\"5000\" data-autoplaypause=\"no\" data-columns=\"5\" data-columnsmedium=\"1\" data-columnssmall=\"1\" data-itemmargin=\"13\" data-itemwidth=\"180\" data-touchscroll=\"no\" data-freemode=\"no\" data-imagesize=\"fixed\" data-scrollitems=\"0\" data-centeredslides=\"no\" data-rotationangle=\"50\" data-depth=\"100\" data-speed=\"500\" data-shadow=\"no\" data-pagination=\"bullets\" style=\"--awb-border-width:1px;--awb-border-color:#e9eaee;\"><div class=\"swiper-wrapper awb-image-carousel-wrapper fusion-flex-align-items-center\"><div class=\"swiper-slide\"><div class=\"fusion-carousel-item-wrapper\"><div class=\"fusion-image-wrapper hover-type-none\"><img decoding=\"async\" width=\"214\" height=\"202\" src=\"https:\/\/i0.wp.com\/pauquette.com\/wp-content\/uploads\/2024\/10\/I-speak-Russian.jpg?resize=214%2C202&amp;ssl=1\" class=\"attachment-blog-medium size-blog-medium\" alt=\"\" \/><\/div><\/div><\/div><div class=\"swiper-slide\"><div class=\"fusion-carousel-item-wrapper\"><div class=\"fusion-image-wrapper hover-type-none\"><img decoding=\"async\" width=\"285\" height=\"90\" src=\"https:\/\/i0.wp.com\/pauquette.com\/wp-content\/uploads\/2024\/10\/I-speak-Hebrew.jpg?resize=285%2C90&amp;ssl=1\" class=\"attachment-blog-medium size-blog-medium\" alt=\"\" srcset=\"https:\/\/i0.wp.com\/pauquette.com\/wp-content\/uploads\/2024\/10\/I-speak-Hebrew.jpg?resize=199%2C63&amp;ssl=1 199w, https:\/\/i0.wp.com\/pauquette.com\/wp-content\/uploads\/2024\/10\/I-speak-Hebrew.jpg?resize=200%2C63&amp;ssl=1 200w, https:\/\/i0.wp.com\/pauquette.com\/wp-content\/uploads\/2024\/10\/I-speak-Hebrew.jpg?fit=285%2C90&amp;ssl=1 285w\" sizes=\"(min-width: 2200px) 100vw, (min-width: 784px) 447px, (min-width: 712px) 670px, (min-width: 640px) 712px, \" \/><\/div><\/div><\/div><div class=\"swiper-slide\"><div class=\"fusion-carousel-item-wrapper\"><div class=\"fusion-image-wrapper hover-type-none\"><img decoding=\"async\" width=\"310\" height=\"163\" src=\"https:\/\/i0.wp.com\/pauquette.com\/wp-content\/uploads\/2024\/10\/I-speak-Arabic.png?resize=310%2C163&amp;ssl=1\" class=\"attachment-blog-medium size-blog-medium\" alt=\"\" srcset=\"https:\/\/i0.wp.com\/pauquette.com\/wp-content\/uploads\/2024\/10\/I-speak-Arabic.png?resize=199%2C105&amp;ssl=1 199w, https:\/\/i0.wp.com\/pauquette.com\/wp-content\/uploads\/2024\/10\/I-speak-Arabic.png?resize=200%2C105&amp;ssl=1 200w, https:\/\/i0.wp.com\/pauquette.com\/wp-content\/uploads\/2024\/10\/I-speak-Arabic.png?fit=310%2C163&amp;ssl=1 310w\" sizes=\"(min-width: 2200px) 100vw, (min-width: 784px) 447px, (min-width: 712px) 670px, (min-width: 640px) 712px, \" \/><\/div><\/div><\/div><\/div><div class=\"awb-swiper-button awb-swiper-button-prev\"><i class=\"awb-icon-angle-left\" aria-hidden=\"true\"><\/i><\/div><div class=\"awb-swiper-button awb-swiper-button-next\"><i class=\"awb-icon-angle-right\" aria-hidden=\"true\"><\/i><\/div><\/div><\/div><div class=\"fusion-separator fusion-full-width-sep\" style=\"align-self: center;margin-left: auto;margin-right: auto;width:100%;\"><\/div><div class=\"fusion-separator fusion-full-width-sep\" style=\"align-self: center;margin-left: auto;margin-right: auto;width:100%;\"><div class=\"fusion-separator-border sep-single sep-solid\" style=\"--awb-height:20px;--awb-amount:20px;border-color:#595758;border-top-width:1px;\"><\/div><\/div><div class=\"fusion-text fusion-text-2\"><p>Atiende a clientes mayores de 18 a\u00f1os<\/p>\n<p><strong>Para consultar la lista de seguros aceptados, ponte en contacto con cualquiera de nuestras sedes <\/strong>.<\/p>\n<\/div><\/div><\/div><div class=\"fusion-layout-column fusion_builder_column fusion-builder-column-3 fusion_builder_column_2_5 2_5 fusion-flex-column\" style=\"--awb-bg-size:cover;--awb-width-large:40%;--awb-margin-top-large:0px;--awb-spacing-right-large:4.8%;--awb-margin-bottom-large:20px;--awb-spacing-left-large:4.8%;--awb-width-medium:100%;--awb-order-medium:0;--awb-spacing-right-medium:1.92%;--awb-spacing-left-medium:1.92%;--awb-width-small:100%;--awb-order-small:0;--awb-spacing-right-small:1.92%;--awb-spacing-left-small:1.92%;\" data-scroll-devices=\"small-visibility,medium-visibility,large-visibility\"><div class=\"fusion-column-wrapper fusion-column-has-shadow fusion-flex-justify-content-flex-start fusion-content-layout-column\"><div class=\"fusion-text fusion-text-3\"><p><strong>\u00c1rea de inter\u00e9s<\/strong><\/p>\n<ul>\n<li aria-level=\"1\">Terapia de Aceptaci\u00f3n y Compromiso (ACT)<\/li>\n<li aria-level=\"1\">Adicciones al alcohol y otras drogas (AODA)<\/li>\n<li aria-level=\"1\">Ira<\/li>\n<li style=\"font-weight: 400;\" aria-level=\"1\"><span style=\"font-weight: 400;\">Ansiedad<\/span><\/li>\n<li style=\"font-weight: 400;\" aria-level=\"1\"><span style=\"font-weight: 400;\">Equilibrio entre trabajo y familia<\/span><\/li>\n<li aria-level=\"1\">Trastorno bipolar<\/li>\n<li aria-level=\"1\">Burnout\/Fatiga por Compasi\u00f3n<\/li>\n<li aria-level=\"1\">Terapia cognitivo-conductual (TCC)<\/li>\n<li aria-level=\"1\">Dolor cr\u00f3nico<\/li>\n<li aria-level=\"1\">Afrontamiento para cuidadores &#8211; Incluida la demencia y el Alzheimer<\/li>\n<li style=\"font-weight: 400;\" aria-level=\"1\"><span style=\"font-weight: 400;\">Depresi\u00f3n<\/span><\/li>\n<li style=\"font-weight: 400;\" aria-level=\"1\"><span style=\"font-weight: 400;\">Comunicaci\u00f3n eficaz<\/span><\/li>\n<li style=\"font-weight: 400;\" aria-level=\"1\"><span style=\"font-weight: 400;\">Perd\u00f3n<\/span><\/li>\n<li aria-level=\"1\">Duelo\/P\u00e9rdida<\/li>\n<\/ul>\n<\/div><\/div><\/div><div class=\"fusion-layout-column fusion_builder_column fusion-builder-column-4 fusion_builder_column_1_5 1_5 fusion-flex-column\" style=\"--awb-bg-size:cover;--awb-width-large:20%;--awb-margin-top-large:0px;--awb-spacing-right-large:9.6%;--awb-margin-bottom-large:20px;--awb-spacing-left-large:9.6%;--awb-width-medium:100%;--awb-order-medium:0;--awb-spacing-right-medium:1.92%;--awb-spacing-left-medium:1.92%;--awb-width-small:100%;--awb-order-small:0;--awb-spacing-right-small:1.92%;--awb-spacing-left-small:1.92%;\" data-scroll-devices=\"small-visibility,medium-visibility,large-visibility\"><div class=\"fusion-column-wrapper fusion-column-has-shadow fusion-flex-justify-content-flex-start fusion-content-layout-column\"><div class=\"fusion-text fusion-text-4\"><ul>\n<li aria-level=\"1\">LGBTQ<\/li>\n<li aria-level=\"1\">Transiciones vitales<\/li>\n<li aria-level=\"1\">Atenci\u00f3n Plena<\/li>\n<li style=\"font-weight: 400;\" aria-level=\"1\"><span style=\"font-weight: 400;\">Problemas emocionales o del estado de \u00e1nimo<\/span><\/li>\n<li aria-level=\"1\">Entrevista motivacional<\/li>\n<li aria-level=\"1\">Terapia narrativa<\/li>\n<li style=\"font-weight: 400;\" aria-level=\"1\"><span style=\"font-weight: 400;\">Bienestar personal<\/span><\/li>\n<li aria-level=\"1\">Fobias y trastornos de los h\u00e1bitos<\/li>\n<li aria-level=\"1\">Trauma racial<\/li>\n<li aria-level=\"1\">Trauma secundario<\/li>\n<li style=\"font-weight: 400;\" aria-level=\"1\"><span style=\"font-weight: 400;\">Autoestima<\/span><\/li>\n<li aria-level=\"1\">Delincuente sexual<\/li>\n<li style=\"font-weight: 400;\" aria-level=\"1\"><span style=\"font-weight: 400;\">Estr\u00e9s<\/span><\/li>\n<li aria-level=\"1\">Ideaci\u00f3n suicida<\/li>\n<li aria-level=\"1\">Trauma\/Abuso<\/li>\n<\/ul>\n<\/div><\/div><\/div><\/div><\/div>\n","protected":false},"excerpt":{"rendered":"","protected":false},"author":2,"featured_media":0,"parent":0,"menu_order":29,"comment_status":"closed","ping_status":"closed","template":"","meta":{"footnotes":""},"class_list":["post-16585","page","type-page","status-publish","hentry"],"yoast_head":"<!-- This site is optimized with the Yoast SEO plugin v27.3 - https:\/\/yoast.com\/product\/yoast-seo-wordpress\/ -->\n<title>Victoria Lichtman, MSW, APSW - Pauquette Center<\/title>\n<meta name=\"robots\" content=\"index, follow, max-snippet:-1, max-image-preview:large, max-video-preview:-1\" \/>\n<link rel=\"canonical\" href=\"https:\/\/pauquette.com\/es\/victoria-lichtman-msw-apsw\/\" \/>\n<meta property=\"og:locale\" content=\"es_ES\" \/>\n<meta property=\"og:type\" content=\"article\" \/>\n<meta property=\"og:title\" content=\"Victoria Lichtman, MSW, APSW - Pauquette Center\" \/>\n<meta property=\"og:url\" content=\"https:\/\/pauquette.com\/es\/victoria-lichtman-msw-apsw\/\" \/>\n<meta property=\"og:site_name\" content=\"Pauquette Center\" \/>\n<meta property=\"article:publisher\" content=\"https:\/\/www.facebook.com\/pauquettecenter\" \/>\n<meta property=\"article:modified_time\" content=\"2025-05-29T21:04:01+00:00\" \/>\n<meta name=\"twitter:card\" content=\"summary_large_image\" \/>\n<meta name=\"twitter:label1\" content=\"Tiempo de lectura\" \/>\n\t<meta name=\"twitter:data1\" content=\"3 minutos\" \/>\n<script type=\"application\/ld+json\" class=\"yoast-schema-graph\">{\"@context\":\"https:\\\/\\\/schema.org\",\"@graph\":[{\"@type\":\"WebPage\",\"@id\":\"https:\\\/\\\/pauquette.com\\\/es\\\/victoria-lichtman-msw-apsw\\\/\",\"url\":\"https:\\\/\\\/pauquette.com\\\/es\\\/victoria-lichtman-msw-apsw\\\/\",\"name\":\"Victoria Lichtman, MSW, APSW - Pauquette Center\",\"isPartOf\":{\"@id\":\"https:\\\/\\\/pauquette.com\\\/es\\\/#website\"},\"datePublished\":\"2024-10-01T16:50:41+00:00\",\"dateModified\":\"2025-05-29T21:04:01+00:00\",\"breadcrumb\":{\"@id\":\"https:\\\/\\\/pauquette.com\\\/es\\\/victoria-lichtman-msw-apsw\\\/#breadcrumb\"},\"inLanguage\":\"es\",\"potentialAction\":[{\"@type\":\"ReadAction\",\"target\":[\"https:\\\/\\\/pauquette.com\\\/es\\\/victoria-lichtman-msw-apsw\\\/\"]}]},{\"@type\":\"BreadcrumbList\",\"@id\":\"https:\\\/\\\/pauquette.com\\\/es\\\/victoria-lichtman-msw-apsw\\\/#breadcrumb\",\"itemListElement\":[{\"@type\":\"ListItem\",\"position\":1,\"name\":\"Home\",\"item\":\"https:\\\/\\\/pauquette.com\\\/es\\\/pagina-de-inicio\\\/\"},{\"@type\":\"ListItem\",\"position\":2,\"name\":\"Victoria Lichtman, MSW, APSW\"}]},{\"@type\":\"WebSite\",\"@id\":\"https:\\\/\\\/pauquette.com\\\/es\\\/#website\",\"url\":\"https:\\\/\\\/pauquette.com\\\/es\\\/\",\"name\":\"Pauquette Center\",\"description\":\"Compassionate professionals ready to serve your psychological needs.  Serving Columbia, Richland, Sauk, and adjacent counties.\",\"potentialAction\":[{\"@type\":\"SearchAction\",\"target\":{\"@type\":\"EntryPoint\",\"urlTemplate\":\"https:\\\/\\\/pauquette.com\\\/es\\\/?s={search_term_string}\"},\"query-input\":{\"@type\":\"PropertyValueSpecification\",\"valueRequired\":true,\"valueName\":\"search_term_string\"}}],\"inLanguage\":\"es\"}]}<\/script>\n<!-- \/ Yoast SEO plugin. -->","yoast_head_json":{"title":"Victoria Lichtman, MSW, APSW - Pauquette Center","robots":{"index":"index","follow":"follow","max-snippet":"max-snippet:-1","max-image-preview":"max-image-preview:large","max-video-preview":"max-video-preview:-1"},"canonical":"https:\/\/pauquette.com\/es\/victoria-lichtman-msw-apsw\/","og_locale":"es_ES","og_type":"article","og_title":"Victoria Lichtman, MSW, APSW - Pauquette Center","og_url":"https:\/\/pauquette.com\/es\/victoria-lichtman-msw-apsw\/","og_site_name":"Pauquette Center","article_publisher":"https:\/\/www.facebook.com\/pauquettecenter","article_modified_time":"2025-05-29T21:04:01+00:00","twitter_card":"summary_large_image","twitter_misc":{"Tiempo de lectura":"3 minutos"},"schema":{"@context":"https:\/\/schema.org","@graph":[{"@type":"WebPage","@id":"https:\/\/pauquette.com\/es\/victoria-lichtman-msw-apsw\/","url":"https:\/\/pauquette.com\/es\/victoria-lichtman-msw-apsw\/","name":"Victoria Lichtman, MSW, APSW - Pauquette Center","isPartOf":{"@id":"https:\/\/pauquette.com\/es\/#website"},"datePublished":"2024-10-01T16:50:41+00:00","dateModified":"2025-05-29T21:04:01+00:00","breadcrumb":{"@id":"https:\/\/pauquette.com\/es\/victoria-lichtman-msw-apsw\/#breadcrumb"},"inLanguage":"es","potentialAction":[{"@type":"ReadAction","target":["https:\/\/pauquette.com\/es\/victoria-lichtman-msw-apsw\/"]}]},{"@type":"BreadcrumbList","@id":"https:\/\/pauquette.com\/es\/victoria-lichtman-msw-apsw\/#breadcrumb","itemListElement":[{"@type":"ListItem","position":1,"name":"Home","item":"https:\/\/pauquette.com\/es\/pagina-de-inicio\/"},{"@type":"ListItem","position":2,"name":"Victoria Lichtman, MSW, APSW"}]},{"@type":"WebSite","@id":"https:\/\/pauquette.com\/es\/#website","url":"https:\/\/pauquette.com\/es\/","name":"Pauquette Center","description":"Compassionate professionals ready to serve your psychological needs.  Serving Columbia, Richland, Sauk, and adjacent counties.","potentialAction":[{"@type":"SearchAction","target":{"@type":"EntryPoint","urlTemplate":"https:\/\/pauquette.com\/es\/?s={search_term_string}"},"query-input":{"@type":"PropertyValueSpecification","valueRequired":true,"valueName":"search_term_string"}}],"inLanguage":"es"}]}},"jetpack_sharing_enabled":true,"jetpack_shortlink":"https:\/\/wp.me\/PakdW4-4jv","jetpack-related-posts":[{"id":16645,"url":"https:\/\/pauquette.com\/es\/formulario-de-contacto-para-nuevos-clientes\/","url_meta":{"origin":16585,"position":0},"title":"Formulario de contacto para nuevos clientes","author":"pauquette18","date":"27 de abril de 2019","format":false,"excerpt":"","rel":"","context":"Entrada similar","block_context":{"text":"Entrada similar","link":""},"img":{"alt_text":"","src":"","width":0,"height":0},"classes":[]},{"id":555,"url":"https:\/\/pauquette.com\/contact-us\/","url_meta":{"origin":16585,"position":1},"title":"Contact Us","author":"pauquette18","date":"13 de abril de 2018","format":false,"excerpt":"","rel":"","context":"Entrada similar","block_context":{"text":"Entrada similar","link":""},"img":{"alt_text":"","src":"","width":0,"height":0},"classes":[]},{"id":3485,"url":"https:\/\/pauquette.com\/pauquette-center-for-psychological-services-2-2\/","url_meta":{"origin":16585,"position":2},"title":"Home Page","author":"JoEllen Westendorf","date":"5 de junio de 2020","format":false,"excerpt":"","rel":"","context":"Entrada similar","block_context":{"text":"Entrada similar","link":""},"img":{"alt_text":"","src":"https:\/\/i0.wp.com\/pauquette.com\/wp-content\/uploads\/2025\/11\/1000000339-322x242.jpeg?resize=350%2C200&ssl=1","width":350,"height":200},"classes":[]},{"id":460,"url":"https:\/\/pauquette.com\/offices-and-locations\/","url_meta":{"origin":16585,"position":3},"title":"Pauquette Center Offices and Locations","author":"pauquette18","date":"12 de abril de 2018","format":false,"excerpt":"","rel":"","context":"Entrada similar","block_context":{"text":"Entrada similar","link":""},"img":{"alt_text":"","src":"","width":0,"height":0},"classes":[]},{"id":16682,"url":"https:\/\/pauquette.com\/es\/oficinas-y-ubicaciones-del-centro-pauquette\/","url_meta":{"origin":16585,"position":4},"title":"Oficinas y ubicaciones del Centro Pauquette","author":"pauquette18","date":"12 de abril de 2018","format":false,"excerpt":"","rel":"","context":"Entrada similar","block_context":{"text":"Entrada similar","link":""},"img":{"alt_text":"","src":"","width":0,"height":0},"classes":[]},{"id":64,"url":"https:\/\/pauquette.com\/privacy-policy\/","url_meta":{"origin":16585,"position":5},"title":"Privacy Policy","author":"pauquette18","date":"6 de abril de 2018","format":false,"excerpt":"","rel":"","context":"Entrada similar","block_context":{"text":"Entrada similar","link":""},"img":{"alt_text":"","src":"","width":0,"height":0},"classes":[]}],"_links":{"self":[{"href":"https:\/\/pauquette.com\/es\/wp-json\/wp\/v2\/pages\/16585","targetHints":{"allow":["GET"]}}],"collection":[{"href":"https:\/\/pauquette.com\/es\/wp-json\/wp\/v2\/pages"}],"about":[{"href":"https:\/\/pauquette.com\/es\/wp-json\/wp\/v2\/types\/page"}],"author":[{"embeddable":true,"href":"https:\/\/pauquette.com\/es\/wp-json\/wp\/v2\/users\/2"}],"replies":[{"embeddable":true,"href":"https:\/\/pauquette.com\/es\/wp-json\/wp\/v2\/comments?post=16585"}],"version-history":[{"count":4,"href":"https:\/\/pauquette.com\/es\/wp-json\/wp\/v2\/pages\/16585\/revisions"}],"predecessor-version":[{"id":16821,"href":"https:\/\/pauquette.com\/es\/wp-json\/wp\/v2\/pages\/16585\/revisions\/16821"}],"wp:attachment":[{"href":"https:\/\/pauquette.com\/es\/wp-json\/wp\/v2\/media?parent=16585"}],"curies":[{"name":"wp","href":"https:\/\/api.w.org\/{rel}","templated":true}]}}