{"id":16583,"date":"2024-10-14T17:54:16","date_gmt":"2024-10-14T17:54:16","guid":{"rendered":"https:\/\/pauquette.com\/terapia-de-grupo-antiviolencia\/"},"modified":"2025-05-27T20:41:49","modified_gmt":"2025-05-27T20:41:49","slug":"terapia-de-grupo-antiviolencia","status":"publish","type":"page","link":"https:\/\/pauquette.com\/es\/servicios-de-salud-mental\/terapia-de-grupo-antiviolencia\/","title":{"rendered":"Terapia de Grupo Antiviolencia"},"content":{"rendered":"<div class=\"fusion-fullwidth fullwidth-box fusion-builder-row-1 has-pattern-background has-mask-background nonhundred-percent-fullwidth non-hundred-percent-height-scrolling\" style=\"--awb-border-radius-top-left:0px;--awb-border-radius-top-right:0px;--awb-border-radius-bottom-right:0px;--awb-border-radius-bottom-left:0px;--awb-flex-wrap:wrap;\" ><div class=\"fusion-builder-row fusion-row\"><div class=\"fusion-layout-column fusion_builder_column fusion-builder-column-0 fusion_builder_column_1_1 1_1 fusion-one-full fusion-column-first fusion-column-last\" style=\"--awb-bg-blend:overlay;--awb-bg-size:cover;--awb-margin-bottom:0px;\"><div class=\"fusion-column-wrapper fusion-flex-column-wrapper-legacy\"><div class=\"fusion-text fusion-text-1\"><h1>Terapia de Grupo Antiviolencia (Grupo de Violencia Dom\u00e9stica)<\/h1>\n<\/div><div class=\"fusion-clearfix\"><\/div><\/div><\/div><div class=\"fusion-layout-column fusion_builder_column fusion-builder-column-1 fusion_builder_column_3_5 3_5 fusion-three-fifth fusion-column-first\" style=\"--awb-bg-size:cover;width:60%;width:calc(60% - ( ( 4% ) * 0.6 ) );margin-right: 4%;\"><div class=\"fusion-column-wrapper fusion-column-has-shadow fusion-flex-column-wrapper-legacy\"><div class=\"fusion-text fusion-text-2\"><p><span style=\"font-weight: 400;\">Este grupo est\u00e1 dise\u00f1ado para hombres con antecedentes de violencia dom\u00e9stica y\/o problemas importantes de ira. Est\u00e1 dirigido por un Proveedor de Tratamiento para Maltratadores certificado por el Estado y cumple las normas estatales de intervenci\u00f3n con delincuentes. El plan de estudios b\u00e1sico de este grupo es psicoeducativo y aborda la ira, la violencia, el poder y el control, y las relaciones sanas. El grupo se re\u00fane 90 minutos a la semana durante 24 semanas.   <\/span><\/p>\n<h2>Reuniones<\/h2>\n<p><span style=\"font-weight: 400;\">Por telesalud<\/span><span style=\"font-weight: 400;\">. Aceptamos remisiones en cualquier momento y determinaremos una fecha exacta de inicio una vez que tengamos un n\u00famero suficiente de participantes.  <\/span><\/p>\n<h2>Expectativas<\/h2>\n<p>Se espera que los participantes<\/p>\n<ul>\n<li style=\"font-weight: 400;\" aria-level=\"1\"><span style=\"font-weight: 400;\">Paga 950,00 $ por los seis meses completos o realiza pagos de 190,00 $ al mes antes del comienzo del mes.<\/span><\/li>\n<li style=\"font-weight: 400;\" aria-level=\"1\"><span style=\"font-weight: 400;\">Mot\u00edvate para el cambio.<\/span><\/li>\n<li style=\"font-weight: 400;\" aria-level=\"1\"><span style=\"font-weight: 400;\">Asiste sistem\u00e1ticamente y participa en la discusi\u00f3n en grupo.<\/span><\/li>\n<li style=\"font-weight: 400;\" aria-level=\"1\"><span style=\"font-weight: 400;\">Ser capaz de unirse a trav\u00e9s de la telesalud en un entorno privado y confidencial.<\/span><\/li>\n<\/ul>\n<h2>Proceso de remisi\u00f3n<\/h2>\n<p><span style=\"font-weight: 400;\">Si ya eres cliente del Centro Pauquette, habla con tu terapeuta sobre el grupo y sobre c\u00f3mo ser remitido.<\/span><\/p>\n<p><span style=\"font-weight: 400;\">Si no eres cliente actual del Centro Pauquette, rellena el <\/span><a href=\"https:\/\/docs.google.com\/forms\/d\/e\/1FAIpQLSe3ahbScyWMMBFwI0yvs11y15kV-kbCe_im2atOjBxZCQUuUg\/viewform?usp=sf_link\"><span style=\"font-weight: 400;\">Formulario de derivaci\u00f3n externa<\/span><\/a><span style=\"font-weight: 400;\">  en el sitio web. Una vez que tengamos un n\u00famero suficiente de personas recomendadas, te citaremos para una breve exploraci\u00f3n, a fin de proporcionar informaci\u00f3n sobre tus antecedentes y determinar si el grupo encajar\u00eda bien. Si encajas, se te pedir\u00e1 que rellenes la documentaci\u00f3n de nuevo cliente y se te citar\u00e1 para una sesi\u00f3n de admisi\u00f3n y plan de tratamiento.    <\/span><\/p>\n<\/div><div class=\"fusion-text fusion-text-3\"><p><a href=\"https:\/\/pauquette.com\/wp-content\/uploads\/2025\/01\/Anti-Violence-Group-2.pdf\" target=\"_blank\" rel=\"noopener\">Folleto del Grupo Antiviolencia<\/a><\/p>\n<\/div><div class=\"fusion-text fusion-text-4\"><p><a class=\"fusion-modal-text-link\" href=\"https:\/\/docs.google.com\/forms\/d\/e\/1FAIpQLSe3ahbScyWMMBFwI0yvs11y15kV-kbCe_im2atOjBxZCQUuUg\/viewform\" target=\"_blank\" rel=\"noopener\" data-toggle=\"modal\" data-target=\".fusion-modal.formanti\">Formulario de Derivaci\u00f3n Externa de Terapia de Grupo Antiviolencia<\/a><\/p>\n<\/div><div class=\"fusion-clearfix\"><\/div><\/div><\/div><div class=\"fusion-layout-column fusion_builder_column fusion-builder-column-2 fusion_builder_column_2_5 2_5 fusion-two-fifth fusion-column-last\" style=\"--awb-bg-size:cover;width:40%;width:calc(40% - ( ( 4% ) * 0.4 ) );\"><div class=\"fusion-column-wrapper fusion-column-has-shadow fusion-flex-column-wrapper-legacy\"><div class=\"fusion-image-element in-legacy-container\" style=\"--awb-caption-title-font-family:var(--h2_typography-font-family);--awb-caption-title-font-weight:var(--h2_typography-font-weight);--awb-caption-title-font-style:var(--h2_typography-font-style);--awb-caption-title-size:var(--h2_typography-font-size);--awb-caption-title-transform:var(--h2_typography-text-transform);--awb-caption-title-line-height:var(--h2_typography-line-height);--awb-caption-title-letter-spacing:var(--h2_typography-letter-spacing);\"><span class=\" fusion-imageframe imageframe-none imageframe-1 hover-type-none\"><img data-recalc-dims=\"1\" decoding=\"async\" width=\"1280\" height=\"853\" title=\"happy-1836445_1280\" src=\"https:\/\/i0.wp.com\/pauquette.com\/wp-content\/uploads\/2024\/12\/happy-1836445_1280.jpg?resize=1280%2C853&#038;ssl=1\" alt class=\"img-responsive wp-image-16524\" srcset=\"https:\/\/i0.wp.com\/pauquette.com\/wp-content\/uploads\/2024\/12\/happy-1836445_1280.jpg?resize=199%2C133&amp;ssl=1 199w, https:\/\/i0.wp.com\/pauquette.com\/wp-content\/uploads\/2024\/12\/happy-1836445_1280.jpg?resize=200%2C133&amp;ssl=1 200w, https:\/\/i0.wp.com\/pauquette.com\/wp-content\/uploads\/2024\/12\/happy-1836445_1280.jpg?resize=322%2C215&amp;ssl=1 322w, https:\/\/i0.wp.com\/pauquette.com\/wp-content\/uploads\/2024\/12\/happy-1836445_1280.jpg?resize=400%2C267&amp;ssl=1 400w, https:\/\/i0.wp.com\/pauquette.com\/wp-content\/uploads\/2024\/12\/happy-1836445_1280.jpg?resize=522%2C348&amp;ssl=1 522w, https:\/\/i0.wp.com\/pauquette.com\/wp-content\/uploads\/2024\/12\/happy-1836445_1280.jpg?resize=600%2C400&amp;ssl=1 600w, https:\/\/i0.wp.com\/pauquette.com\/wp-content\/uploads\/2024\/12\/happy-1836445_1280.jpg?resize=768%2C512&amp;ssl=1 768w, https:\/\/i0.wp.com\/pauquette.com\/wp-content\/uploads\/2024\/12\/happy-1836445_1280.jpg?resize=800%2C533&amp;ssl=1 800w, https:\/\/i0.wp.com\/pauquette.com\/wp-content\/uploads\/2024\/12\/happy-1836445_1280.jpg?resize=1200%2C800&amp;ssl=1 1200w, https:\/\/i0.wp.com\/pauquette.com\/wp-content\/uploads\/2024\/12\/happy-1836445_1280.jpg?w=1280&amp;ssl=1 1280w\" sizes=\"(max-width: 800px) 100vw, 600px\" \/><\/span><\/div><div class=\"fusion-clearfix\"><\/div><\/div><\/div><\/div><\/div>\n","protected":false},"excerpt":{"rendered":"","protected":false},"author":1,"featured_media":0,"parent":16654,"menu_order":16,"comment_status":"closed","ping_status":"closed","template":"","meta":{"footnotes":""},"class_list":["post-16583","page","type-page","status-publish","hentry"],"yoast_head":"<!-- This site is optimized with the Yoast SEO plugin v27.3 - https:\/\/yoast.com\/product\/yoast-seo-wordpress\/ -->\n<title>Terapia de Grupo Antiviolencia | Pauquette Center<\/title>\n<meta name=\"description\" content=\"Si tienes una baja autoestima que est\u00e1 afectando a tu vida cotidiana, puedes beneficiarte de la psicoterapia. Ponte en contacto con nosotros para saber m\u00e1s.\" \/>\n<meta name=\"robots\" content=\"index, follow, max-snippet:-1, max-image-preview:large, max-video-preview:-1\" \/>\n<link rel=\"canonical\" href=\"https:\/\/pauquette.com\/es\/servicios-de-salud-mental\/terapia-de-grupo-antiviolencia\/\" \/>\n<meta property=\"og:locale\" content=\"es_ES\" \/>\n<meta property=\"og:type\" content=\"article\" \/>\n<meta property=\"og:title\" content=\"Terapia de Grupo Antiviolencia | Pauquette Center\" \/>\n<meta property=\"og:description\" content=\"Si tienes una baja autoestima que est\u00e1 afectando a tu vida cotidiana, puedes beneficiarte de la psicoterapia. Ponte en contacto con nosotros para saber m\u00e1s.\" \/>\n<meta property=\"og:url\" content=\"https:\/\/pauquette.com\/es\/servicios-de-salud-mental\/terapia-de-grupo-antiviolencia\/\" \/>\n<meta property=\"og:site_name\" content=\"Pauquette Center\" \/>\n<meta property=\"article:publisher\" content=\"https:\/\/www.facebook.com\/pauquettecenter\" \/>\n<meta property=\"article:modified_time\" content=\"2025-05-27T20:41:49+00:00\" \/>\n<meta name=\"twitter:card\" content=\"summary_large_image\" \/>\n<meta name=\"twitter:label1\" content=\"Tiempo de lectura\" \/>\n\t<meta name=\"twitter:data1\" content=\"10 minutos\" \/>\n<script type=\"application\/ld+json\" class=\"yoast-schema-graph\">{\"@context\":\"https:\\\/\\\/schema.org\",\"@graph\":[{\"@type\":\"WebPage\",\"@id\":\"https:\\\/\\\/pauquette.com\\\/es\\\/servicios-de-salud-mental\\\/terapia-de-grupo-antiviolencia\\\/\",\"url\":\"https:\\\/\\\/pauquette.com\\\/es\\\/servicios-de-salud-mental\\\/terapia-de-grupo-antiviolencia\\\/\",\"name\":\"Terapia de Grupo Antiviolencia | Pauquette Center\",\"isPartOf\":{\"@id\":\"https:\\\/\\\/pauquette.com\\\/es\\\/#website\"},\"datePublished\":\"2024-10-14T17:54:16+00:00\",\"dateModified\":\"2025-05-27T20:41:49+00:00\",\"description\":\"Si tienes una baja autoestima que est\u00e1 afectando a tu vida cotidiana, puedes beneficiarte de la psicoterapia. Ponte en contacto con nosotros para saber m\u00e1s.\",\"breadcrumb\":{\"@id\":\"https:\\\/\\\/pauquette.com\\\/es\\\/servicios-de-salud-mental\\\/terapia-de-grupo-antiviolencia\\\/#breadcrumb\"},\"inLanguage\":\"es\",\"potentialAction\":[{\"@type\":\"ReadAction\",\"target\":[\"https:\\\/\\\/pauquette.com\\\/es\\\/servicios-de-salud-mental\\\/terapia-de-grupo-antiviolencia\\\/\"]}]},{\"@type\":\"BreadcrumbList\",\"@id\":\"https:\\\/\\\/pauquette.com\\\/es\\\/servicios-de-salud-mental\\\/terapia-de-grupo-antiviolencia\\\/#breadcrumb\",\"itemListElement\":[{\"@type\":\"ListItem\",\"position\":1,\"name\":\"Home\",\"item\":\"https:\\\/\\\/pauquette.com\\\/es\\\/pagina-de-inicio\\\/\"},{\"@type\":\"ListItem\",\"position\":2,\"name\":\"Servicios de Salud Mental\",\"item\":\"https:\\\/\\\/pauquette.com\\\/es\\\/servicios-de-salud-mental\\\/\"},{\"@type\":\"ListItem\",\"position\":3,\"name\":\"Terapia de Grupo Antiviolencia\"}]},{\"@type\":\"WebSite\",\"@id\":\"https:\\\/\\\/pauquette.com\\\/es\\\/#website\",\"url\":\"https:\\\/\\\/pauquette.com\\\/es\\\/\",\"name\":\"Pauquette Center\",\"description\":\"Compassionate professionals ready to serve your psychological needs.  Serving Columbia, Richland, Sauk, and adjacent counties.\",\"potentialAction\":[{\"@type\":\"SearchAction\",\"target\":{\"@type\":\"EntryPoint\",\"urlTemplate\":\"https:\\\/\\\/pauquette.com\\\/es\\\/?s={search_term_string}\"},\"query-input\":{\"@type\":\"PropertyValueSpecification\",\"valueRequired\":true,\"valueName\":\"search_term_string\"}}],\"inLanguage\":\"es\"}]}<\/script>\n<!-- \/ Yoast SEO plugin. -->","yoast_head_json":{"title":"Terapia de Grupo Antiviolencia | Pauquette Center","description":"Si tienes una baja autoestima que est\u00e1 afectando a tu vida cotidiana, puedes beneficiarte de la psicoterapia. Ponte en contacto con nosotros para saber m\u00e1s.","robots":{"index":"index","follow":"follow","max-snippet":"max-snippet:-1","max-image-preview":"max-image-preview:large","max-video-preview":"max-video-preview:-1"},"canonical":"https:\/\/pauquette.com\/es\/servicios-de-salud-mental\/terapia-de-grupo-antiviolencia\/","og_locale":"es_ES","og_type":"article","og_title":"Terapia de Grupo Antiviolencia | Pauquette Center","og_description":"Si tienes una baja autoestima que est\u00e1 afectando a tu vida cotidiana, puedes beneficiarte de la psicoterapia. Ponte en contacto con nosotros para saber m\u00e1s.","og_url":"https:\/\/pauquette.com\/es\/servicios-de-salud-mental\/terapia-de-grupo-antiviolencia\/","og_site_name":"Pauquette Center","article_publisher":"https:\/\/www.facebook.com\/pauquettecenter","article_modified_time":"2025-05-27T20:41:49+00:00","twitter_card":"summary_large_image","twitter_misc":{"Tiempo de lectura":"10 minutos"},"schema":{"@context":"https:\/\/schema.org","@graph":[{"@type":"WebPage","@id":"https:\/\/pauquette.com\/es\/servicios-de-salud-mental\/terapia-de-grupo-antiviolencia\/","url":"https:\/\/pauquette.com\/es\/servicios-de-salud-mental\/terapia-de-grupo-antiviolencia\/","name":"Terapia de Grupo Antiviolencia | Pauquette Center","isPartOf":{"@id":"https:\/\/pauquette.com\/es\/#website"},"datePublished":"2024-10-14T17:54:16+00:00","dateModified":"2025-05-27T20:41:49+00:00","description":"Si tienes una baja autoestima que est\u00e1 afectando a tu vida cotidiana, puedes beneficiarte de la psicoterapia. Ponte en contacto con nosotros para saber m\u00e1s.","breadcrumb":{"@id":"https:\/\/pauquette.com\/es\/servicios-de-salud-mental\/terapia-de-grupo-antiviolencia\/#breadcrumb"},"inLanguage":"es","potentialAction":[{"@type":"ReadAction","target":["https:\/\/pauquette.com\/es\/servicios-de-salud-mental\/terapia-de-grupo-antiviolencia\/"]}]},{"@type":"BreadcrumbList","@id":"https:\/\/pauquette.com\/es\/servicios-de-salud-mental\/terapia-de-grupo-antiviolencia\/#breadcrumb","itemListElement":[{"@type":"ListItem","position":1,"name":"Home","item":"https:\/\/pauquette.com\/es\/pagina-de-inicio\/"},{"@type":"ListItem","position":2,"name":"Servicios de Salud Mental","item":"https:\/\/pauquette.com\/es\/servicios-de-salud-mental\/"},{"@type":"ListItem","position":3,"name":"Terapia de Grupo Antiviolencia"}]},{"@type":"WebSite","@id":"https:\/\/pauquette.com\/es\/#website","url":"https:\/\/pauquette.com\/es\/","name":"Pauquette Center","description":"Compassionate professionals ready to serve your psychological needs.  Serving Columbia, Richland, Sauk, and adjacent counties.","potentialAction":[{"@type":"SearchAction","target":{"@type":"EntryPoint","urlTemplate":"https:\/\/pauquette.com\/es\/?s={search_term_string}"},"query-input":{"@type":"PropertyValueSpecification","valueRequired":true,"valueName":"search_term_string"}}],"inLanguage":"es"}]}},"jetpack_sharing_enabled":true,"jetpack_shortlink":"https:\/\/wp.me\/PakdW4-4jt","jetpack-related-posts":[{"id":16645,"url":"https:\/\/pauquette.com\/es\/formulario-de-contacto-para-nuevos-clientes\/","url_meta":{"origin":16583,"position":0},"title":"Formulario de contacto para nuevos clientes","author":"pauquette18","date":"27 de abril de 2019","format":false,"excerpt":"","rel":"","context":"Entrada similar","block_context":{"text":"Entrada similar","link":""},"img":{"alt_text":"","src":"","width":0,"height":0},"classes":[]},{"id":555,"url":"https:\/\/pauquette.com\/contact-us\/","url_meta":{"origin":16583,"position":1},"title":"Contact Us","author":"pauquette18","date":"13 de abril de 2018","format":false,"excerpt":"","rel":"","context":"Entrada similar","block_context":{"text":"Entrada similar","link":""},"img":{"alt_text":"","src":"","width":0,"height":0},"classes":[]},{"id":3485,"url":"https:\/\/pauquette.com\/pauquette-center-for-psychological-services-2-2\/","url_meta":{"origin":16583,"position":2},"title":"Home Page","author":"JoEllen Westendorf","date":"5 de junio de 2020","format":false,"excerpt":"","rel":"","context":"Entrada similar","block_context":{"text":"Entrada similar","link":""},"img":{"alt_text":"","src":"https:\/\/i0.wp.com\/pauquette.com\/wp-content\/uploads\/2025\/11\/1000000339-322x242.jpeg?resize=350%2C200&ssl=1","width":350,"height":200},"classes":[]},{"id":460,"url":"https:\/\/pauquette.com\/offices-and-locations\/","url_meta":{"origin":16583,"position":3},"title":"Pauquette Center Offices and Locations","author":"pauquette18","date":"12 de abril de 2018","format":false,"excerpt":"","rel":"","context":"Entrada similar","block_context":{"text":"Entrada similar","link":""},"img":{"alt_text":"","src":"","width":0,"height":0},"classes":[]},{"id":16682,"url":"https:\/\/pauquette.com\/es\/oficinas-y-ubicaciones-del-centro-pauquette\/","url_meta":{"origin":16583,"position":4},"title":"Oficinas y ubicaciones del Centro Pauquette","author":"pauquette18","date":"12 de abril de 2018","format":false,"excerpt":"","rel":"","context":"Entrada similar","block_context":{"text":"Entrada similar","link":""},"img":{"alt_text":"","src":"","width":0,"height":0},"classes":[]},{"id":64,"url":"https:\/\/pauquette.com\/privacy-policy\/","url_meta":{"origin":16583,"position":5},"title":"Privacy Policy","author":"pauquette18","date":"6 de abril de 2018","format":false,"excerpt":"","rel":"","context":"Entrada similar","block_context":{"text":"Entrada similar","link":""},"img":{"alt_text":"","src":"","width":0,"height":0},"classes":[]}],"_links":{"self":[{"href":"https:\/\/pauquette.com\/es\/wp-json\/wp\/v2\/pages\/16583","targetHints":{"allow":["GET"]}}],"collection":[{"href":"https:\/\/pauquette.com\/es\/wp-json\/wp\/v2\/pages"}],"about":[{"href":"https:\/\/pauquette.com\/es\/wp-json\/wp\/v2\/types\/page"}],"author":[{"embeddable":true,"href":"https:\/\/pauquette.com\/es\/wp-json\/wp\/v2\/users\/1"}],"replies":[{"embeddable":true,"href":"https:\/\/pauquette.com\/es\/wp-json\/wp\/v2\/comments?post=16583"}],"version-history":[{"count":3,"href":"https:\/\/pauquette.com\/es\/wp-json\/wp\/v2\/pages\/16583\/revisions"}],"predecessor-version":[{"id":16590,"href":"https:\/\/pauquette.com\/es\/wp-json\/wp\/v2\/pages\/16583\/revisions\/16590"}],"up":[{"embeddable":true,"href":"https:\/\/pauquette.com\/es\/wp-json\/wp\/v2\/pages\/16654"}],"wp:attachment":[{"href":"https:\/\/pauquette.com\/es\/wp-json\/wp\/v2\/media?parent=16583"}],"curies":[{"name":"wp","href":"https:\/\/api.w.org\/{rel}","templated":true}]}}