{"id":16579,"date":"2024-12-03T19:07:19","date_gmt":"2024-12-03T19:07:19","guid":{"rendered":"https:\/\/pauquette.com\/terapia-de-grupo-de-habilidades-de-afrontamiento-para-adolescentes\/"},"modified":"2025-05-29T19:58:54","modified_gmt":"2025-05-29T19:58:54","slug":"terapia-de-grupo-de-habilidades-de-afrontamiento-para-adolescentes","status":"publish","type":"page","link":"https:\/\/pauquette.com\/es\/servicios-de-salud-mental\/terapia-de-grupo-de-habilidades-de-afrontamiento-para-adolescentes\/","title":{"rendered":"Terapia de grupo de habilidades de afrontamiento para adolescentes"},"content":{"rendered":"<div class=\"fusion-fullwidth fullwidth-box fusion-builder-row-1 has-pattern-background has-mask-background nonhundred-percent-fullwidth non-hundred-percent-height-scrolling\" style=\"--awb-border-radius-top-left:0px;--awb-border-radius-top-right:0px;--awb-border-radius-bottom-right:0px;--awb-border-radius-bottom-left:0px;--awb-flex-wrap:wrap;\" ><div class=\"fusion-builder-row fusion-row\"><div class=\"fusion-layout-column fusion_builder_column fusion-builder-column-0 fusion_builder_column_1_1 1_1 fusion-one-full fusion-column-first fusion-column-last\" style=\"--awb-bg-size:cover;--awb-margin-bottom:0px;\" data-scroll-devices=\"small-visibility,medium-visibility,large-visibility\"><div class=\"fusion-column-wrapper fusion-column-has-shadow fusion-flex-column-wrapper-legacy\"><div class=\"fusion-text fusion-text-1\"><h1>Terapia de grupo de habilidades de afrontamiento para adolescentes<\/h1>\n<\/div><div class=\"fusion-clearfix\"><\/div><\/div><\/div><div class=\"fusion-layout-column fusion_builder_column fusion-builder-column-1 fusion_builder_column_3_5 3_5 fusion-three-fifth fusion-column-first\" style=\"--awb-bg-size:cover;width:60%;width:calc(60% - ( ( 4% ) * 0.6 ) );margin-right: 4%;\"><div class=\"fusion-column-wrapper fusion-column-has-shadow fusion-flex-column-wrapper-legacy\"><div class=\"fusion-text fusion-text-2\"><p><span style=\"font-weight: 400;\">Si tienes dificultades para hacer frente a las emociones o a los s\u00edntomas del trauma, tal vez te encuentres llorando a menudo, experimentando estados de \u00e1nimo que cambian a menudo, teniendo emociones muy intensas que duran largos periodos de tiempo, o sintiendo que eres \u201cdemasiado sensible\u201d, este grupo podr\u00eda ser una buena opci\u00f3n para ti. <\/span><\/p>\n<p><span style=\"font-weight: 400;\">Este grupo puede ayudarte a comprender esas experiencias y c\u00f3mo manejarlas de forma m\u00e1s saludable. Este grupo se basa en la Terapia Dial\u00e9ctica Conductual (TDC) y proporcionar\u00e1 habilidades para ayudar a identificar emociones, pensamientos y posibles conductas problem\u00e1ticas. Las sesiones tendr\u00e1n una combinaci\u00f3n de ense\u00f1anza de habilidades, procesamiento de la informaci\u00f3n y actividades de relajaci\u00f3n <\/span><\/p>\n<p><span style=\"font-weight: 400;\">Este grupo se centrar\u00e1 en las habilidades b\u00e1sicas de DBT. Las sesiones de grupo tambi\u00e9n proporcionar\u00e1n conceptos y habilidades complementarios, como la autocompasi\u00f3n, el pensamiento de gratitud, informaci\u00f3n sobre el trauma y una comprensi\u00f3n general de la desregulaci\u00f3n del sistema nervioso. <\/span><\/p>\n<h2>Reuniones<\/h2>\n<p>V\u00eda telesalud los jueves de 16:00 a 17:00 durante 12-15 semanas. Aceptamos remisiones en cualquier momento y determinaremos una fecha exacta de inicio una vez que tengamos un n\u00famero suficiente de participantes. En algunos casos, se pueden facturar los servicios al seguro.<\/p>\n<h2>Expectativas<\/h2>\n<h4>Se espera que los participantes<\/h4>\n<ul>\n<li style=\"font-weight: 400;\" aria-level=\"1\"><span style=\"font-weight: 400;\">Asiste sistem\u00e1ticamente y participa en la discusi\u00f3n en grupo.<\/span><\/li>\n<li style=\"font-weight: 400;\" aria-level=\"1\"><span style=\"font-weight: 400;\">Ser capaz de unirse a trav\u00e9s de la telesalud en un entorno privado y confidencial.<\/span><\/li>\n<li style=\"font-weight: 400;\" aria-level=\"1\"><span style=\"font-weight: 400;\">Completa las lecturas y ejercicios fuera de clase cada semana.<\/span><\/li>\n<li style=\"font-weight: 400;\" aria-level=\"1\"><span style=\"font-weight: 400;\">Practica el uso de habilidades y ejercicios fuera de clase cada semana.<\/span><\/li>\n<li style=\"font-weight: 400;\" aria-level=\"1\"><span style=\"font-weight: 400;\">Sigue las normas del grupo.<\/span><\/li>\n<\/ul>\n<h2>Proceso de remisi\u00f3n<\/h2>\n<p>Si ya eres cliente del Centro Pauquette, habla con tu terapeuta sobre la <span style=\"color: var(--awb-text-color); font-family: var(--awb-text-font-family); font-size: var(--awb-font-size); font-style: var(--awb-text-font-style); font-weight: var(--awb-text-font-weight); letter-spacing: var(--awb-letter-spacing); text-align: var(--awb-content-alignment); text-transform: var(--awb-text-transform); background-color: var(--awb-bg-color-hover);\">grupo y sobre ser remitido.<\/span><\/p>\n<p>Si no eres cliente actual del Centro Pauquette, rellena el formulario de remisi\u00f3n <span style=\"color: var(--awb-text-color); font-family: var(--awb-text-font-family); font-size: var(--awb-font-size); font-style: var(--awb-text-font-style); font-weight: var(--awb-text-font-weight); letter-spacing: var(--awb-letter-spacing); text-align: var(--awb-content-alignment); text-transform: var(--awb-text-transform); background-color: var(--awb-bg-color-hover);\">abajo. Nos pondremos en contacto contigo para programar una breve exploraci\u00f3n y proporcionarte <\/span><span style=\"color: var(--awb-text-color); font-family: var(--awb-text-font-family); font-size: var(--awb-font-size); font-style: var(--awb-text-font-style); font-weight: var(--awb-text-font-weight); letter-spacing: var(--awb-letter-spacing); text-align: var(--awb-content-alignment); text-transform: var(--awb-text-transform); background-color: var(--awb-bg-color-hover);\">informaci\u00f3n de fondo y determinar si el grupo encajar\u00eda bien.<\/span><\/p>\n<\/div><div class=\"fusion-text fusion-text-3\"><p><a href=\"https:\/\/pauquette.com\/wp-content\/uploads\/2024\/10\/Adolescent-Coping-Skills-Group-3.pdf\" target=\"_blank\" rel=\"noopener\">Folleto del grupo de habilidades de afrontamiento para adolescentes<\/a><\/p>\n<\/div><div class=\"fusion-text fusion-text-4\"><p><a class=\"fusion-modal-text-link\" href=\"https:\/\/docs.google.com\/forms\/d\/e\/1FAIpQLSeXY_Z0a9b4FrJ_G_2MZqXFjtCxqXc6-xdwoRwdWRJ0p45NOw\/viewform\" target=\"_blank\" rel=\"noopener\" data-toggle=\"modal\" data-target=\".fusion-modal.refcope\">Grupo de habilidades de afrontamiento para adolescentes Formulario de derivaci\u00f3n externa<\/a><\/p>\n<\/div><div class=\"fusion-clearfix\"><\/div><\/div><\/div><div class=\"fusion-layout-column fusion_builder_column fusion-builder-column-2 fusion_builder_column_2_5 2_5 fusion-two-fifth fusion-column-last\" style=\"--awb-bg-size:cover;width:40%;width:calc(40% - ( ( 4% ) * 0.4 ) );\"><div class=\"fusion-column-wrapper fusion-column-has-shadow fusion-flex-column-wrapper-legacy\"><div class=\"fusion-image-element in-legacy-container\" style=\"--awb-caption-title-font-family:var(--h2_typography-font-family);--awb-caption-title-font-weight:var(--h2_typography-font-weight);--awb-caption-title-font-style:var(--h2_typography-font-style);--awb-caption-title-size:var(--h2_typography-font-size);--awb-caption-title-transform:var(--h2_typography-text-transform);--awb-caption-title-line-height:var(--h2_typography-line-height);--awb-caption-title-letter-spacing:var(--h2_typography-letter-spacing);\"><span class=\" fusion-imageframe imageframe-none imageframe-1 hover-type-none\"><img data-recalc-dims=\"1\" decoding=\"async\" width=\"1366\" height=\"911\" title=\"pexels-liza-summer-6382669_1\" src=\"https:\/\/i0.wp.com\/pauquette.com\/wp-content\/uploads\/2021\/05\/pexels-liza-summer-6382669_1.jpg?resize=1366%2C911&#038;ssl=1\" alt class=\"img-responsive wp-image-16409\" srcset=\"https:\/\/i0.wp.com\/pauquette.com\/wp-content\/uploads\/2021\/05\/pexels-liza-summer-6382669_1.jpg?resize=199%2C133&amp;ssl=1 199w, https:\/\/i0.wp.com\/pauquette.com\/wp-content\/uploads\/2021\/05\/pexels-liza-summer-6382669_1.jpg?resize=200%2C133&amp;ssl=1 200w, https:\/\/i0.wp.com\/pauquette.com\/wp-content\/uploads\/2021\/05\/pexels-liza-summer-6382669_1.jpg?resize=322%2C215&amp;ssl=1 322w, https:\/\/i0.wp.com\/pauquette.com\/wp-content\/uploads\/2021\/05\/pexels-liza-summer-6382669_1.jpg?resize=400%2C267&amp;ssl=1 400w, https:\/\/i0.wp.com\/pauquette.com\/wp-content\/uploads\/2021\/05\/pexels-liza-summer-6382669_1.jpg?resize=522%2C348&amp;ssl=1 522w, https:\/\/i0.wp.com\/pauquette.com\/wp-content\/uploads\/2021\/05\/pexels-liza-summer-6382669_1.jpg?resize=600%2C400&amp;ssl=1 600w, https:\/\/i0.wp.com\/pauquette.com\/wp-content\/uploads\/2021\/05\/pexels-liza-summer-6382669_1.jpg?resize=768%2C512&amp;ssl=1 768w, https:\/\/i0.wp.com\/pauquette.com\/wp-content\/uploads\/2021\/05\/pexels-liza-summer-6382669_1.jpg?resize=800%2C533&amp;ssl=1 800w, https:\/\/i0.wp.com\/pauquette.com\/wp-content\/uploads\/2021\/05\/pexels-liza-summer-6382669_1.jpg?resize=1200%2C800&amp;ssl=1 1200w, https:\/\/i0.wp.com\/pauquette.com\/wp-content\/uploads\/2021\/05\/pexels-liza-summer-6382669_1.jpg?resize=1536%2C1024&amp;ssl=1 1536w, https:\/\/i0.wp.com\/pauquette.com\/wp-content\/uploads\/2021\/05\/pexels-liza-summer-6382669_1.jpg?w=1920&amp;ssl=1 1920w\" sizes=\"(max-width: 800px) 100vw, 600px\" \/><\/span><\/div><div class=\"fusion-clearfix\"><\/div><\/div><\/div><\/div><\/div>\n","protected":false},"excerpt":{"rendered":"","protected":false},"author":1,"featured_media":0,"parent":16654,"menu_order":19,"comment_status":"closed","ping_status":"closed","template":"","meta":{"footnotes":""},"class_list":["post-16579","page","type-page","status-publish","hentry"],"yoast_head":"<!-- This site is optimized with the Yoast SEO plugin v27.3 - https:\/\/yoast.com\/product\/yoast-seo-wordpress\/ -->\n<title>Terapia de grupo de habilidades de afrontamiento para adolescentes<\/title>\n<meta name=\"description\" content=\"Este grupo se basa en la Terapia Dial\u00e9ctica Conductual y proporciona habilidades para identificar emociones, pensamientos y posibles conductas problem\u00e1ticas.\" \/>\n<meta name=\"robots\" content=\"index, follow, max-snippet:-1, max-image-preview:large, max-video-preview:-1\" \/>\n<link rel=\"canonical\" href=\"https:\/\/pauquette.com\/es\/servicios-de-salud-mental\/terapia-de-grupo-de-habilidades-de-afrontamiento-para-adolescentes\/\" \/>\n<meta property=\"og:locale\" content=\"es_ES\" \/>\n<meta property=\"og:type\" content=\"article\" \/>\n<meta property=\"og:title\" content=\"Terapia de grupo de habilidades de afrontamiento para adolescentes\" \/>\n<meta property=\"og:description\" content=\"Este grupo se basa en la Terapia Dial\u00e9ctica Conductual y proporciona habilidades para identificar emociones, pensamientos y posibles conductas problem\u00e1ticas.\" \/>\n<meta property=\"og:url\" content=\"https:\/\/pauquette.com\/es\/servicios-de-salud-mental\/terapia-de-grupo-de-habilidades-de-afrontamiento-para-adolescentes\/\" \/>\n<meta property=\"og:site_name\" content=\"Pauquette Center\" \/>\n<meta property=\"article:publisher\" content=\"https:\/\/www.facebook.com\/pauquettecenter\" \/>\n<meta property=\"article:modified_time\" content=\"2025-05-29T19:58:54+00:00\" \/>\n<meta name=\"twitter:card\" content=\"summary_large_image\" \/>\n<meta name=\"twitter:label1\" content=\"Tiempo de lectura\" \/>\n\t<meta name=\"twitter:data1\" content=\"2 minutos\" \/>\n<script type=\"application\/ld+json\" class=\"yoast-schema-graph\">{\"@context\":\"https:\\\/\\\/schema.org\",\"@graph\":[{\"@type\":\"WebPage\",\"@id\":\"https:\\\/\\\/pauquette.com\\\/es\\\/servicios-de-salud-mental\\\/terapia-de-grupo-de-habilidades-de-afrontamiento-para-adolescentes\\\/\",\"url\":\"https:\\\/\\\/pauquette.com\\\/es\\\/servicios-de-salud-mental\\\/terapia-de-grupo-de-habilidades-de-afrontamiento-para-adolescentes\\\/\",\"name\":\"Terapia de grupo de habilidades de afrontamiento para adolescentes\",\"isPartOf\":{\"@id\":\"https:\\\/\\\/pauquette.com\\\/es\\\/#website\"},\"datePublished\":\"2024-12-03T19:07:19+00:00\",\"dateModified\":\"2025-05-29T19:58:54+00:00\",\"description\":\"Este grupo se basa en la Terapia Dial\u00e9ctica Conductual y proporciona habilidades para identificar emociones, pensamientos y posibles conductas problem\u00e1ticas.\",\"breadcrumb\":{\"@id\":\"https:\\\/\\\/pauquette.com\\\/es\\\/servicios-de-salud-mental\\\/terapia-de-grupo-de-habilidades-de-afrontamiento-para-adolescentes\\\/#breadcrumb\"},\"inLanguage\":\"es\",\"potentialAction\":[{\"@type\":\"ReadAction\",\"target\":[\"https:\\\/\\\/pauquette.com\\\/es\\\/servicios-de-salud-mental\\\/terapia-de-grupo-de-habilidades-de-afrontamiento-para-adolescentes\\\/\"]}]},{\"@type\":\"BreadcrumbList\",\"@id\":\"https:\\\/\\\/pauquette.com\\\/es\\\/servicios-de-salud-mental\\\/terapia-de-grupo-de-habilidades-de-afrontamiento-para-adolescentes\\\/#breadcrumb\",\"itemListElement\":[{\"@type\":\"ListItem\",\"position\":1,\"name\":\"Home\",\"item\":\"https:\\\/\\\/pauquette.com\\\/es\\\/pagina-de-inicio\\\/\"},{\"@type\":\"ListItem\",\"position\":2,\"name\":\"Servicios de Salud Mental\",\"item\":\"https:\\\/\\\/pauquette.com\\\/es\\\/servicios-de-salud-mental\\\/\"},{\"@type\":\"ListItem\",\"position\":3,\"name\":\"Terapia de grupo de habilidades de afrontamiento para adolescentes\"}]},{\"@type\":\"WebSite\",\"@id\":\"https:\\\/\\\/pauquette.com\\\/es\\\/#website\",\"url\":\"https:\\\/\\\/pauquette.com\\\/es\\\/\",\"name\":\"Pauquette Center\",\"description\":\"Compassionate professionals ready to serve your psychological needs.  Serving Columbia, Richland, Sauk, and adjacent counties.\",\"potentialAction\":[{\"@type\":\"SearchAction\",\"target\":{\"@type\":\"EntryPoint\",\"urlTemplate\":\"https:\\\/\\\/pauquette.com\\\/es\\\/?s={search_term_string}\"},\"query-input\":{\"@type\":\"PropertyValueSpecification\",\"valueRequired\":true,\"valueName\":\"search_term_string\"}}],\"inLanguage\":\"es\"}]}<\/script>\n<!-- \/ Yoast SEO plugin. -->","yoast_head_json":{"title":"Terapia de grupo de habilidades de afrontamiento para adolescentes","description":"Este grupo se basa en la Terapia Dial\u00e9ctica Conductual y proporciona habilidades para identificar emociones, pensamientos y posibles conductas problem\u00e1ticas.","robots":{"index":"index","follow":"follow","max-snippet":"max-snippet:-1","max-image-preview":"max-image-preview:large","max-video-preview":"max-video-preview:-1"},"canonical":"https:\/\/pauquette.com\/es\/servicios-de-salud-mental\/terapia-de-grupo-de-habilidades-de-afrontamiento-para-adolescentes\/","og_locale":"es_ES","og_type":"article","og_title":"Terapia de grupo de habilidades de afrontamiento para adolescentes","og_description":"Este grupo se basa en la Terapia Dial\u00e9ctica Conductual y proporciona habilidades para identificar emociones, pensamientos y posibles conductas problem\u00e1ticas.","og_url":"https:\/\/pauquette.com\/es\/servicios-de-salud-mental\/terapia-de-grupo-de-habilidades-de-afrontamiento-para-adolescentes\/","og_site_name":"Pauquette Center","article_publisher":"https:\/\/www.facebook.com\/pauquettecenter","article_modified_time":"2025-05-29T19:58:54+00:00","twitter_card":"summary_large_image","twitter_misc":{"Tiempo de lectura":"2 minutos"},"schema":{"@context":"https:\/\/schema.org","@graph":[{"@type":"WebPage","@id":"https:\/\/pauquette.com\/es\/servicios-de-salud-mental\/terapia-de-grupo-de-habilidades-de-afrontamiento-para-adolescentes\/","url":"https:\/\/pauquette.com\/es\/servicios-de-salud-mental\/terapia-de-grupo-de-habilidades-de-afrontamiento-para-adolescentes\/","name":"Terapia de grupo de habilidades de afrontamiento para adolescentes","isPartOf":{"@id":"https:\/\/pauquette.com\/es\/#website"},"datePublished":"2024-12-03T19:07:19+00:00","dateModified":"2025-05-29T19:58:54+00:00","description":"Este grupo se basa en la Terapia Dial\u00e9ctica Conductual y proporciona habilidades para identificar emociones, pensamientos y posibles conductas problem\u00e1ticas.","breadcrumb":{"@id":"https:\/\/pauquette.com\/es\/servicios-de-salud-mental\/terapia-de-grupo-de-habilidades-de-afrontamiento-para-adolescentes\/#breadcrumb"},"inLanguage":"es","potentialAction":[{"@type":"ReadAction","target":["https:\/\/pauquette.com\/es\/servicios-de-salud-mental\/terapia-de-grupo-de-habilidades-de-afrontamiento-para-adolescentes\/"]}]},{"@type":"BreadcrumbList","@id":"https:\/\/pauquette.com\/es\/servicios-de-salud-mental\/terapia-de-grupo-de-habilidades-de-afrontamiento-para-adolescentes\/#breadcrumb","itemListElement":[{"@type":"ListItem","position":1,"name":"Home","item":"https:\/\/pauquette.com\/es\/pagina-de-inicio\/"},{"@type":"ListItem","position":2,"name":"Servicios de Salud Mental","item":"https:\/\/pauquette.com\/es\/servicios-de-salud-mental\/"},{"@type":"ListItem","position":3,"name":"Terapia de grupo de habilidades de afrontamiento para adolescentes"}]},{"@type":"WebSite","@id":"https:\/\/pauquette.com\/es\/#website","url":"https:\/\/pauquette.com\/es\/","name":"Pauquette Center","description":"Compassionate professionals ready to serve your psychological needs.  Serving Columbia, Richland, Sauk, and adjacent counties.","potentialAction":[{"@type":"SearchAction","target":{"@type":"EntryPoint","urlTemplate":"https:\/\/pauquette.com\/es\/?s={search_term_string}"},"query-input":{"@type":"PropertyValueSpecification","valueRequired":true,"valueName":"search_term_string"}}],"inLanguage":"es"}]}},"jetpack_sharing_enabled":true,"jetpack_shortlink":"https:\/\/wp.me\/PakdW4-4jp","jetpack-related-posts":[{"id":16645,"url":"https:\/\/pauquette.com\/es\/formulario-de-contacto-para-nuevos-clientes\/","url_meta":{"origin":16579,"position":0},"title":"Formulario de contacto para nuevos clientes","author":"pauquette18","date":"27 de abril de 2019","format":false,"excerpt":"","rel":"","context":"Entrada similar","block_context":{"text":"Entrada similar","link":""},"img":{"alt_text":"","src":"","width":0,"height":0},"classes":[]},{"id":555,"url":"https:\/\/pauquette.com\/contact-us\/","url_meta":{"origin":16579,"position":1},"title":"Contact Us","author":"pauquette18","date":"13 de abril de 2018","format":false,"excerpt":"","rel":"","context":"Entrada similar","block_context":{"text":"Entrada similar","link":""},"img":{"alt_text":"","src":"","width":0,"height":0},"classes":[]},{"id":3485,"url":"https:\/\/pauquette.com\/pauquette-center-for-psychological-services-2-2\/","url_meta":{"origin":16579,"position":2},"title":"Home Page","author":"JoEllen Westendorf","date":"5 de junio de 2020","format":false,"excerpt":"","rel":"","context":"Entrada similar","block_context":{"text":"Entrada similar","link":""},"img":{"alt_text":"","src":"https:\/\/i0.wp.com\/pauquette.com\/wp-content\/uploads\/2025\/11\/1000000339-322x242.jpeg?resize=350%2C200&ssl=1","width":350,"height":200},"classes":[]},{"id":460,"url":"https:\/\/pauquette.com\/offices-and-locations\/","url_meta":{"origin":16579,"position":3},"title":"Pauquette Center Offices and Locations","author":"pauquette18","date":"12 de abril de 2018","format":false,"excerpt":"","rel":"","context":"Entrada similar","block_context":{"text":"Entrada similar","link":""},"img":{"alt_text":"","src":"","width":0,"height":0},"classes":[]},{"id":16682,"url":"https:\/\/pauquette.com\/es\/oficinas-y-ubicaciones-del-centro-pauquette\/","url_meta":{"origin":16579,"position":4},"title":"Oficinas y ubicaciones del Centro Pauquette","author":"pauquette18","date":"12 de abril de 2018","format":false,"excerpt":"","rel":"","context":"Entrada similar","block_context":{"text":"Entrada similar","link":""},"img":{"alt_text":"","src":"","width":0,"height":0},"classes":[]},{"id":16141,"url":"https:\/\/pauquette.com\/client-portal\/","url_meta":{"origin":16579,"position":5},"title":"Client Portal","author":"JoEllen Westendorf","date":"16 de abril de 2025","format":false,"excerpt":"","rel":"","context":"Entrada similar","block_context":{"text":"Entrada similar","link":""},"img":{"alt_text":"","src":"","width":0,"height":0},"classes":[]}],"_links":{"self":[{"href":"https:\/\/pauquette.com\/es\/wp-json\/wp\/v2\/pages\/16579","targetHints":{"allow":["GET"]}}],"collection":[{"href":"https:\/\/pauquette.com\/es\/wp-json\/wp\/v2\/pages"}],"about":[{"href":"https:\/\/pauquette.com\/es\/wp-json\/wp\/v2\/types\/page"}],"author":[{"embeddable":true,"href":"https:\/\/pauquette.com\/es\/wp-json\/wp\/v2\/users\/1"}],"replies":[{"embeddable":true,"href":"https:\/\/pauquette.com\/es\/wp-json\/wp\/v2\/comments?post=16579"}],"version-history":[{"count":4,"href":"https:\/\/pauquette.com\/es\/wp-json\/wp\/v2\/pages\/16579\/revisions"}],"predecessor-version":[{"id":16797,"href":"https:\/\/pauquette.com\/es\/wp-json\/wp\/v2\/pages\/16579\/revisions\/16797"}],"up":[{"embeddable":true,"href":"https:\/\/pauquette.com\/es\/wp-json\/wp\/v2\/pages\/16654"}],"wp:attachment":[{"href":"https:\/\/pauquette.com\/es\/wp-json\/wp\/v2\/media?parent=16579"}],"curies":[{"name":"wp","href":"https:\/\/api.w.org\/{rel}","templated":true}]}}