{"id":16572,"date":"2024-11-11T19:51:29","date_gmt":"2024-11-11T19:51:29","guid":{"rendered":"https:\/\/pauquette.com\/servicios-de-medicacion\/"},"modified":"2025-05-29T21:02:24","modified_gmt":"2025-05-29T21:02:24","slug":"servicios-de-medicacion","status":"publish","type":"page","link":"https:\/\/pauquette.com\/es\/servicios-de-salud-mental\/servicios-de-medicacion\/","title":{"rendered":"Servicios de medicaci\u00f3n"},"content":{"rendered":"<div class=\"fusion-fullwidth fullwidth-box fusion-builder-row-1 has-pattern-background has-mask-background nonhundred-percent-fullwidth non-hundred-percent-height-scrolling\" style=\"--awb-border-radius-top-left:0px;--awb-border-radius-top-right:0px;--awb-border-radius-bottom-right:0px;--awb-border-radius-bottom-left:0px;--awb-flex-wrap:wrap;\" ><div class=\"fusion-builder-row fusion-row\"><div class=\"fusion-layout-column fusion_builder_column fusion-builder-column-0 fusion_builder_column_1_1 1_1 fusion-one-full fusion-column-first fusion-column-last\" style=\"--awb-bg-size:cover;--awb-margin-bottom:0%;\" data-scroll-devices=\"small-visibility,medium-visibility,large-visibility\"><div class=\"fusion-column-wrapper fusion-column-has-shadow fusion-flex-column-wrapper-legacy\"><div class=\"fusion-text fusion-text-1\"><h1>Servicios de medicaci\u00f3n<\/h1>\n<\/div><div class=\"fusion-clearfix\"><\/div><\/div><\/div><div class=\"fusion-layout-column fusion_builder_column fusion-builder-column-1 fusion_builder_column_3_5 3_5 fusion-three-fifth fusion-column-first\" style=\"--awb-bg-size:cover;width:60%;width:calc(60% - ( ( 4% ) * 0.6 ) );margin-right: 4%;\"><div class=\"fusion-column-wrapper fusion-column-has-shadow fusion-flex-column-wrapper-legacy\"><div class=\"fusion-text fusion-text-2\"><p>Los servicios de medicaci\u00f3n son proporcionados por <a href=\"https:\/\/pauquette.com\/kym-pharo-dnp-pmhnp-bc-apnp\/\">Kym Pharo, DNP, PMHNP-BC, APNP.<\/a><\/p>\n<p>Para maximizar la eficacia, todos los clientes a los que se prescriba medicaci\u00f3n deben establecerse<br \/>\n(un m\u00ednimo de tres sesiones) con un terapeuta del Centro Pauquette.<\/p>\n<\/div><div class=\"fusion-clearfix\"><\/div><\/div><\/div><div class=\"fusion-layout-column fusion_builder_column fusion-builder-column-2 fusion_builder_column_2_5 2_5 fusion-two-fifth fusion-column-last\" style=\"--awb-bg-size:cover;width:40%;width:calc(40% - ( ( 4% ) * 0.4 ) );\"><div class=\"fusion-column-wrapper fusion-column-has-shadow fusion-flex-column-wrapper-legacy\"><div class=\"fusion-image-element in-legacy-container\" style=\"--awb-caption-title-font-family:var(--h2_typography-font-family);--awb-caption-title-font-weight:var(--h2_typography-font-weight);--awb-caption-title-font-style:var(--h2_typography-font-style);--awb-caption-title-size:var(--h2_typography-font-size);--awb-caption-title-transform:var(--h2_typography-text-transform);--awb-caption-title-line-height:var(--h2_typography-line-height);--awb-caption-title-letter-spacing:var(--h2_typography-letter-spacing);\"><span class=\" fusion-imageframe imageframe-none imageframe-1 hover-type-none\"><img data-recalc-dims=\"1\" decoding=\"async\" width=\"1280\" height=\"720\" title=\"pill-4579956_1280\" src=\"https:\/\/i0.wp.com\/pauquette.com\/wp-content\/uploads\/2024\/11\/pill-4579956_1280.jpg?resize=1280%2C720&#038;ssl=1\" alt class=\"img-responsive wp-image-16504\" srcset=\"https:\/\/i0.wp.com\/pauquette.com\/wp-content\/uploads\/2024\/11\/pill-4579956_1280.jpg?resize=199%2C112&amp;ssl=1 199w, https:\/\/i0.wp.com\/pauquette.com\/wp-content\/uploads\/2024\/11\/pill-4579956_1280.jpg?resize=200%2C113&amp;ssl=1 200w, https:\/\/i0.wp.com\/pauquette.com\/wp-content\/uploads\/2024\/11\/pill-4579956_1280.jpg?resize=322%2C181&amp;ssl=1 322w, https:\/\/i0.wp.com\/pauquette.com\/wp-content\/uploads\/2024\/11\/pill-4579956_1280.jpg?resize=400%2C225&amp;ssl=1 400w, https:\/\/i0.wp.com\/pauquette.com\/wp-content\/uploads\/2024\/11\/pill-4579956_1280.jpg?resize=522%2C294&amp;ssl=1 522w, https:\/\/i0.wp.com\/pauquette.com\/wp-content\/uploads\/2024\/11\/pill-4579956_1280.jpg?resize=600%2C338&amp;ssl=1 600w, https:\/\/i0.wp.com\/pauquette.com\/wp-content\/uploads\/2024\/11\/pill-4579956_1280.jpg?resize=768%2C432&amp;ssl=1 768w, https:\/\/i0.wp.com\/pauquette.com\/wp-content\/uploads\/2024\/11\/pill-4579956_1280.jpg?resize=800%2C450&amp;ssl=1 800w, https:\/\/i0.wp.com\/pauquette.com\/wp-content\/uploads\/2024\/11\/pill-4579956_1280.jpg?resize=1200%2C675&amp;ssl=1 1200w, https:\/\/i0.wp.com\/pauquette.com\/wp-content\/uploads\/2024\/11\/pill-4579956_1280.jpg?w=1280&amp;ssl=1 1280w\" sizes=\"(max-width: 800px) 100vw, 600px\" \/><\/span><\/div><div class=\"fusion-clearfix\"><\/div><\/div><\/div><\/div><\/div>\n","protected":false},"excerpt":{"rendered":"","protected":false},"author":1,"featured_media":0,"parent":16654,"menu_order":26,"comment_status":"closed","ping_status":"closed","template":"","meta":{"footnotes":""},"class_list":["post-16572","page","type-page","status-publish","hentry"],"yoast_head":"<!-- This site is optimized with the Yoast SEO plugin v27.3 - https:\/\/yoast.com\/product\/yoast-seo-wordpress\/ -->\n<title>Servicios de medicaci\u00f3n<\/title>\n<meta name=\"description\" content=\"El Centro Pauquette proporciona servicios de medicaci\u00f3n, los clientes a los que se prescribe medicaci\u00f3n deben establecerse con un terapeuta del Centro Pauquette.\" \/>\n<meta name=\"robots\" content=\"index, follow, max-snippet:-1, max-image-preview:large, max-video-preview:-1\" \/>\n<link rel=\"canonical\" href=\"https:\/\/pauquette.com\/es\/servicios-de-salud-mental\/servicios-de-medicacion\/\" \/>\n<meta property=\"og:locale\" content=\"es_ES\" \/>\n<meta property=\"og:type\" content=\"article\" \/>\n<meta property=\"og:title\" content=\"Servicios de medicaci\u00f3n\" \/>\n<meta property=\"og:description\" content=\"El Centro Pauquette proporciona servicios de medicaci\u00f3n, los clientes a los que se prescribe medicaci\u00f3n deben establecerse con un terapeuta del Centro Pauquette.\" \/>\n<meta property=\"og:url\" content=\"https:\/\/pauquette.com\/es\/servicios-de-salud-mental\/servicios-de-medicacion\/\" \/>\n<meta property=\"og:site_name\" content=\"Pauquette Center\" \/>\n<meta property=\"article:publisher\" content=\"https:\/\/www.facebook.com\/pauquettecenter\" \/>\n<meta property=\"article:modified_time\" content=\"2025-05-29T21:02:24+00:00\" \/>\n<meta name=\"twitter:card\" content=\"summary_large_image\" \/>\n<meta name=\"twitter:label1\" content=\"Tiempo de lectura\" \/>\n\t<meta name=\"twitter:data1\" content=\"1 minuto\" \/>\n<script type=\"application\/ld+json\" class=\"yoast-schema-graph\">{\"@context\":\"https:\\\/\\\/schema.org\",\"@graph\":[{\"@type\":\"WebPage\",\"@id\":\"https:\\\/\\\/pauquette.com\\\/es\\\/servicios-de-salud-mental\\\/servicios-de-medicacion\\\/\",\"url\":\"https:\\\/\\\/pauquette.com\\\/es\\\/servicios-de-salud-mental\\\/servicios-de-medicacion\\\/\",\"name\":\"Servicios de medicaci\u00f3n\",\"isPartOf\":{\"@id\":\"https:\\\/\\\/pauquette.com\\\/es\\\/#website\"},\"datePublished\":\"2024-11-11T19:51:29+00:00\",\"dateModified\":\"2025-05-29T21:02:24+00:00\",\"description\":\"El Centro Pauquette proporciona servicios de medicaci\u00f3n, los clientes a los que se prescribe medicaci\u00f3n deben establecerse con un terapeuta del Centro Pauquette.\",\"breadcrumb\":{\"@id\":\"https:\\\/\\\/pauquette.com\\\/es\\\/servicios-de-salud-mental\\\/servicios-de-medicacion\\\/#breadcrumb\"},\"inLanguage\":\"es\",\"potentialAction\":[{\"@type\":\"ReadAction\",\"target\":[\"https:\\\/\\\/pauquette.com\\\/es\\\/servicios-de-salud-mental\\\/servicios-de-medicacion\\\/\"]}]},{\"@type\":\"BreadcrumbList\",\"@id\":\"https:\\\/\\\/pauquette.com\\\/es\\\/servicios-de-salud-mental\\\/servicios-de-medicacion\\\/#breadcrumb\",\"itemListElement\":[{\"@type\":\"ListItem\",\"position\":1,\"name\":\"Home\",\"item\":\"https:\\\/\\\/pauquette.com\\\/es\\\/pagina-de-inicio\\\/\"},{\"@type\":\"ListItem\",\"position\":2,\"name\":\"Servicios de Salud Mental\",\"item\":\"https:\\\/\\\/pauquette.com\\\/es\\\/servicios-de-salud-mental\\\/\"},{\"@type\":\"ListItem\",\"position\":3,\"name\":\"Servicios de medicaci\u00f3n\"}]},{\"@type\":\"WebSite\",\"@id\":\"https:\\\/\\\/pauquette.com\\\/es\\\/#website\",\"url\":\"https:\\\/\\\/pauquette.com\\\/es\\\/\",\"name\":\"Pauquette Center\",\"description\":\"Compassionate professionals ready to serve your psychological needs.  Serving Columbia, Richland, Sauk, and adjacent counties.\",\"potentialAction\":[{\"@type\":\"SearchAction\",\"target\":{\"@type\":\"EntryPoint\",\"urlTemplate\":\"https:\\\/\\\/pauquette.com\\\/es\\\/?s={search_term_string}\"},\"query-input\":{\"@type\":\"PropertyValueSpecification\",\"valueRequired\":true,\"valueName\":\"search_term_string\"}}],\"inLanguage\":\"es\"}]}<\/script>\n<!-- \/ Yoast SEO plugin. -->","yoast_head_json":{"title":"Servicios de medicaci\u00f3n","description":"El Centro Pauquette proporciona servicios de medicaci\u00f3n, los clientes a los que se prescribe medicaci\u00f3n deben establecerse con un terapeuta del Centro Pauquette.","robots":{"index":"index","follow":"follow","max-snippet":"max-snippet:-1","max-image-preview":"max-image-preview:large","max-video-preview":"max-video-preview:-1"},"canonical":"https:\/\/pauquette.com\/es\/servicios-de-salud-mental\/servicios-de-medicacion\/","og_locale":"es_ES","og_type":"article","og_title":"Servicios de medicaci\u00f3n","og_description":"El Centro Pauquette proporciona servicios de medicaci\u00f3n, los clientes a los que se prescribe medicaci\u00f3n deben establecerse con un terapeuta del Centro Pauquette.","og_url":"https:\/\/pauquette.com\/es\/servicios-de-salud-mental\/servicios-de-medicacion\/","og_site_name":"Pauquette Center","article_publisher":"https:\/\/www.facebook.com\/pauquettecenter","article_modified_time":"2025-05-29T21:02:24+00:00","twitter_card":"summary_large_image","twitter_misc":{"Tiempo de lectura":"1 minuto"},"schema":{"@context":"https:\/\/schema.org","@graph":[{"@type":"WebPage","@id":"https:\/\/pauquette.com\/es\/servicios-de-salud-mental\/servicios-de-medicacion\/","url":"https:\/\/pauquette.com\/es\/servicios-de-salud-mental\/servicios-de-medicacion\/","name":"Servicios de medicaci\u00f3n","isPartOf":{"@id":"https:\/\/pauquette.com\/es\/#website"},"datePublished":"2024-11-11T19:51:29+00:00","dateModified":"2025-05-29T21:02:24+00:00","description":"El Centro Pauquette proporciona servicios de medicaci\u00f3n, los clientes a los que se prescribe medicaci\u00f3n deben establecerse con un terapeuta del Centro Pauquette.","breadcrumb":{"@id":"https:\/\/pauquette.com\/es\/servicios-de-salud-mental\/servicios-de-medicacion\/#breadcrumb"},"inLanguage":"es","potentialAction":[{"@type":"ReadAction","target":["https:\/\/pauquette.com\/es\/servicios-de-salud-mental\/servicios-de-medicacion\/"]}]},{"@type":"BreadcrumbList","@id":"https:\/\/pauquette.com\/es\/servicios-de-salud-mental\/servicios-de-medicacion\/#breadcrumb","itemListElement":[{"@type":"ListItem","position":1,"name":"Home","item":"https:\/\/pauquette.com\/es\/pagina-de-inicio\/"},{"@type":"ListItem","position":2,"name":"Servicios de Salud Mental","item":"https:\/\/pauquette.com\/es\/servicios-de-salud-mental\/"},{"@type":"ListItem","position":3,"name":"Servicios de medicaci\u00f3n"}]},{"@type":"WebSite","@id":"https:\/\/pauquette.com\/es\/#website","url":"https:\/\/pauquette.com\/es\/","name":"Pauquette Center","description":"Compassionate professionals ready to serve your psychological needs.  Serving Columbia, Richland, Sauk, and adjacent counties.","potentialAction":[{"@type":"SearchAction","target":{"@type":"EntryPoint","urlTemplate":"https:\/\/pauquette.com\/es\/?s={search_term_string}"},"query-input":{"@type":"PropertyValueSpecification","valueRequired":true,"valueName":"search_term_string"}}],"inLanguage":"es"}]}},"jetpack_sharing_enabled":true,"jetpack_shortlink":"https:\/\/wp.me\/PakdW4-4ji","jetpack-related-posts":[{"id":16645,"url":"https:\/\/pauquette.com\/es\/formulario-de-contacto-para-nuevos-clientes\/","url_meta":{"origin":16572,"position":0},"title":"Formulario de contacto para nuevos clientes","author":"pauquette18","date":"27 de abril de 2019","format":false,"excerpt":"","rel":"","context":"Entrada similar","block_context":{"text":"Entrada similar","link":""},"img":{"alt_text":"","src":"","width":0,"height":0},"classes":[]},{"id":555,"url":"https:\/\/pauquette.com\/contact-us\/","url_meta":{"origin":16572,"position":1},"title":"Contact Us","author":"pauquette18","date":"13 de abril de 2018","format":false,"excerpt":"","rel":"","context":"Entrada similar","block_context":{"text":"Entrada similar","link":""},"img":{"alt_text":"","src":"","width":0,"height":0},"classes":[]},{"id":3485,"url":"https:\/\/pauquette.com\/pauquette-center-for-psychological-services-2-2\/","url_meta":{"origin":16572,"position":2},"title":"Home Page","author":"JoEllen Westendorf","date":"5 de junio de 2020","format":false,"excerpt":"","rel":"","context":"Entrada similar","block_context":{"text":"Entrada similar","link":""},"img":{"alt_text":"","src":"https:\/\/i0.wp.com\/pauquette.com\/wp-content\/uploads\/2025\/11\/1000000339-322x242.jpeg?resize=350%2C200&ssl=1","width":350,"height":200},"classes":[]},{"id":460,"url":"https:\/\/pauquette.com\/offices-and-locations\/","url_meta":{"origin":16572,"position":3},"title":"Pauquette Center Offices and Locations","author":"pauquette18","date":"12 de abril de 2018","format":false,"excerpt":"","rel":"","context":"Entrada similar","block_context":{"text":"Entrada similar","link":""},"img":{"alt_text":"","src":"","width":0,"height":0},"classes":[]},{"id":16682,"url":"https:\/\/pauquette.com\/es\/oficinas-y-ubicaciones-del-centro-pauquette\/","url_meta":{"origin":16572,"position":4},"title":"Oficinas y ubicaciones del Centro Pauquette","author":"pauquette18","date":"12 de abril de 2018","format":false,"excerpt":"","rel":"","context":"Entrada similar","block_context":{"text":"Entrada similar","link":""},"img":{"alt_text":"","src":"","width":0,"height":0},"classes":[]},{"id":64,"url":"https:\/\/pauquette.com\/privacy-policy\/","url_meta":{"origin":16572,"position":5},"title":"Privacy Policy","author":"pauquette18","date":"6 de abril de 2018","format":false,"excerpt":"","rel":"","context":"Entrada similar","block_context":{"text":"Entrada similar","link":""},"img":{"alt_text":"","src":"","width":0,"height":0},"classes":[]}],"_links":{"self":[{"href":"https:\/\/pauquette.com\/es\/wp-json\/wp\/v2\/pages\/16572","targetHints":{"allow":["GET"]}}],"collection":[{"href":"https:\/\/pauquette.com\/es\/wp-json\/wp\/v2\/pages"}],"about":[{"href":"https:\/\/pauquette.com\/es\/wp-json\/wp\/v2\/types\/page"}],"author":[{"embeddable":true,"href":"https:\/\/pauquette.com\/es\/wp-json\/wp\/v2\/users\/1"}],"replies":[{"embeddable":true,"href":"https:\/\/pauquette.com\/es\/wp-json\/wp\/v2\/comments?post=16572"}],"version-history":[{"count":4,"href":"https:\/\/pauquette.com\/es\/wp-json\/wp\/v2\/pages\/16572\/revisions"}],"predecessor-version":[{"id":16820,"href":"https:\/\/pauquette.com\/es\/wp-json\/wp\/v2\/pages\/16572\/revisions\/16820"}],"up":[{"embeddable":true,"href":"https:\/\/pauquette.com\/es\/wp-json\/wp\/v2\/pages\/16654"}],"wp:attachment":[{"href":"https:\/\/pauquette.com\/es\/wp-json\/wp\/v2\/media?parent=16572"}],"curies":[{"name":"wp","href":"https:\/\/api.w.org\/{rel}","templated":true}]}}